{"id":3805,"date":"2025-06-25T11:45:01","date_gmt":"2025-06-25T08:45:01","guid":{"rendered":"https:\/\/jnats.eu\/?post_type=product&#038;p=3805"},"modified":"2026-01-27T16:22:07","modified_gmt":"2026-01-27T14:22:07","slug":"paruostas-skustis-vintazinis-skustuvas-thiers-issard-69","status":"publish","type":"product","link":"https:\/\/jnats.eu\/fr\/produit-2\/paruostas-skustis-vintazinis-skustuvas-thiers-issard-69\/","title":{"rendered":"Rasoir vintage pr\u00eat \u00e0 raser Thiers Issard 69"},"content":{"rendered":"<figure class=\"wp-block-embed is-type-video is-provider-youtube wp-block-embed-youtube wp-embed-aspect-16-9 wp-has-aspect-ratio\"><div class=\"wp-block-embed__wrapper\">\n<div class=\"video-container\"><iframe title=\"Raviver un rasoir droit vintage avec des pierres \u00e0 aiguiser \u00e9cossaises l\u00e9gendaires\" width=\"1170\" height=\"658\" src=\"https:\/\/www.youtube.com\/embed\/CxW5ThgQQ5U?feature=oembed\" frameborder=\"0\" allow=\"accelerometer; autoplay; clipboard-write; encrypted-media; gyroscope; picture-in-picture; web-share\" referrerpolicy=\"strict-origin-when-cross-origin\" allowfullscreen><\/iframe><\/div>\n<\/div><\/figure>","protected":false},"excerpt":{"rendered":"<p>Rasoir vintage Thiers Issard 69 Super Gnome Extra, neuf, jamais utilis\u00e9, seulement aff\u00fbt\u00e9, avec \u00e9tui en similicuir. Fabriqu\u00e9 au milieu du si\u00e8cle dernier. Ils sont toujours produits sous cette marque, mais leur qualit\u00e9 de traitement thermique et m\u00e9canique est inf\u00e9rieure \u00e0 celle des mod\u00e8les anciens. Ils sont appr\u00e9ci\u00e9s pour leur douceur de rasage. Le dos pr\u00e9sente des signes de corrosion, mais toutes les lames sont parfaitement intactes\u00a0; l&#039;aff\u00fbtage et l&#039;utilisation ne poseront donc aucun probl\u00e8me. La m\u00e9canique et la g\u00e9om\u00e9trie sont impeccables. Consultez attentivement les photos et la vid\u00e9o.<\/p>\n<ul>\n<li>Poids \u2013 47 g<\/li>\n<li>Dimensions de la lame \u2013 80x18x5 mm<\/li>\n<li>Plancher semi-creux<\/li>\n<\/ul>","protected":false},"featured_media":4806,"comment_status":"open","ping_status":"closed","template":"","meta":[],"product_brand":[],"product_cat":[23],"product_tag":[315],"class_list":{"0":"post-3805","1":"product","2":"type-product","3":"status-publish","4":"has-post-thumbnail","6":"product_cat-razors","7":"product_tag-thiers-issard-2","8":"product_shipping_class-light","10":"first","11":"outofstock","12":"sale","13":"shipping-taxable","14":"purchasable","15":"product-type-simple"},"_links":{"self":[{"href":"https:\/\/jnats.eu\/fr\/wp-json\/wp\/v2\/product\/3805","targetHints":{"allow":["GET"]}}],"collection":[{"href":"https:\/\/jnats.eu\/fr\/wp-json\/wp\/v2\/product"}],"about":[{"href":"https:\/\/jnats.eu\/fr\/wp-json\/wp\/v2\/types\/product"}],"replies":[{"embeddable":true,"href":"https:\/\/jnats.eu\/fr\/wp-json\/wp\/v2\/comments?post=3805"}],"wp:featuredmedia":[{"embeddable":true,"href":"https:\/\/jnats.eu\/fr\/wp-json\/wp\/v2\/media\/4806"}],"wp:attachment":[{"href":"https:\/\/jnats.eu\/fr\/wp-json\/wp\/v2\/media?parent=3805"}],"wp:term":[{"taxonomy":"product_brand","embeddable":true,"href":"https:\/\/jnats.eu\/fr\/wp-json\/wp\/v2\/product_brand?post=3805"},{"taxonomy":"product_cat","embeddable":true,"href":"https:\/\/jnats.eu\/fr\/wp-json\/wp\/v2\/product_cat?post=3805"},{"taxonomy":"product_tag","embeddable":true,"href":"https:\/\/jnats.eu\/fr\/wp-json\/wp\/v2\/product_tag?post=3805"}],"curies":[{"name":"wp","href":"https:\/\/api.w.org\/{rel}","templated":true}]}}