{"id":3879,"date":"2025-01-29T14:38:22","date_gmt":"2025-01-29T12:38:22","guid":{"rendered":"https:\/\/jnats.eu\/?post_type=product&#038;p=3879"},"modified":"2026-02-04T16:13:56","modified_gmt":"2026-02-04T14:13:56","slug":"naudoti-japoniski-vintaziniai-skustuvai-kamisori","status":"publish","type":"product","link":"https:\/\/jnats.eu\/fr\/produit-2\/naudoti-japoniski-vintaziniai-skustuvai-kamisori\/","title":{"rendered":"Rasoirs Kamisori japonais vintage usag\u00e9s"},"content":{"rendered":"<figure class=\"wp-block-embed is-type-video is-provider-youtube wp-block-embed-youtube wp-embed-aspect-16-9 wp-has-aspect-ratio\"><div class=\"wp-block-embed__wrapper\">\n<div class=\"video-container\"><iframe title=\"Kamisori\" width=\"1170\" height=\"658\" src=\"https:\/\/www.youtube.com\/embed\/Es3h28h7VN8?feature=oembed\" frameborder=\"0\" allow=\"accelerometer; autoplay; clipboard-write; encrypted-media; gyroscope; picture-in-picture; web-share\" referrerpolicy=\"strict-origin-when-cross-origin\" allowfullscreen><\/iframe><\/div>\n<\/div><\/figure>\n\n\n\n<p>Comme un sabre de samoura\u00ef traditionnel, ces Kamisori ont \u00e9t\u00e9 forg\u00e9s \u00e0 la main \u00e0 partir de deux couches, la partie tranchante en acier \u00e0 haute teneur en carbone et la couche de soutien en acier plus simple. La couche d'acier est cassante et dure, tandis que le fourreau apporte la souplesse n\u00e9cessaire.<\/p>\n\n\n\n<p>Les deux couches ne sont pas inoxydables, il faut donc toujours garder le rasoir sec apr\u00e8s le rasage et le prot\u00e9ger avec une fine couche d'huile. Pourquoi l'acier rouill\u00e9 a-t-il \u00e9t\u00e9 choisi pour ce rasoir ? Les rasoirs antirouille sont fabriqu\u00e9s \u00e0 partir d'un alliage qui pr\u00e9vient les taches de corrosion, mais qui est \u00e9galement moins dur et moins tranchant. L'acier \u00e0 haute teneur en carbone, comme la couche tranchante de ce Kamisori, est beaucoup plus dur et permet un rasage en douceur beaucoup plus longtemps avant d'avoir besoin d'\u00eatre aiguis\u00e9 \u00e0 nouveau, et il peut \u00eatre aiguis\u00e9 beaucoup plus finement !<\/p>","protected":false},"excerpt":{"rendered":"<ul>\n<li>Rasoirs Kamisori japonais vintage usag\u00e9s<\/li>\n<li>L\u00e9g\u00e8rement affect\u00e9 par la corrosion.<\/li>\n<li>Si vous ne voyez pas l'article dans la liste, c'est qu'il est vendu.<\/li>\n<\/ul>","protected":false},"featured_media":3883,"comment_status":"open","ping_status":"closed","template":"","meta":[],"product_brand":[],"product_cat":[23],"product_tag":[25],"class_list":{"0":"post-3879","1":"product","2":"type-product","3":"status-publish","4":"has-post-thumbnail","6":"product_cat-razors","7":"product_tag-kamisori","8":"product_shipping_class-light","10":"first","11":"instock","12":"shipping-taxable","13":"purchasable","14":"product-type-variable"},"_links":{"self":[{"href":"https:\/\/jnats.eu\/fr\/wp-json\/wp\/v2\/product\/3879","targetHints":{"allow":["GET"]}}],"collection":[{"href":"https:\/\/jnats.eu\/fr\/wp-json\/wp\/v2\/product"}],"about":[{"href":"https:\/\/jnats.eu\/fr\/wp-json\/wp\/v2\/types\/product"}],"replies":[{"embeddable":true,"href":"https:\/\/jnats.eu\/fr\/wp-json\/wp\/v2\/comments?post=3879"}],"wp:featuredmedia":[{"embeddable":true,"href":"https:\/\/jnats.eu\/fr\/wp-json\/wp\/v2\/media\/3883"}],"wp:attachment":[{"href":"https:\/\/jnats.eu\/fr\/wp-json\/wp\/v2\/media?parent=3879"}],"wp:term":[{"taxonomy":"product_brand","embeddable":true,"href":"https:\/\/jnats.eu\/fr\/wp-json\/wp\/v2\/product_brand?post=3879"},{"taxonomy":"product_cat","embeddable":true,"href":"https:\/\/jnats.eu\/fr\/wp-json\/wp\/v2\/product_cat?post=3879"},{"taxonomy":"product_tag","embeddable":true,"href":"https:\/\/jnats.eu\/fr\/wp-json\/wp\/v2\/product_tag?post=3879"}],"curies":[{"name":"wp","href":"https:\/\/api.w.org\/{rel}","templated":true}]}}