{"id":394,"date":"2024-03-04T14:32:58","date_gmt":"2024-03-04T12:32:58","guid":{"rendered":"http:\/\/jnats.eu\/?post_type=product&#038;p=394"},"modified":"2024-12-27T19:01:11","modified_gmt":"2024-12-27T17:01:11","slug":"nakayama-asagi-daigokujo-finition-pierre-a-aiguiser-naturelle","status":"publish","type":"product","link":"https:\/\/jnats.eu\/fr\/produit-2\/nakayama-asagi-daigokujo-finition-pierre-a-aiguiser-naturelle\/","title":{"rendered":"Pierre \u00e0 aiguiser naturelle de finition Nakayama Asagi Daigokujo\u00a0"},"content":{"rendered":"<p>Il s&#039;agit d&#039;une pierre de finition \u00e0 aiguiser de qualit\u00e9 sup\u00e9rieure et, une fois termin\u00e9e, elle co\u00fbterait environ 2 500 \u20ac. Bien entendu, peu importe l\u2019ampleur des \u00e9cailles, le travail de la meule elle-m\u00eame ne change pas.<\/p>\n\n\n\n<p>La photo montre qu'il s'agit d'une pierre naturelle de la plus haute qualit\u00e9, d'autant plus qu'il s'agit d'une pierre Nakayama et que la finesse de sa texture est sup\u00e9rieure \u00e0 celle des autres pierres \u00e0 aiguiser.<\/p>\n\n\n\n<p>Les m\u00e9taux non ferreux et l&#039;acier deviendront semblables \u00e0 des miroirs, mais n&#039;appliqueront pas trop de force ; il suffit de travailler sur les grains abrasifs lib\u00e9r\u00e9s et \u00e0 la fin de se d\u00e9tendre et de poncer comme si vous \u00e9crasiez les grains abrasifs. \u00c0 cette p\u00e9riode de l\u2019ann\u00e9e, utilisez de l\u2019eau ti\u00e8de, semblable \u00e0 un bain, au lieu de l\u2019eau froide, car cela fera ressortir les meilleures qualit\u00e9s de la pierre.<\/p>\n\n\n\n<figure class=\"wp-block-embed is-type-video is-provider-youtube wp-block-embed-youtube wp-embed-aspect-16-9 wp-has-aspect-ratio\"><div class=\"wp-block-embed__wrapper\">\n<div class=\"video-container\"><iframe title=\"Nakayama Asagi Daigokujo Finishing Natural Whetstone Kamisori Henkotsu\" width=\"1170\" height=\"658\" src=\"https:\/\/www.youtube.com\/embed\/oMNIi4q7loc?feature=oembed\" frameborder=\"0\" allow=\"accelerometer; autoplay; clipboard-write; encrypted-media; gyroscope; picture-in-picture; web-share\" referrerpolicy=\"strict-origin-when-cross-origin\" allowfullscreen><\/iframe><\/div>\n<\/div><\/figure>","protected":false},"excerpt":{"rendered":"<ul>\n<li>Taille environ 204 x 76 x 28 mm<\/li>\n<li>Poids environ 970g<\/li>\n<li>Duret\u00e9 4,5<\/li>\n<li>Coin \u00e9br\u00e9ch\u00e9<\/li>\n<\/ul>","protected":false},"featured_media":400,"comment_status":"open","ping_status":"closed","template":"","meta":[],"product_brand":[],"product_cat":[22],"product_tag":[45,74,71,49],"class_list":{"0":"post-394","1":"product","2":"type-product","3":"status-publish","4":"has-post-thumbnail","6":"product_cat-jnats","7":"product_tag-asagi","8":"product_tag-daigokujo","9":"product_tag-finishing","10":"product_tag-nakayama","11":"product_shipping_class-iprastas","13":"first","14":"outofstock","15":"sale","16":"shipping-taxable","17":"purchasable","18":"product-type-simple"},"_links":{"self":[{"href":"https:\/\/jnats.eu\/fr\/wp-json\/wp\/v2\/product\/394","targetHints":{"allow":["GET"]}}],"collection":[{"href":"https:\/\/jnats.eu\/fr\/wp-json\/wp\/v2\/product"}],"about":[{"href":"https:\/\/jnats.eu\/fr\/wp-json\/wp\/v2\/types\/product"}],"replies":[{"embeddable":true,"href":"https:\/\/jnats.eu\/fr\/wp-json\/wp\/v2\/comments?post=394"}],"wp:featuredmedia":[{"embeddable":true,"href":"https:\/\/jnats.eu\/fr\/wp-json\/wp\/v2\/media\/400"}],"wp:attachment":[{"href":"https:\/\/jnats.eu\/fr\/wp-json\/wp\/v2\/media?parent=394"}],"wp:term":[{"taxonomy":"product_brand","embeddable":true,"href":"https:\/\/jnats.eu\/fr\/wp-json\/wp\/v2\/product_brand?post=394"},{"taxonomy":"product_cat","embeddable":true,"href":"https:\/\/jnats.eu\/fr\/wp-json\/wp\/v2\/product_cat?post=394"},{"taxonomy":"product_tag","embeddable":true,"href":"https:\/\/jnats.eu\/fr\/wp-json\/wp\/v2\/product_tag?post=394"}],"curies":[{"name":"wp","href":"https:\/\/api.w.org\/{rel}","templated":true}]}}