{"id":4004,"date":"2025-03-07T08:57:39","date_gmt":"2025-03-07T06:57:39","guid":{"rendered":"https:\/\/jnats.eu\/?post_type=product&#038;p=4004"},"modified":"2026-03-08T02:05:45","modified_gmt":"2026-03-08T00:05:45","slug":"kasetine-deka-teac-v-7000","status":"publish","type":"product","link":"https:\/\/jnats.eu\/fr\/produit-2\/kasetine-deka-teac-v-7000\/","title":{"rendered":"Couverture de cassette TEAC V-7000"},"content":{"rendered":"<p>Le V-7000 a \u00e9t\u00e9 lanc\u00e9 en 1990 et \u00e9tait le mod\u00e8le le plus populaire \u00e0 l'\u00e9poque. Il existe \u00e9galement un mod\u00e8le sup\u00e9rieur, le V-8000S, qui est apparu en 1991 sous la forme d'un V-7000 modifi\u00e9 et am\u00e9lior\u00e9 et qui est devenu le mod\u00e8le de pointe, rel\u00e9guant le 7000 \u00e0 la deuxi\u00e8me place.<\/p>\n\n\n\n<p>Apr\u00e8s le V-9000, TEAC a enti\u00e8rement redessin\u00e9 le V-9000, de sorte que la nouvelle s\u00e9rie, dont le V-7000 \u00e9tait le porte-drapeau, pouvait \u00eatre consid\u00e9r\u00e9e comme ayant \u00e9t\u00e9 cr\u00e9\u00e9e \u00e0 partir de z\u00e9ro et que tous les mod\u00e8les ult\u00e9rieurs, tels que le V-8000S, le V-7010, le V-8030S, \u00e9taient essentiellement une mise \u00e0 niveau de la s\u00e9rie V-8000S.<\/p>\n\n\n\n<p>Il a \u00e9t\u00e9 produit \u00e0 la fois pour le march\u00e9 int\u00e9rieur et pour l'exportation, en argent et en noir. En outre, le noir n'\u00e9tait pas demand\u00e9 au Japon et y est assez rare.<\/p>\n\n\n\n<p>Le TEAC V-7000 dispose d'un large \u00e9ventail de fonctions et garantit un son de haute qualit\u00e9.<\/p>\n\n\n\n<p>Corps robuste, panneau frontal en m\u00e9tal.<\/p>\n\n\n\n<p>Moteur LPM 4, \u00e0 deux arbres avec conduit ferm\u00e9.<\/p>\n\n\n\n<p>Le moteur est dot\u00e9 d'une stabilisation \u00e0 quartz et d'un entra\u00eenement direct de l'arbre.<\/p>\n\n\n\n<p>Le deuxi\u00e8me moteur est responsable du rembobinage et les deux autres sont responsables du chargement de la cassette et du levage de l'unit\u00e9 principale.<\/p>\n\n\n\n<p>Syst\u00e8me \u00e0 3 t\u00eates, t\u00eates amorphes au cobalt avec enroulement PC-OCC en cuivre pur (99,997%)<\/p>\n\n\n\n<p>Comme il sied \u00e0 un d\u00e9ca de qualit\u00e9, il dispose d'une fonction d'\u00e9talonnage des films. Le calibrateur est manuel, contrairement \u00e0 beaucoup de ses concurrents, le calibrage est effectu\u00e9 pour chaque canal individuellement en fonction du niveau et de la magn\u00e9tisation, ce qui permet un ajustement plus pr\u00e9cis de la t\u00eate \u00e0 la bande sp\u00e9cifique. La magn\u00e9tisation est de 210 kHz, mais il est int\u00e9ressant de noter que la fr\u00e9quence a \u00e9t\u00e9 r\u00e9duite \u00e0 150 kHz dans le mod\u00e8le suivant, le V-7010.<\/p>\n\n\n\n<p>Il est dot\u00e9 de la r\u00e9duction du bruit Dolby B et C et du syst\u00e8me de d\u00e9calage dynamique HX-PRO.<\/p>\n\n\n\n<p>T\u00e9l\u00e9commande IR RC-394 incluse<\/p>\n\n\n\n<p>Le TEAC V-7000 a \u00e9t\u00e9 produit pendant environ deux ans, a joui d'une grande popularit\u00e9 et a \u00e9t\u00e9 commercialis\u00e9 en grand nombre.<\/p>\n\n\n\n<figure class=\"wp-block-embed is-type-video is-provider-youtube wp-block-embed-youtube wp-embed-aspect-16-9 wp-has-aspect-ratio\"><div class=\"wp-block-embed__wrapper\">\n<div class=\"video-container\"><iframe title=\"Couverture de cassette TEAC V-7000\" width=\"1170\" height=\"658\" src=\"https:\/\/www.youtube.com\/embed\/84KSrB6kiAI?feature=oembed\" frameborder=\"0\" allow=\"accelerometer; autoplay; clipboard-write; encrypted-media; gyroscope; picture-in-picture; web-share\" referrerpolicy=\"strict-origin-when-cross-origin\" allowfullscreen><\/iframe><\/div>\n<\/div><\/figure>\n\n\n\n<figure class=\"wp-block-image size-full\"><img decoding=\"async\" width=\"873\" height=\"740\" src=\"https:\/\/jnats.eu\/wp-content\/uploads\/2025\/03\/5cb9ba293cb3fcf398bad99bf37488bb_873x740.93076923077.jpg\" alt=\"\" class=\"wp-image-4005\" srcset=\"https:\/\/jnats.eu\/wp-content\/uploads\/2025\/03\/5cb9ba293cb3fcf398bad99bf37488bb_873x740.93076923077.jpg 873w, https:\/\/jnats.eu\/wp-content\/uploads\/2025\/03\/5cb9ba293cb3fcf398bad99bf37488bb_873x740.93076923077-300x254.jpg 300w, https:\/\/jnats.eu\/wp-content\/uploads\/2025\/03\/5cb9ba293cb3fcf398bad99bf37488bb_873x740.93076923077-768x651.jpg 768w, https:\/\/jnats.eu\/wp-content\/uploads\/2025\/03\/5cb9ba293cb3fcf398bad99bf37488bb_873x740.93076923077-14x12.jpg 14w, https:\/\/jnats.eu\/wp-content\/uploads\/2025\/03\/5cb9ba293cb3fcf398bad99bf37488bb_873x740.93076923077-441x374.jpg 441w, https:\/\/jnats.eu\/wp-content\/uploads\/2025\/03\/5cb9ba293cb3fcf398bad99bf37488bb_873x740.93076923077-600x509.jpg 600w, https:\/\/jnats.eu\/wp-content\/uploads\/2025\/03\/5cb9ba293cb3fcf398bad99bf37488bb_873x740.93076923077-150x127.jpg 150w\" sizes=\"(max-width: 873px) 100vw, 873px\" \/><\/figure>","protected":false},"excerpt":{"rendered":"<ul>\n<li>Couverture de cassette TEAC V-7000<\/li>\n<li>Il y a une petite \u00e9raflure sur la face avant<\/li>\n<li>Excellent \u00e9tat g\u00e9n\u00e9ral<\/li>\n<li>Pour le march\u00e9 japonais<\/li>\n<li>Alimentation 110v, convertisseur 220v inclus<\/li>\n<\/ul>","protected":false},"featured_media":4017,"comment_status":"open","ping_status":"closed","template":"","meta":[],"product_brand":[],"product_cat":[],"product_tag":[321,320,319],"class_list":{"0":"post-4004","1":"product","2":"type-product","3":"status-publish","4":"has-post-thumbnail","6":"product_tag-kasetine-deka","7":"product_tag-teac","8":"product_tag-v-7000","9":"product_shipping_class-sunkus","11":"first","12":"outofstock","13":"sale","14":"shipping-taxable","15":"purchasable","16":"product-type-simple"},"_links":{"self":[{"href":"https:\/\/jnats.eu\/fr\/wp-json\/wp\/v2\/product\/4004","targetHints":{"allow":["GET"]}}],"collection":[{"href":"https:\/\/jnats.eu\/fr\/wp-json\/wp\/v2\/product"}],"about":[{"href":"https:\/\/jnats.eu\/fr\/wp-json\/wp\/v2\/types\/product"}],"replies":[{"embeddable":true,"href":"https:\/\/jnats.eu\/fr\/wp-json\/wp\/v2\/comments?post=4004"}],"wp:featuredmedia":[{"embeddable":true,"href":"https:\/\/jnats.eu\/fr\/wp-json\/wp\/v2\/media\/4017"}],"wp:attachment":[{"href":"https:\/\/jnats.eu\/fr\/wp-json\/wp\/v2\/media?parent=4004"}],"wp:term":[{"taxonomy":"product_brand","embeddable":true,"href":"https:\/\/jnats.eu\/fr\/wp-json\/wp\/v2\/product_brand?post=4004"},{"taxonomy":"product_cat","embeddable":true,"href":"https:\/\/jnats.eu\/fr\/wp-json\/wp\/v2\/product_cat?post=4004"},{"taxonomy":"product_tag","embeddable":true,"href":"https:\/\/jnats.eu\/fr\/wp-json\/wp\/v2\/product_tag?post=4004"}],"curies":[{"name":"wp","href":"https:\/\/api.w.org\/{rel}","templated":true}]}}