{"id":401,"date":"2024-03-04T14:43:17","date_gmt":"2024-03-04T12:43:17","guid":{"rendered":"http:\/\/jnats.eu\/?post_type=product&#038;p=401"},"modified":"2025-07-12T08:41:41","modified_gmt":"2025-07-12T05:41:41","slug":"red-pin-%e8%b5%a4%e3%83%94%e3%83%b3%e7%a0%a5%e7%9f%b3-finishing-natural-whetstone","status":"publish","type":"product","link":"https:\/\/jnats.eu\/fr\/produit-2\/red-pin-%e8%b5%a4%e3%83%94%e3%83%b3%e7%a0%a5%e7%9f%b3-finishing-natural-whetstone\/","title":{"rendered":"Ozuku Ikimurasaki \u8d64\u30d4\u30f3\u7825\u77f3 Finition Pierre \u00e0 aiguiser naturelle"},"content":{"rendered":"<ul class=\"wp-block-list\">\n<li>Taille env. 14,6 x 8,2 x 2,3 cm<\/li>\n\n\n\n<li>Poids env. 650 gr<\/li>\n<\/ul>\n\n\n\n<p>Une excellente pierre de finition pour l'aff\u00fbtage, d'une duret\u00e9 suffisante. L'Ikimurasaki est notamment connu pour sa bonne r\u00e9action \u00e0 l'acier et est souvent utilis\u00e9 pour l'aff\u00fbtage des rasoirs. Bien que cet article ne soit pas neuf, il semble avoir \u00e9t\u00e9 utilis\u00e9 avec beaucoup de soin et d'attention et a laiss\u00e9 une tr\u00e8s bonne impression.<\/p>\n\n\n\n<p>Le tranchant d&#039;un rasoir est directement li\u00e9 \u00e0 la valeur des barbiers, et il semble que dans le pass\u00e9, de nombreux barbiers d\u00e9pensaient beaucoup d&#039;argent en pierres naturelles. R\u00e9cemment, le changement de lame est devenu courant en raison des difficult\u00e9s li\u00e9es \u00e0 l&#039;aff\u00fbtage des rasoirs et du point de vue de l&#039;hygi\u00e8ne, mais certains salons de coiffure utilisent encore de telles pierres \u00e0 aiguiser et en conservent certaines dans une armoire st\u00e9rilis\u00e9e.<br>Il reste tr\u00e8s peu de pierres rouges Nakayama ou Ozuku, m\u00eame dans les boutiques de Kyoto. Il s'agit d'une pierre tr\u00e8s pr\u00e9cieuse.<\/p>\n\n\n\n<p>Veillez \u00e0 utiliser de l'eau chaude pour l'aiguisage. Il s'agit d'une bonne pierre naturelle japonaise.<\/p>\n\n\n\n<p><\/p>","protected":false},"excerpt":{"rendered":"<p><!-- wp:list --><\/p>\n<ul><!-- wp:list-item --><\/p>\n<li>Taille env. 14,6 x 8,2 x 2,3 cm<\/li>\n<p><!-- \/wp:list-item --><\/p>\n<p><!-- wp:list-item --><\/p>\n<li>Poids env. 650 gr<\/li>\n<li>Duret\u00e9 Niv 4,5<\/li>\n<\/ul>","protected":false},"featured_media":406,"comment_status":"open","ping_status":"closed","template":"","meta":[],"product_brand":[],"product_cat":[22],"product_tag":[71,90,91],"class_list":{"0":"post-401","1":"product","2":"type-product","3":"status-publish","4":"has-post-thumbnail","6":"product_cat-jnats","7":"product_tag-finishing","8":"product_tag-natural-whetstone","9":"product_tag-red-pin","10":"product_shipping_class-iprastas","12":"first","13":"outofstock","14":"sale","15":"shipping-taxable","16":"purchasable","17":"product-type-simple"},"_links":{"self":[{"href":"https:\/\/jnats.eu\/fr\/wp-json\/wp\/v2\/product\/401","targetHints":{"allow":["GET"]}}],"collection":[{"href":"https:\/\/jnats.eu\/fr\/wp-json\/wp\/v2\/product"}],"about":[{"href":"https:\/\/jnats.eu\/fr\/wp-json\/wp\/v2\/types\/product"}],"replies":[{"embeddable":true,"href":"https:\/\/jnats.eu\/fr\/wp-json\/wp\/v2\/comments?post=401"}],"wp:featuredmedia":[{"embeddable":true,"href":"https:\/\/jnats.eu\/fr\/wp-json\/wp\/v2\/media\/406"}],"wp:attachment":[{"href":"https:\/\/jnats.eu\/fr\/wp-json\/wp\/v2\/media?parent=401"}],"wp:term":[{"taxonomy":"product_brand","embeddable":true,"href":"https:\/\/jnats.eu\/fr\/wp-json\/wp\/v2\/product_brand?post=401"},{"taxonomy":"product_cat","embeddable":true,"href":"https:\/\/jnats.eu\/fr\/wp-json\/wp\/v2\/product_cat?post=401"},{"taxonomy":"product_tag","embeddable":true,"href":"https:\/\/jnats.eu\/fr\/wp-json\/wp\/v2\/product_tag?post=401"}],"curies":[{"name":"wp","href":"https:\/\/api.w.org\/{rel}","templated":true}]}}