{"id":4031,"date":"2026-01-03T10:10:38","date_gmt":"2026-01-03T08:10:38","guid":{"rendered":"https:\/\/jnats.eu\/?post_type=product&#038;p=4031"},"modified":"2026-01-15T12:57:28","modified_gmt":"2026-01-15T10:57:28","slug":"nenaudoti-chobomasa-vintaziniai-japoniski-skustuvai-kamisori","status":"publish","type":"product","link":"https:\/\/jnats.eu\/fr\/produit-2\/nenaudoti-chobomasa-vintaziniai-japoniski-skustuvai-kamisori\/","title":{"rendered":"Rasoirs kamisori japonais vintage inutilis\u00e9s Chobomasa"},"content":{"rendered":"<figure class=\"wp-block-embed is-type-video is-provider-youtube wp-block-embed-youtube wp-embed-aspect-9-16 wp-has-aspect-ratio\"><div class=\"wp-block-embed__wrapper\">\n<div class=\"video-container\"><iframe title=\"Chobomasa kamisori japonais vintage\" width=\"563\" height=\"1000\" src=\"https:\/\/www.youtube.com\/embed\/UT2s0rEBxoQ?feature=oembed\" frameborder=\"0\" allow=\"accelerometer; autoplay; clipboard-write; encrypted-media; gyroscope; picture-in-picture; web-share\" referrerpolicy=\"strict-origin-when-cross-origin\" allowfullscreen><\/iframe><\/div>\n<\/div><\/figure>","protected":false},"excerpt":{"rendered":"<ul>\n<li>Comme le sabre traditionnel des samoura\u00efs, le katana, ces kamisori ont \u00e9t\u00e9 forg\u00e9s \u00e0 la main en deux parties. La partie tranchante est en acier \u00e0 haute teneur en carbone, tandis que la couche de soutien est en acier plus simple. La couche d'acier est dure, tandis que le cadre plus souple offre la r\u00e9sistance n\u00e9cessaire \u00e0 la rupture.<\/li>\n<li>Un peu de moelle est visible. Rouille \u00e9limin\u00e9e avec le papier #2500 6-source et la p\u00e2te diamant\u00e9e Venev 7\/5.<\/li>\n<li>Les premiers acheteurs obtiendront un meilleur kamisori ! Ensuite, nous vendrons les restes \u00e0 un prix inf\u00e9rieur.<\/li>\n<li>Tous les rasoirs sont l\u00e9g\u00e8rement diff\u00e9rents car ils sont fabriqu\u00e9s \u00e0 la main.<\/li>\n<li>Poids : 32 g.<\/li>\n<li>Longueur totale : 140 mm<\/li>\n<li>Hauteur : 18 mm<\/li>\n<li>\u00c9paisseur du ruban : 6 mm<\/li>\n<li>Longueur de la lame : 43 mm<\/li>\n<\/ul>","protected":false},"featured_media":5566,"comment_status":"open","ping_status":"closed","template":"","meta":[],"product_brand":[],"product_cat":[23],"product_tag":[322,25],"class_list":{"0":"post-4031","1":"product","2":"type-product","3":"status-publish","4":"has-post-thumbnail","6":"product_cat-razors","7":"product_tag-chobomasa","8":"product_tag-kamisori","9":"product_shipping_class-light","11":"first","12":"outofstock","13":"shipping-taxable","14":"product-type-variable"},"_links":{"self":[{"href":"https:\/\/jnats.eu\/fr\/wp-json\/wp\/v2\/product\/4031","targetHints":{"allow":["GET"]}}],"collection":[{"href":"https:\/\/jnats.eu\/fr\/wp-json\/wp\/v2\/product"}],"about":[{"href":"https:\/\/jnats.eu\/fr\/wp-json\/wp\/v2\/types\/product"}],"replies":[{"embeddable":true,"href":"https:\/\/jnats.eu\/fr\/wp-json\/wp\/v2\/comments?post=4031"}],"wp:featuredmedia":[{"embeddable":true,"href":"https:\/\/jnats.eu\/fr\/wp-json\/wp\/v2\/media\/5566"}],"wp:attachment":[{"href":"https:\/\/jnats.eu\/fr\/wp-json\/wp\/v2\/media?parent=4031"}],"wp:term":[{"taxonomy":"product_brand","embeddable":true,"href":"https:\/\/jnats.eu\/fr\/wp-json\/wp\/v2\/product_brand?post=4031"},{"taxonomy":"product_cat","embeddable":true,"href":"https:\/\/jnats.eu\/fr\/wp-json\/wp\/v2\/product_cat?post=4031"},{"taxonomy":"product_tag","embeddable":true,"href":"https:\/\/jnats.eu\/fr\/wp-json\/wp\/v2\/product_tag?post=4031"}],"curies":[{"name":"wp","href":"https:\/\/api.w.org\/{rel}","templated":true}]}}