{"id":4063,"date":"2025-03-17T15:13:08","date_gmt":"2025-03-17T13:13:08","guid":{"rendered":"https:\/\/jnats.eu\/?post_type=product&#038;p=4063"},"modified":"2025-03-18T09:06:03","modified_gmt":"2025-03-18T07:06:03","slug":"aiwatani-karasu-naturalus-japoniskas-akmuo-galandinimui","status":"publish","type":"product","link":"https:\/\/jnats.eu\/fr\/produit-2\/aiwatani-karasu-naturalus-japoniskas-akmuo-galandinimui\/","title":{"rendered":"Pierre \u00e0 aiguiser japonaise naturelle Aiwatani Karasu"},"content":{"rendered":"<p><strong>Aiwatani Karasu<\/strong> <strong>Pierre de taille naturelle japonaise<\/strong><\/p>\n\n\n\n<p>Aiwatani est une pierre \u00e0 aiguiser naturelle japonaise de haute qualit\u00e9 pour un aiguisage exceptionnel des couteaux et des outils. Extraite d'anciennes mines japonaises, cette pierre a une texture extr\u00eamement fine, ce qui lui permet d'atteindre un tranchant impeccable et une surface semblable \u00e0 un miroir.<\/p>\n\n\n\n<figure class=\"wp-block-embed is-type-video is-provider-youtube wp-block-embed-youtube wp-embed-aspect-16-9 wp-has-aspect-ratio\"><div class=\"wp-block-embed__wrapper\">\n<div class=\"video-container\"><iframe title=\"Pierres \u00e0 aiguiser japonaises naturelles Aiwatani\" width=\"1170\" height=\"658\" src=\"https:\/\/www.youtube.com\/embed\/7KUe1vRixzw?feature=oembed\" frameborder=\"0\" allow=\"accelerometer; autoplay; clipboard-write; encrypted-media; gyroscope; picture-in-picture; web-share\" referrerpolicy=\"strict-origin-when-cross-origin\" allowfullscreen><\/iframe><\/div>\n<\/div><\/figure>\n\n\n\n<p>\ud83d\udd39 <strong>Haute qualit\u00e9<\/strong> - Authentique pierre naturelle du Japon.<br>\ud83d\udd39 <strong>Vitesse moyenne de broyage<\/strong> - permet d'obtenir une surface de coupe lisse et r\u00e9guli\u00e8re.<br>\ud83d\udd39 <strong>Utilisation polyvalente<\/strong> - Convient pour les couteaux de cuisine, les outils de menuiserie ou de sculpture.<br>\ud83d\udd39 <strong>Durable<\/strong> - se distinguent par leur durabilit\u00e9 et leur usure \u00e9conomique.<\/p>\n\n\n\n<p>D\u00e9couvrez la v\u00e9ritable ma\u00eetrise japonaise de l'aiguisage avec la pierre naturelle Aiwatani !<\/p>","protected":false},"excerpt":{"rendered":"<ul class=\"wp-block-list\">\n<li>Convient pour les couteaux de finition, les ciseaux, les outils de menuiserie et autres.<\/li>\n<li>Dimensions approximatives : 220x130x22 mm<\/li>\n<li>Poids : 1450 g<\/li>\n<li>Duret\u00e9 : Lv 4<\/li>\n<li>Les lignes sont s\u00e9curis\u00e9es<\/li>\n<li>Vitesse de fonctionnement moyenne. L'acc\u00e9l\u00e9ration peut \u00eatre obtenue avec une suspension \u00e0 clous ou une plaque diamant\u00e9e rugueuse.<\/li>\n<li>Couvercle inf\u00e9rieur avec vernis<\/li>\n<li>Il est recommand\u00e9 de travailler avec de l'eau chaude, car l'eau froide nuit \u00e0 la rapidit\u00e9 et \u00e0 la r\u00e9activit\u00e9.<\/li>\n<\/ul>","protected":false},"featured_media":4067,"comment_status":"open","ping_status":"closed","template":"","meta":[],"product_brand":[],"product_cat":[22],"product_tag":[65,57],"class_list":{"0":"post-4063","1":"product","2":"type-product","3":"status-publish","4":"has-post-thumbnail","6":"product_cat-jnats","7":"product_tag-aiwatani","8":"product_tag-karasu","9":"product_shipping_class-iprastas","11":"first","12":"outofstock","13":"shipping-taxable","14":"purchasable","15":"product-type-simple"},"_links":{"self":[{"href":"https:\/\/jnats.eu\/fr\/wp-json\/wp\/v2\/product\/4063","targetHints":{"allow":["GET"]}}],"collection":[{"href":"https:\/\/jnats.eu\/fr\/wp-json\/wp\/v2\/product"}],"about":[{"href":"https:\/\/jnats.eu\/fr\/wp-json\/wp\/v2\/types\/product"}],"replies":[{"embeddable":true,"href":"https:\/\/jnats.eu\/fr\/wp-json\/wp\/v2\/comments?post=4063"}],"wp:featuredmedia":[{"embeddable":true,"href":"https:\/\/jnats.eu\/fr\/wp-json\/wp\/v2\/media\/4067"}],"wp:attachment":[{"href":"https:\/\/jnats.eu\/fr\/wp-json\/wp\/v2\/media?parent=4063"}],"wp:term":[{"taxonomy":"product_brand","embeddable":true,"href":"https:\/\/jnats.eu\/fr\/wp-json\/wp\/v2\/product_brand?post=4063"},{"taxonomy":"product_cat","embeddable":true,"href":"https:\/\/jnats.eu\/fr\/wp-json\/wp\/v2\/product_cat?post=4063"},{"taxonomy":"product_tag","embeddable":true,"href":"https:\/\/jnats.eu\/fr\/wp-json\/wp\/v2\/product_tag?post=4063"}],"curies":[{"name":"wp","href":"https:\/\/api.w.org\/{rel}","templated":true}]}}