{"id":4071,"date":"2025-03-17T15:18:56","date_gmt":"2025-03-17T13:18:56","guid":{"rendered":"https:\/\/jnats.eu\/?post_type=product&#038;p=4071"},"modified":"2025-03-18T09:06:16","modified_gmt":"2025-03-18T07:06:16","slug":"aiwatani-kiita-ikimurasaki-naturalus-japoniskas-akmuo-galandinimui","status":"publish","type":"product","link":"https:\/\/jnats.eu\/fr\/produit-2\/aiwatani-kiita-ikimurasaki-naturalus-japoniskas-akmuo-galandinimui\/","title":{"rendered":"Pierre \u00e0 aiguiser japonaise naturelle Aiwatani Kiita Ikimurasaki"},"content":{"rendered":"<p>Aiwatani est une pierre d'aff\u00fbtage naturelle japonaise d'une qualit\u00e9 exceptionnelle, comme si elle avait \u00e9t\u00e9 d\u00e9lib\u00e9r\u00e9ment cr\u00e9\u00e9e par la nature pour les artisans qui attachent de l'importance \u00e0 la pr\u00e9cision et \u00e0 la durabilit\u00e9. Cette pierre \u00e9limine doucement mais efficacement les in\u00e9galit\u00e9s, donnant \u00e0 la lame un tranchant impeccable et une surface lisse.<\/p>\n\n\n\n<figure class=\"wp-block-embed is-type-video is-provider-youtube wp-block-embed-youtube wp-embed-aspect-16-9 wp-has-aspect-ratio\"><div class=\"wp-block-embed__wrapper\">\n<div class=\"video-container\"><iframe title=\"Pierres \u00e0 aiguiser japonaises naturelles Aiwatani\" width=\"1170\" height=\"658\" src=\"https:\/\/www.youtube.com\/embed\/7KUe1vRixzw?feature=oembed\" frameborder=\"0\" allow=\"accelerometer; autoplay; clipboard-write; encrypted-media; gyroscope; picture-in-picture; web-share\" referrerpolicy=\"strict-origin-when-cross-origin\" allowfullscreen><\/iframe><\/div>\n<\/div><\/figure>\n\n\n\n<p>\u2705 <strong>100 % naturel<\/strong> - extraites de gisements japonais authentiques.<br>\u2705 <strong>Qualit\u00e9 d'aff\u00fbtage parfaite<\/strong> - donne aux couteaux et aux outils un aff\u00fbtage maximal.<br>\u2705 <strong>Facilit\u00e9 d'utilisation<\/strong> - Il suffit de peu d'efforts pour obtenir des r\u00e9sultats professionnels.<br>\u2705 <strong>Durabilit\u00e9<\/strong> - Durable et r\u00e9sistant \u00e0 l'usure.<\/p>\n\n\n\n<p>Le choix id\u00e9al pour les professionnels et les amateurs d'outils tranchants !<\/p>","protected":false},"excerpt":{"rendered":"<ul class=\"wp-block-list\">\n<li>Convient pour les couteaux de finition, les ciseaux, les outils de menuiserie et autres.<\/li>\n<li>Dimensions approximatives : 210x118x42 mm<\/li>\n<li>Poids : 2130 g<\/li>\n<li>Duret\u00e9 : Lv 3.5<\/li>\n<li>Vitesse de fonctionnement moyenne. L'acc\u00e9l\u00e9ration peut \u00eatre obtenue avec une suspension \u00e0 clous ou une plaque diamant\u00e9e rugueuse.<\/li>\n<li>Il est recommand\u00e9 de travailler avec de l'eau chaude, car l'eau froide nuit \u00e0 la rapidit\u00e9 et \u00e0 la r\u00e9activit\u00e9.<\/li>\n<\/ul>","protected":false},"featured_media":4074,"comment_status":"open","ping_status":"closed","template":"","meta":[],"product_brand":[],"product_cat":[22],"product_tag":[65,141],"class_list":{"0":"post-4071","1":"product","2":"type-product","3":"status-publish","4":"has-post-thumbnail","6":"product_cat-jnats","7":"product_tag-aiwatani","8":"product_tag-kiita","9":"product_shipping_class-iprastas","11":"first","12":"outofstock","13":"shipping-taxable","14":"purchasable","15":"product-type-simple"},"_links":{"self":[{"href":"https:\/\/jnats.eu\/fr\/wp-json\/wp\/v2\/product\/4071","targetHints":{"allow":["GET"]}}],"collection":[{"href":"https:\/\/jnats.eu\/fr\/wp-json\/wp\/v2\/product"}],"about":[{"href":"https:\/\/jnats.eu\/fr\/wp-json\/wp\/v2\/types\/product"}],"replies":[{"embeddable":true,"href":"https:\/\/jnats.eu\/fr\/wp-json\/wp\/v2\/comments?post=4071"}],"wp:featuredmedia":[{"embeddable":true,"href":"https:\/\/jnats.eu\/fr\/wp-json\/wp\/v2\/media\/4074"}],"wp:attachment":[{"href":"https:\/\/jnats.eu\/fr\/wp-json\/wp\/v2\/media?parent=4071"}],"wp:term":[{"taxonomy":"product_brand","embeddable":true,"href":"https:\/\/jnats.eu\/fr\/wp-json\/wp\/v2\/product_brand?post=4071"},{"taxonomy":"product_cat","embeddable":true,"href":"https:\/\/jnats.eu\/fr\/wp-json\/wp\/v2\/product_cat?post=4071"},{"taxonomy":"product_tag","embeddable":true,"href":"https:\/\/jnats.eu\/fr\/wp-json\/wp\/v2\/product_tag?post=4071"}],"curies":[{"name":"wp","href":"https:\/\/api.w.org\/{rel}","templated":true}]}}