{"id":4079,"date":"2025-03-17T15:24:27","date_gmt":"2025-03-17T13:24:27","guid":{"rendered":"https:\/\/jnats.eu\/?post_type=product&#038;p=4079"},"modified":"2025-05-22T11:43:48","modified_gmt":"2025-05-22T08:43:48","slug":"aiwatani-lotus-naturalus-japoniskas-akmuo-galandinimui","status":"publish","type":"product","link":"https:\/\/jnats.eu\/fr\/produit-2\/aiwatani-lotus-naturalus-japoniskas-akmuo-galandinimui\/","title":{"rendered":"Pierre japonaise naturelle Aiwatani Lotus pour l'aiguisage"},"content":{"rendered":"<p>Cette pierre d'aff\u00fbtage naturelle japonaise de premi\u00e8re qualit\u00e9, extraite des montagnes Aiwatani, est con\u00e7ue pour la pr\u00e9cision et la durabilit\u00e9. Cette pierre authentique, extraite de mines japonaises traditionnelles, poss\u00e8de une excellente structure abrasive qui lui permet de maintenir la g\u00e9om\u00e9trie de la lame de mani\u00e8re uniforme et douce, et de fournir un tranchant parfait.<\/p>\n\n\n\n<figure class=\"wp-block-embed is-type-video is-provider-youtube wp-block-embed-youtube wp-embed-aspect-16-9 wp-has-aspect-ratio\"><div class=\"wp-block-embed__wrapper\">\n<div class=\"video-container\"><iframe title=\"Pierres \u00e0 aiguiser japonaises naturelles Aiwatani\" width=\"1170\" height=\"658\" src=\"https:\/\/www.youtube.com\/embed\/7KUe1vRixzw?feature=oembed\" frameborder=\"0\" allow=\"accelerometer; autoplay; clipboard-write; encrypted-media; gyroscope; picture-in-picture; web-share\" referrerpolicy=\"strict-origin-when-cross-origin\" allowfullscreen><\/iframe><\/div>\n<\/div><\/figure>\n\n\n\n<p>\ud83d\udd39 <strong>Artisanat japonais naturel<\/strong> - une pierre authentique pour les professionnels et les passionn\u00e9s.<br>\ud83d\udd39 <strong>Excellente texture<\/strong> - assure un aff\u00fbtage extr\u00eamement doux et efficace sans enl\u00e8vement inutile de m\u00e9tal.<br>\ud83d\udd39 <strong>Durabilit\u00e9<\/strong> - s'use lentement et reste efficace pendant de nombreuses ann\u00e9es.<br>\ud83d\udd39 <strong>Utilisation polyvalente<\/strong> - convient aussi bien aux couteaux qu'aux petits outils de menuiserie ou autres.<\/p>\n\n\n\n<p>Avec la pierre \u00e0 aiguiser Aiwatani, vous obtiendrez un v\u00e9ritable tranchant japonais et des r\u00e9sultats professionnels \u00e0 chaque fois !<\/p>","protected":false},"excerpt":{"rendered":"<ul class=\"wp-block-list\">\n<li>Convient pour les couteaux de finition, les ciseaux, les outils de menuiserie et autres.<\/li>\n<li>Dimensions approximatives : 210x74x85 mm<\/li>\n<li>Poids : 3160 g<\/li>\n<li>Duret\u00e9\u00a0:\u00a0Niv 4,5<\/li>\n<li>Vitesse de fonctionnement moyenne. L'acc\u00e9l\u00e9ration peut \u00eatre obtenue avec une suspension \u00e0 clous ou une plaque diamant\u00e9e rugueuse.<\/li>\n<li>Les lignes et les taches de goma n'interf\u00e8rent pas avec l'accentuation de la nettet\u00e9.<\/li>\n<li>Il est recommand\u00e9 de travailler avec de l'eau chaude, car l'eau froide nuit \u00e0 la rapidit\u00e9 et \u00e0 la r\u00e9activit\u00e9.<\/li>\n<\/ul>","protected":false},"featured_media":4083,"comment_status":"open","ping_status":"closed","template":"","meta":[],"product_brand":[],"product_cat":[22],"product_tag":[65,277],"class_list":{"0":"post-4079","1":"product","2":"type-product","3":"status-publish","4":"has-post-thumbnail","6":"product_cat-jnats","7":"product_tag-aiwatani","8":"product_tag-lotus","9":"product_shipping_class-iprastas","11":"first","12":"instock","13":"sale","14":"shipping-taxable","15":"purchasable","16":"product-type-simple"},"_links":{"self":[{"href":"https:\/\/jnats.eu\/fr\/wp-json\/wp\/v2\/product\/4079","targetHints":{"allow":["GET"]}}],"collection":[{"href":"https:\/\/jnats.eu\/fr\/wp-json\/wp\/v2\/product"}],"about":[{"href":"https:\/\/jnats.eu\/fr\/wp-json\/wp\/v2\/types\/product"}],"replies":[{"embeddable":true,"href":"https:\/\/jnats.eu\/fr\/wp-json\/wp\/v2\/comments?post=4079"}],"wp:featuredmedia":[{"embeddable":true,"href":"https:\/\/jnats.eu\/fr\/wp-json\/wp\/v2\/media\/4083"}],"wp:attachment":[{"href":"https:\/\/jnats.eu\/fr\/wp-json\/wp\/v2\/media?parent=4079"}],"wp:term":[{"taxonomy":"product_brand","embeddable":true,"href":"https:\/\/jnats.eu\/fr\/wp-json\/wp\/v2\/product_brand?post=4079"},{"taxonomy":"product_cat","embeddable":true,"href":"https:\/\/jnats.eu\/fr\/wp-json\/wp\/v2\/product_cat?post=4079"},{"taxonomy":"product_tag","embeddable":true,"href":"https:\/\/jnats.eu\/fr\/wp-json\/wp\/v2\/product_tag?post=4079"}],"curies":[{"name":"wp","href":"https:\/\/api.w.org\/{rel}","templated":true}]}}