{"id":408,"date":"2024-03-04T14:56:03","date_gmt":"2024-03-04T12:56:03","guid":{"rendered":"http:\/\/jnats.eu\/?post_type=product&#038;p=408"},"modified":"2025-07-07T22:37:22","modified_gmt":"2025-07-07T19:37:22","slug":"shobudani-8-couches-daigoku-finition-de-qualite-pierre-a-aiguiser-naturelle","status":"publish","type":"product","link":"https:\/\/jnats.eu\/fr\/produit-2\/shobudani-8-couches-daigoku-finition-de-qualite-pierre-a-aiguiser-naturelle\/","title":{"rendered":"Shobudani 8 couches, pierre \u00e0 aiguiser naturelle de qualit\u00e9 Daigoku"},"content":{"rendered":"<p>Taille 20,7 x 7,8 x 3,2 cm<br>Poids 1 250 g<\/p>\n\n\n\n<p>Cette pierre pr\u00e9sente un clivage ciment\u00e9, mais il reste encore un long chemin \u00e0 parcourir. De plus, m\u00eame lorsqu'elle est atteinte, le coin endommag\u00e9 peut \u00eatre enlev\u00e9 pour \u00e9viter toute interf\u00e9rence avec l'aff\u00fbtage. Si la performance \u00e9tait inf\u00e9rieure \u00e0 la moyenne, le coin pourrait \u00eatre \u00e9limin\u00e9, mais il n'en est rien.<br>Comme elle comporte huit couches, elle peut \u00eatre utilis\u00e9e. L'excavation de cette couche de pierre s'est achev\u00e9e il y a environ 200 ans, mais elle existe bel et bien.<\/p>\n\n\n\n<p>La pierre \u00e0 aiguiser \u00e0 huit couches \u00e9tait tr\u00e8s populaire pour l'aiguisage des sabres artistiques \u00e0 l'\u00e9poque d'Edo. La raison semble en \u00eatre que le polissage fin pr\u00e9sente moins d'imperfections et que le polissage peut \u00eatre effectu\u00e9 par des ajustements fins. \u00c0 l'\u00e9poque de Taihei, les sabres n'\u00e9taient pas seulement des instruments de meurtre, mais s'\u00e9taient d\u00e9j\u00e0 impos\u00e9s comme des \u0153uvres d'art.<\/p>\n\n\n\n<p> M\u00eame aujourd&#039;hui, lorsque je visite des aff\u00fbteurs d&#039;\u00e9p\u00e9es qui ont fait faillite, je tombe parfois sur une vari\u00e9t\u00e9 de pierres \u00e0 aiguiser \u00e0 huit brins. Parmi eux, les Nakayama 8 couches sont vendues \u00e0 des prix tr\u00e8s \u00e9lev\u00e9s.<\/p>\n\n\n\n<p>Les propri\u00e9t\u00e9s susmentionn\u00e9es en font un outil id\u00e9al pour ajuster la surface des couteaux, des ciseaux de finition et des rabots.<br>M\u00eame si vous ne le souhaitez pas, je pense qu&#039;il est prudent de dire que la probabilit\u00e9 de rencontrer des pierres \u00e0 huit couches \u00e0 l&#039;avenir est presque nulle.<br>Qualit\u00e9 garantie.<\/p>","protected":false},"excerpt":{"rendered":"<ul>\n<li><strong>Taille: 207 x 78 x 32 mm<\/strong><\/li>\n<li><strong>Poids : 1 250 g<\/strong><\/li>\n<li>Parfait pour une finition kasumi<\/li>\n<\/ul>","protected":false},"featured_media":414,"comment_status":"open","ping_status":"closed","template":"","meta":[],"product_brand":[],"product_cat":[22],"product_tag":[93,94,71,90,92,44],"class_list":{"0":"post-408","1":"product","2":"type-product","3":"status-publish","4":"has-post-thumbnail","6":"product_cat-jnats","7":"product_tag-8-layer","8":"product_tag-daigoku","9":"product_tag-finishing","10":"product_tag-natural-whetstone","11":"product_tag-quality","12":"product_tag-shobudani","13":"product_shipping_class-iprastas","15":"first","16":"outofstock","17":"shipping-taxable","18":"purchasable","19":"product-type-simple"},"_links":{"self":[{"href":"https:\/\/jnats.eu\/fr\/wp-json\/wp\/v2\/product\/408","targetHints":{"allow":["GET"]}}],"collection":[{"href":"https:\/\/jnats.eu\/fr\/wp-json\/wp\/v2\/product"}],"about":[{"href":"https:\/\/jnats.eu\/fr\/wp-json\/wp\/v2\/types\/product"}],"replies":[{"embeddable":true,"href":"https:\/\/jnats.eu\/fr\/wp-json\/wp\/v2\/comments?post=408"}],"wp:featuredmedia":[{"embeddable":true,"href":"https:\/\/jnats.eu\/fr\/wp-json\/wp\/v2\/media\/414"}],"wp:attachment":[{"href":"https:\/\/jnats.eu\/fr\/wp-json\/wp\/v2\/media?parent=408"}],"wp:term":[{"taxonomy":"product_brand","embeddable":true,"href":"https:\/\/jnats.eu\/fr\/wp-json\/wp\/v2\/product_brand?post=408"},{"taxonomy":"product_cat","embeddable":true,"href":"https:\/\/jnats.eu\/fr\/wp-json\/wp\/v2\/product_cat?post=408"},{"taxonomy":"product_tag","embeddable":true,"href":"https:\/\/jnats.eu\/fr\/wp-json\/wp\/v2\/product_tag?post=408"}],"curies":[{"name":"wp","href":"https:\/\/api.w.org\/{rel}","templated":true}]}}