{"id":4123,"date":"2025-03-19T13:34:53","date_gmt":"2025-03-19T11:34:53","guid":{"rendered":"https:\/\/jnats.eu\/?post_type=product&#038;p=4123"},"modified":"2025-03-19T14:09:27","modified_gmt":"2025-03-19T12:09:27","slug":"gesenryo-tomae-naturalus-japoniskas-akmuo-galandinimui","status":"publish","type":"product","link":"https:\/\/jnats.eu\/fr\/produit-2\/gesenryo-tomae-naturalus-japoniskas-akmuo-galandinimui\/","title":{"rendered":"Pierre \u00e0 aiguiser japonaise naturelle Gesenryo Tomae"},"content":{"rendered":"<p>Tomae (le nom de la couche rocheuse) est comme un certain type de pierre \u00e0 aiguiser japonaise naturelle, souvent utilis\u00e9e pour l&#039;aff\u00fbtage de finition en raison de ses excellentes propri\u00e9t\u00e9s. La pierre a une duret\u00e9 et une finesse \u00e9quilibr\u00e9es, ce qui la rend adapt\u00e9e \u00e0 une vari\u00e9t\u00e9 d&#039;utilisations, y compris la finition de l&#039;aff\u00fbtage des couteaux de cuisine et d&#039;autres outils. Pour rasoirs \u2013 pr\u00e9-finition.<\/p>\n\n\n\n<figure class=\"wp-block-embed is-type-video is-provider-youtube wp-block-embed-youtube wp-embed-aspect-16-9 wp-has-aspect-ratio\"><div class=\"wp-block-embed__wrapper\">\n<div class=\"video-container\"><iframe title=\"Hapstone T2 contre Jnats\u00a0: Nisshoyama Suita, Ozuku, Ohira, Karasu, Tomae\" width=\"1170\" height=\"658\" src=\"https:\/\/www.youtube.com\/embed\/HXBtpEUmp3Q?start=1178&#038;feature=oembed\" frameborder=\"0\" allow=\"accelerometer; autoplay; clipboard-write; encrypted-media; gyroscope; picture-in-picture; web-share\" referrerpolicy=\"strict-origin-when-cross-origin\" allowfullscreen><\/iframe><\/div>\n<\/div><\/figure>\n\n\n\n<p>Les pierres \u00e0 aiguiser japonaises naturelles (Jnats) sont extraites de couches g\u00e9ologiques form\u00e9es sur des centaines de millions d&#039;ann\u00e9es. Leurs propri\u00e9t\u00e9s varient en fonction de la r\u00e9gion dans laquelle elles ont \u00e9t\u00e9 extraites, de sorte que les r\u00e9sultats des travaux peuvent varier. Ces pierres donnent aux couteaux une finition plus belle et un tranchant de lame subtilement aff\u00fbt\u00e9, c&#039;est pourquoi elles sont appr\u00e9ci\u00e9es des amateurs d&#039;aff\u00fbtage.<\/p>","protected":false},"excerpt":{"rendered":"<ul class=\"wp-block-list\">\n<li>Convient pour les couteaux de finition, les ciseaux, les outils de menuiserie et autres.<\/li>\n<li>Dimensions : 203x79x35 mm<\/li>\n<li>Poids avec support : 1820 g<\/li>\n<li>Duret\u00e9\u00a0:\u00a0Niv 4,5<\/li>\n<li>Il est recommand\u00e9 de travailler avec de l'eau chaude, car l'eau froide nuit \u00e0 la rapidit\u00e9 et \u00e0 la r\u00e9activit\u00e9.<\/li>\n<\/ul>","protected":false},"featured_media":4124,"comment_status":"open","ping_status":"closed","template":"","meta":[],"product_brand":[],"product_cat":[22],"product_tag":[325,67],"class_list":{"0":"post-4123","1":"product","2":"type-product","3":"status-publish","4":"has-post-thumbnail","6":"product_cat-jnats","7":"product_tag-gesenryo","8":"product_tag-tomae","9":"product_shipping_class-iprastas","11":"first","12":"instock","13":"shipping-taxable","14":"purchasable","15":"product-type-simple"},"_links":{"self":[{"href":"https:\/\/jnats.eu\/fr\/wp-json\/wp\/v2\/product\/4123","targetHints":{"allow":["GET"]}}],"collection":[{"href":"https:\/\/jnats.eu\/fr\/wp-json\/wp\/v2\/product"}],"about":[{"href":"https:\/\/jnats.eu\/fr\/wp-json\/wp\/v2\/types\/product"}],"replies":[{"embeddable":true,"href":"https:\/\/jnats.eu\/fr\/wp-json\/wp\/v2\/comments?post=4123"}],"wp:featuredmedia":[{"embeddable":true,"href":"https:\/\/jnats.eu\/fr\/wp-json\/wp\/v2\/media\/4124"}],"wp:attachment":[{"href":"https:\/\/jnats.eu\/fr\/wp-json\/wp\/v2\/media?parent=4123"}],"wp:term":[{"taxonomy":"product_brand","embeddable":true,"href":"https:\/\/jnats.eu\/fr\/wp-json\/wp\/v2\/product_brand?post=4123"},{"taxonomy":"product_cat","embeddable":true,"href":"https:\/\/jnats.eu\/fr\/wp-json\/wp\/v2\/product_cat?post=4123"},{"taxonomy":"product_tag","embeddable":true,"href":"https:\/\/jnats.eu\/fr\/wp-json\/wp\/v2\/product_tag?post=4123"}],"curies":[{"name":"wp","href":"https:\/\/api.w.org\/{rel}","templated":true}]}}