{"id":4128,"date":"2025-03-19T13:43:06","date_gmt":"2025-03-19T11:43:06","guid":{"rendered":"https:\/\/jnats.eu\/?post_type=product&#038;p=4128"},"modified":"2025-03-19T14:10:34","modified_gmt":"2025-03-19T12:10:34","slug":"masamotoyama-karasu-naturalus-japoniskas-akmuo-galandinimui","status":"publish","type":"product","link":"https:\/\/jnats.eu\/fr\/produit-2\/masamotoyama-karasu-naturalus-japoniskas-akmuo-galandinimui\/","title":{"rendered":"Pierre \u00e0 aiguiser japonaise naturelle Masamotoyama Karasu"},"content":{"rendered":"<p>\u00ab Karasu \u00bb (qui signifie \u00ab corbeau \u00bb en japonais) est un type de pierre \u00e0 aiguiser japonaise naturelle, nomm\u00e9e d&#039;apr\u00e8s les motifs caract\u00e9ristiques sombres ressemblant \u00e0 des plumes de corbeau sur la surface de la pierre. Ces pierres sont particuli\u00e8rement appr\u00e9ci\u00e9es pour leur aspect esth\u00e9tique et leurs excellentes propri\u00e9t\u00e9s d&#039;aff\u00fbtage.<\/p>\n\n\n\n<figure class=\"wp-block-embed is-type-video is-provider-youtube wp-block-embed-youtube wp-embed-aspect-16-9 wp-has-aspect-ratio\"><div class=\"wp-block-embed__wrapper\">\n<div class=\"video-container\"><iframe title=\"Hapstone T2 contre Jnats\u00a0: Nisshoyama Suita, Ozuku, Ohira, Karasu, Tomae\" width=\"1170\" height=\"658\" src=\"https:\/\/www.youtube.com\/embed\/HXBtpEUmp3Q?start=1275&#038;feature=oembed\" frameborder=\"0\" allow=\"accelerometer; autoplay; clipboard-write; encrypted-media; gyroscope; picture-in-picture; web-share\" referrerpolicy=\"strict-origin-when-cross-origin\" allowfullscreen><\/iframe><\/div>\n<\/div><\/figure>\n\n\n\n<p>Les pierres Karasu sont particuli\u00e8rement appr\u00e9ci\u00e9es pour leur capacit\u00e9 \u00e0 donner aux lames une finition de haute qualit\u00e9 et un tranchant durable. Ils sont souvent utilis\u00e9s pour aff\u00fbter les rasoirs, les couteaux et les outils de menuiserie. En raison de leur raret\u00e9 et de leur valeur esth\u00e9tique, les pierres karasu de haute qualit\u00e9 sont difficiles \u00e0 trouver et tr\u00e8s pris\u00e9es par les collectionneurs et les tailleurs professionnels.<\/p>","protected":false},"excerpt":{"rendered":"<ul class=\"wp-block-list\">\n<li>Convient pour la finition des rasoirs, des couteaux, des ciseaux, des outils de menuiserie et autres.<\/li>\n<li>Dimensions environ : 270x93x37 mm<\/li>\n<li>Poids : 2230 g<\/li>\n<li>Duret\u00e9 : Lv 5<\/li>\n<li>Nous recommandons d&#039;utiliser de l&#039;eau chaude pour l&#039;aff\u00fbtage lorsque vous travaillez avec des pierres, car l&#039;eau froide alt\u00e8re la vitesse et la r\u00e9ponse de meulage.<\/li>\n<\/ul>","protected":false},"featured_media":4134,"comment_status":"open","ping_status":"closed","template":"","meta":[],"product_brand":[],"product_cat":[22],"product_tag":[57,316,245],"class_list":{"0":"post-4128","1":"product","2":"type-product","3":"status-publish","4":"has-post-thumbnail","6":"product_cat-jnats","7":"product_tag-karasu","8":"product_tag-masamotoyama","9":"product_tag-naturalus-japoniskas-akmuo-galandinimui","10":"product_shipping_class-iprastas","12":"first","13":"instock","14":"shipping-taxable","15":"purchasable","16":"product-type-simple"},"_links":{"self":[{"href":"https:\/\/jnats.eu\/fr\/wp-json\/wp\/v2\/product\/4128","targetHints":{"allow":["GET"]}}],"collection":[{"href":"https:\/\/jnats.eu\/fr\/wp-json\/wp\/v2\/product"}],"about":[{"href":"https:\/\/jnats.eu\/fr\/wp-json\/wp\/v2\/types\/product"}],"replies":[{"embeddable":true,"href":"https:\/\/jnats.eu\/fr\/wp-json\/wp\/v2\/comments?post=4128"}],"wp:featuredmedia":[{"embeddable":true,"href":"https:\/\/jnats.eu\/fr\/wp-json\/wp\/v2\/media\/4134"}],"wp:attachment":[{"href":"https:\/\/jnats.eu\/fr\/wp-json\/wp\/v2\/media?parent=4128"}],"wp:term":[{"taxonomy":"product_brand","embeddable":true,"href":"https:\/\/jnats.eu\/fr\/wp-json\/wp\/v2\/product_brand?post=4128"},{"taxonomy":"product_cat","embeddable":true,"href":"https:\/\/jnats.eu\/fr\/wp-json\/wp\/v2\/product_cat?post=4128"},{"taxonomy":"product_tag","embeddable":true,"href":"https:\/\/jnats.eu\/fr\/wp-json\/wp\/v2\/product_tag?post=4128"}],"curies":[{"name":"wp","href":"https:\/\/api.w.org\/{rel}","templated":true}]}}