{"id":4135,"date":"2025-03-19T13:51:34","date_gmt":"2025-03-19T11:51:34","guid":{"rendered":"https:\/\/jnats.eu\/?post_type=product&#038;p=4135"},"modified":"2025-11-03T23:53:03","modified_gmt":"2025-11-03T21:53:03","slug":"nisshoyama-suita-naturalus-japoniskas-akmuo-galandinimui-ir-kasumi-finisui","status":"publish","type":"product","link":"https:\/\/jnats.eu\/fr\/produit-2\/nisshoyama-suita-naturalus-japoniskas-akmuo-galandinimui-ir-kasumi-finisui\/","title":{"rendered":"Pierre naturelle japonaise Nisshoyama Suita pour l&#039;aff\u00fbtage et la finition Kasumi"},"content":{"rendered":"<p>Suita est un type de pierre \u00e0 aiguiser japonaise naturelle, extraite de certaines couches g\u00e9ologiques du Japon. Ces pierres ont une structure poreuse et pr\u00e9sentent souvent de petites cavit\u00e9s appel\u00e9es \u00ab su \u00bb. Gr\u00e2ce \u00e0 cette structure, les pierres Suita lib\u00e8rent rapidement leur suspension, ce qui contribue \u00e0 aff\u00fbter la lame de mani\u00e8re efficace et uniforme. Ils sont particuli\u00e8rement appr\u00e9ci\u00e9s pour leur capacit\u00e9 \u00e0 donner aux lames une finition de haute qualit\u00e9 et un tranchant durable, ainsi qu&#039;un contraste saisissant entre l&#039;acier dur et l&#039;acier plus doux (finition Kasumi).<\/p>\n\n\n\n<figure class=\"wp-block-embed is-type-video is-provider-youtube wp-block-embed-youtube wp-embed-aspect-16-9 wp-has-aspect-ratio\"><div class=\"wp-block-embed__wrapper\">\n<div class=\"video-container\"><iframe title=\"Hapstone T2 contre Jnats\u00a0: Nisshoyama Suita, Ozuku, Ohira, Karasu, Tomae\" width=\"1170\" height=\"658\" src=\"https:\/\/www.youtube.com\/embed\/HXBtpEUmp3Q?feature=oembed\" frameborder=\"0\" allow=\"accelerometer; autoplay; clipboard-write; encrypted-media; gyroscope; picture-in-picture; web-share\" referrerpolicy=\"strict-origin-when-cross-origin\" allowfullscreen><\/iframe><\/div>\n<\/div><\/figure>","protected":false},"excerpt":{"rendered":"<ul class=\"wp-block-list\">\n<li>Convient pour la finition des couteaux, ciseaux, outils de menuiserie et autres, ainsi que pour la finition avec des ciseaux.<\/li>\n<li>Dimensions environ : 165x105x37 mm<\/li>\n<li>Poids : 1450 g<\/li>\n<li>Duret\u00e9 : Lv 3.7<\/li>\n<li>Les lignes sont s\u00e9curis\u00e9es<\/li>\n<li>Nous recommandons d&#039;utiliser de l&#039;eau chaude pour l&#039;aff\u00fbtage lorsque vous travaillez avec des pierres, car l&#039;eau froide alt\u00e8re la vitesse et la r\u00e9ponse de meulage.<\/li>\n<\/ul>","protected":false},"featured_media":4136,"comment_status":"open","ping_status":"closed","template":"","meta":[],"product_brand":[],"product_cat":[22],"product_tag":[179,50],"class_list":{"0":"post-4135","1":"product","2":"type-product","3":"status-publish","4":"has-post-thumbnail","6":"product_cat-jnats","7":"product_tag-nisshoyama","8":"product_tag-suita","9":"product_shipping_class-iprastas","11":"first","12":"outofstock","13":"shipping-taxable","14":"purchasable","15":"product-type-simple"},"_links":{"self":[{"href":"https:\/\/jnats.eu\/fr\/wp-json\/wp\/v2\/product\/4135","targetHints":{"allow":["GET"]}}],"collection":[{"href":"https:\/\/jnats.eu\/fr\/wp-json\/wp\/v2\/product"}],"about":[{"href":"https:\/\/jnats.eu\/fr\/wp-json\/wp\/v2\/types\/product"}],"replies":[{"embeddable":true,"href":"https:\/\/jnats.eu\/fr\/wp-json\/wp\/v2\/comments?post=4135"}],"wp:featuredmedia":[{"embeddable":true,"href":"https:\/\/jnats.eu\/fr\/wp-json\/wp\/v2\/media\/4136"}],"wp:attachment":[{"href":"https:\/\/jnats.eu\/fr\/wp-json\/wp\/v2\/media?parent=4135"}],"wp:term":[{"taxonomy":"product_brand","embeddable":true,"href":"https:\/\/jnats.eu\/fr\/wp-json\/wp\/v2\/product_brand?post=4135"},{"taxonomy":"product_cat","embeddable":true,"href":"https:\/\/jnats.eu\/fr\/wp-json\/wp\/v2\/product_cat?post=4135"},{"taxonomy":"product_tag","embeddable":true,"href":"https:\/\/jnats.eu\/fr\/wp-json\/wp\/v2\/product_tag?post=4135"}],"curies":[{"name":"wp","href":"https:\/\/api.w.org\/{rel}","templated":true}]}}