{"id":415,"date":"2024-03-04T15:10:19","date_gmt":"2024-03-04T13:10:19","guid":{"rendered":"http:\/\/jnats.eu\/?post_type=product&#038;p=415"},"modified":"2025-09-29T16:19:30","modified_gmt":"2025-09-29T13:19:30","slug":"otaniyama-hondo-daigokujo-finition-pierre-a-aiguiser-naturelle","status":"publish","type":"product","link":"https:\/\/jnats.eu\/fr\/produit-2\/otaniyama-hondo-daigokujo-finition-pierre-a-aiguiser-naturelle\/","title":{"rendered":"Otaniyama Hondo Daigokujo Pierre naturelle pour la finition des rasoirs"},"content":{"rendered":"<p>Les Hondo Daigokujo sont des pierres \u00e0 aiguiser de la plus haute qualit\u00e9 parmi les pierres Otaniyama. Le mont Otani est situ\u00e9 \u00e0 environ 10 kilom\u00e8tres au nord-ouest du centre de l'h\u00f4tel de ville de Kameoka et est le nom commun de plusieurs montagnes. Il s'agit d'une couche de pierre \u00e0 aiguiser contenant de nombreuses particules abrasives et qui semble avoir \u00e9t\u00e9 extraite pendant l'\u00e8re Showa, car la couleur noire \u00e9tait consid\u00e9r\u00e9e comme portant malheur et \u00e9tait \u00e9vit\u00e9e pendant la p\u00e9riode Edo. <\/p>\n\n\n\n<p>La qualit\u00e9 des pierres est bonne, mais elles ne sont pas tr\u00e8s connues parce qu'elles n'ont pas \u00e9t\u00e9 autoris\u00e9es \u00e0 adh\u00e9rer \u00e0 l'association des pierres naturelles de Kyoto, cette derni\u00e8re n'appr\u00e9ciant pas les pierres bon march\u00e9 et de haute qualit\u00e9 pr\u00e9sentes sur le march\u00e9. C'est alors qu'un homme d'affaires, qui importait et vendait principalement des lubrifiants, des tiges, des fers \u00e0 repasser, etc., a rep\u00e9r\u00e9 cette pierre de meulage et l'a vendue de porte en porte aux coiffeurs de tout le Japon, et peu \u00e0 peu, elle s'est r\u00e9pandue. <\/p>\n\n\n\n<p>Cette pierre est un m\u00e9lange de Hondo-mae et de Shiki-tomae qui donne la meilleure finition. Cela peut \u00eatre compar\u00e9 \u00e0 la finition de Nakayama.<\/p>\n\n\n\n<p>\u00c0 l&#039;\u00e9poque, elle se vendait \u00e0 peu pr\u00e8s au m\u00eame prix que le salaire de d\u00e9part d&#039;un dipl\u00f4m\u00e9 universitaire, mais comme il s&#039;agit d&#039;une pierre noire, tout le monde ne pense pas qu&#039;elle vaut autant. Quant \u00e0 cette pierre \u00e0 aiguiser, elle est un peu molle, elle peut donc \u00e9galement \u00eatre utilis\u00e9e pour la finition des couteaux.<\/p>\n\n\n\n<p>Son \u00e9paisseur est suffisante pour durer toute une vie. Comme son nom l'indique, il s'agit d'une pierre \u00e0 aiguiser polyvalente qui peut \u00eatre utilis\u00e9e non seulement pour les couteaux, mais aussi pour la finition des rasoirs, des petits couteaux, des ciseaux, des limes, des ciseaux, etc. L'attrait de l'Otaniyama r\u00e9side dans le fait que le r\u00e9sultat est similaire \u00e0 celui des pierres \u00e0 aiguiser de la plus haute qualit\u00e9.<\/p>\n\n\n\n<p>L&#039;eau froide d\u00e9t\u00e9riorera consid\u00e9rablement la r\u00e9ponse de l&#039;acier au fil du temps, il est donc pr\u00e9f\u00e9rable d&#039;utiliser de l&#039;eau chaude \u00e0 environ 42 degr\u00e9s lors de l&#039;aff\u00fbtage.<\/p>\n\n\n\n<figure class=\"wp-block-embed is-type-video is-provider-youtube wp-block-embed-youtube wp-embed-aspect-16-9 wp-has-aspect-ratio\"><div class=\"wp-block-embed__wrapper\">\nhttps:\/\/youtu.be\/6k_XyH2uSsI\n<\/div><\/figure>","protected":false},"excerpt":{"rendered":"<ul>\n<li>Taille environ: 20,6 x 7,8 x 3,5 cm<\/li>\n<li>\u00a0Poids environ : 1450 g<\/li>\n<li>Duret\u00e9 Niv 4<\/li>\n<li>Fonctionne rapidement et donne un rasage en douceur. Les cheveux sont coup\u00e9s ensemble apr\u00e8s finition sur la pierre. Nagura ou plaque de diamant n\u2019est pas n\u00e9cessaire.<\/li>\n<li>L'une des meilleures pierres \u00e0 rasoir que j'ai vues. Elle n'est pas tr\u00e8s jolie, mais elle fonctionne bien.<\/li>\n<\/ul>","protected":false},"featured_media":420,"comment_status":"open","ping_status":"closed","template":"","meta":[],"product_brand":[],"product_cat":[22],"product_tag":[74,71,95,90,70],"class_list":{"0":"post-415","1":"product","2":"type-product","3":"status-publish","4":"has-post-thumbnail","6":"product_cat-jnats","7":"product_tag-daigokujo","8":"product_tag-finishing","9":"product_tag-hondo","10":"product_tag-natural-whetstone","11":"product_tag-otaniyama","12":"product_shipping_class-iprastas","14":"first","15":"outofstock","16":"sale","17":"shipping-taxable","18":"purchasable","19":"product-type-simple"},"_links":{"self":[{"href":"https:\/\/jnats.eu\/fr\/wp-json\/wp\/v2\/product\/415","targetHints":{"allow":["GET"]}}],"collection":[{"href":"https:\/\/jnats.eu\/fr\/wp-json\/wp\/v2\/product"}],"about":[{"href":"https:\/\/jnats.eu\/fr\/wp-json\/wp\/v2\/types\/product"}],"replies":[{"embeddable":true,"href":"https:\/\/jnats.eu\/fr\/wp-json\/wp\/v2\/comments?post=415"}],"wp:featuredmedia":[{"embeddable":true,"href":"https:\/\/jnats.eu\/fr\/wp-json\/wp\/v2\/media\/420"}],"wp:attachment":[{"href":"https:\/\/jnats.eu\/fr\/wp-json\/wp\/v2\/media?parent=415"}],"wp:term":[{"taxonomy":"product_brand","embeddable":true,"href":"https:\/\/jnats.eu\/fr\/wp-json\/wp\/v2\/product_brand?post=415"},{"taxonomy":"product_cat","embeddable":true,"href":"https:\/\/jnats.eu\/fr\/wp-json\/wp\/v2\/product_cat?post=415"},{"taxonomy":"product_tag","embeddable":true,"href":"https:\/\/jnats.eu\/fr\/wp-json\/wp\/v2\/product_tag?post=415"}],"curies":[{"name":"wp","href":"https:\/\/api.w.org\/{rel}","templated":true}]}}