{"id":4216,"date":"2025-03-21T10:45:10","date_gmt":"2025-03-21T08:45:10","guid":{"rendered":"https:\/\/jnats.eu\/?post_type=product&#038;p=4216"},"modified":"2026-04-16T13:42:38","modified_gmt":"2026-04-16T10:42:38","slug":"nos-new-kinmoji-kamisori","status":"publish","type":"product","link":"https:\/\/jnats.eu\/fr\/produit-2\/nos-new-kinmoji-kamisori\/","title":{"rendered":"NOS New Kinmoji Camisori"},"content":{"rendered":"<p><strong>Kamisori<\/strong> \u2013 ce sont des rasoirs droits japonais qui diff\u00e8rent des rasoirs occidentaux en raison de leur conception de lame asym\u00e9trique et de leur manche plus simple. Ils sont souvent utilis\u00e9s pour le rasage traditionnel japonais et sont appr\u00e9ci\u00e9s pour leur pr\u00e9cision.<\/p>\n\n\n\n<figure class=\"wp-block-embed is-type-video is-provider-youtube wp-block-embed-youtube wp-embed-aspect-16-9 wp-has-aspect-ratio\"><div class=\"wp-block-embed__wrapper\">\n<div class=\"video-container\"><iframe title=\"NOS New Kinmoji Camisori\" width=\"1170\" height=\"658\" src=\"https:\/\/www.youtube.com\/embed\/KNuzSOG5IiQ?feature=oembed\" frameborder=\"0\" allow=\"accelerometer; autoplay; clipboard-write; encrypted-media; gyroscope; picture-in-picture; web-share\" referrerpolicy=\"strict-origin-when-cross-origin\" allowfullscreen><\/iframe><\/div>\n<\/div><\/figure>\n\n\n\n<p><strong>Nouveau Kinmoji<\/strong> \u2013 est une marque qui produit ce type de rasoir. Le nom signifie \u00ab Nouvelle \u00e9criture dor\u00e9e \u00bb (\u91d1\u6587\u5b57 - \u00ab Kinmoji \u00bb signifie \u00ab lettres dor\u00e9es \u00bb en japonais). <\/p>\n\n\n\n<p><strong>Lame en acier<\/strong> \u2013 ces rasoirs sont fabriqu\u00e9s en acier au carbone de haute qualit\u00e9, consid\u00e9r\u00e9 comme particuli\u00e8rement adapt\u00e9 au rasage en raison de sa nettet\u00e9 et de sa durabilit\u00e9. Les pi\u00e8ces en acier dur sont soud\u00e9es en ligne ondul\u00e9e \u00e0 un cadre en acier plus doux.<\/p>","protected":false},"excerpt":{"rendered":"<p><strong>Les dimensions de tous les Kamisori sont l\u00e9g\u00e8rement diff\u00e9rentes car ils sont fabriqu\u00e9s \u00e0 la main !<\/strong><\/p>\n<ul>\n<li>Il y a des traces de temps et de rouille. Veuillez regarder attentivement les photos et la vid\u00e9o.<\/li>\n<li>Non. 1 utilis\u00e9 et les trois autres non utilis\u00e9s.<\/li>\n<li>Longueur totale environ 150 mm<\/li>\n<li>Hauteur environ 19 mm (utilis\u00e9 \u2013 18 mm)<\/li>\n<li>Longueur du tranchant environ 41 mm<\/li>\n<li>L&#039;\u00e9paisseur de la lame est d&#039;environ 5 mm.<\/li>\n<li>poids environ 37 g.<\/li>\n<li>Poign\u00e9e en plastique souple<\/li>\n<li><strong>Fabriqu\u00e9 au Japon \u00e0 la mi-mai<\/strong><\/li>\n<\/ul>","protected":false},"featured_media":4218,"comment_status":"open","ping_status":"closed","template":"","meta":[],"product_brand":[],"product_cat":[23],"product_tag":[25,327,55],"class_list":{"0":"post-4216","1":"product","2":"type-product","3":"status-publish","4":"has-post-thumbnail","6":"product_cat-razors","7":"product_tag-kamisori","8":"product_tag-new-kinmoji","9":"product_tag-nos","10":"product_shipping_class-light","12":"first","13":"outofstock","14":"shipping-taxable","15":"product-type-variable"},"_links":{"self":[{"href":"https:\/\/jnats.eu\/fr\/wp-json\/wp\/v2\/product\/4216","targetHints":{"allow":["GET"]}}],"collection":[{"href":"https:\/\/jnats.eu\/fr\/wp-json\/wp\/v2\/product"}],"about":[{"href":"https:\/\/jnats.eu\/fr\/wp-json\/wp\/v2\/types\/product"}],"replies":[{"embeddable":true,"href":"https:\/\/jnats.eu\/fr\/wp-json\/wp\/v2\/comments?post=4216"}],"wp:featuredmedia":[{"embeddable":true,"href":"https:\/\/jnats.eu\/fr\/wp-json\/wp\/v2\/media\/4218"}],"wp:attachment":[{"href":"https:\/\/jnats.eu\/fr\/wp-json\/wp\/v2\/media?parent=4216"}],"wp:term":[{"taxonomy":"product_brand","embeddable":true,"href":"https:\/\/jnats.eu\/fr\/wp-json\/wp\/v2\/product_brand?post=4216"},{"taxonomy":"product_cat","embeddable":true,"href":"https:\/\/jnats.eu\/fr\/wp-json\/wp\/v2\/product_cat?post=4216"},{"taxonomy":"product_tag","embeddable":true,"href":"https:\/\/jnats.eu\/fr\/wp-json\/wp\/v2\/product_tag?post=4216"}],"curies":[{"name":"wp","href":"https:\/\/api.w.org\/{rel}","templated":true}]}}