{"id":422,"date":"2024-03-04T15:16:08","date_gmt":"2024-03-04T13:16:08","guid":{"rendered":"http:\/\/jnats.eu\/?post_type=product&#038;p=422"},"modified":"2024-11-03T18:25:28","modified_gmt":"2024-11-03T16:25:28","slug":"otaniyama-daigokujo-finition-pierre-a-aiguiser-naturelle","status":"publish","type":"product","link":"https:\/\/jnats.eu\/fr\/produit-2\/otaniyama-daigokujo-finition-pierre-a-aiguiser-naturelle\/","title":{"rendered":"Otaniyama Daigokujo Razor Finishing Natural Whetstone (pierre \u00e0 aiguiser naturelle)"},"content":{"rendered":"<p>Les Hondo Daigokujo sont les pierres \u00e0 aiguiser de la plus haute qualit\u00e9 parmi les Otaniyama. Le mont Otani se trouve \u00e0 environ 10 kilom\u00e8tres au nord-ouest de l&#039;h\u00f4tel de ville du centre-ville de Kameoka et est le nom collectif de nombreuses montagnes. Il s&#039;agit d&#039;une couche de meule qui contient de nombreuses particules abrasives et qui semble avoir \u00e9t\u00e9 extraite \u00e0 l&#039;\u00e9poque Showa, car le noir \u00e9tait consid\u00e9r\u00e9 comme portant malheur et \u00e9tait \u00e9vit\u00e9 \u00e0 l&#039;\u00e9poque d&#039;Edo.<\/p>\n\n\n\n<p>La qualit\u00e9 des pierres est bonne, mais elles ne sont pas largement connues car elles n&#039;ont pas \u00e9t\u00e9 autoris\u00e9es \u00e0 adh\u00e9rer \u00e0 l&#039;Association des pierres naturelles de Kyoto, car cette derni\u00e8re n&#039;aimait pas le fait que des pierres bon march\u00e9 et de haute qualit\u00e9 soient vendues sur le march\u00e9. Apr\u00e8s cela, l&#039;homme d&#039;affaires qui<br>lubrifiants import\u00e9s et vendus, tiges, fers, etc., ont remarqu\u00e9 cette meule et<br>vendus en porte-\u00e0-porte dans les salons de coiffure de tout le Japon et peu \u00e0 peu ils se sont r\u00e9pandus.<\/p>\n\n\n\n<p>Cette pierre est un m\u00e9lange de Hondo-mae et de Shiki-tomae qui donne la meilleure finition. Cela peut \u00eatre compar\u00e9 \u00e0 la finition de Nakayama.<\/p>\n\n\n\n<p>\u00c0 l&#039;\u00e9poque, elle se vendait \u00e0 peu pr\u00e8s au m\u00eame prix que le salaire de d\u00e9part d&#039;un dipl\u00f4m\u00e9 universitaire, mais comme il s&#039;agit d&#039;une pierre noire, tout le monde ne pense pas qu&#039;elle vaut autant. Quant \u00e0 cette pierre \u00e0 aiguiser, elle est un peu molle, elle peut donc \u00e9galement \u00eatre utilis\u00e9e pour la finition des couteaux. <\/p>\n\n\n\n<p>La pierre est suffisamment \u00e9paisse pour durer toute une vie. Comme son nom l&#039;indique, il s&#039;agit d&#039;une pierre \u00e0 aiguiser polyvalente qui peut \u00eatre utilis\u00e9e non seulement pour les couteaux, mais \u00e9galement pour l&#039;aff\u00fbtage final des rasoirs, des petits couteaux, des ciseaux, des rabots, des burins et bien plus encore. pour terminer l&#039;aff\u00fbtage. L&#039;attrait d&#039;Otaniyama est que la finition est similaire \u00e0 celle des meules de la plus haute qualit\u00e9.<\/p>\n\n\n\n<p>L&#039;eau froide d\u00e9t\u00e9riorera consid\u00e9rablement la r\u00e9ponse de l&#039;acier au fil du temps, il est donc pr\u00e9f\u00e9rable d&#039;utiliser de l&#039;eau chaude \u00e0 environ 42 degr\u00e9s lors de l&#039;aff\u00fbtage.<\/p>\n\n\n\n<figure class=\"wp-block-embed is-type-video is-provider-youtube wp-block-embed-youtube wp-embed-aspect-16-9 wp-has-aspect-ratio\"><div class=\"wp-block-embed__wrapper\">\n<div class=\"video-container\"><iframe title=\"Otaniyama Daigokujo - Meilleure pierre \u00e0 aiguiser naturelle pour les rasoirs\" width=\"1170\" height=\"658\" src=\"https:\/\/www.youtube.com\/embed\/6k_XyH2uSsI?feature=oembed\" frameborder=\"0\" allow=\"accelerometer; autoplay; clipboard-write; encrypted-media; gyroscope; picture-in-picture; web-share\" referrerpolicy=\"strict-origin-when-cross-origin\" allowfullscreen><\/iframe><\/div>\n<\/div><\/figure>","protected":false},"excerpt":{"rendered":"<ul>\n<li>Taille environ: 20,0 x 7,0 x 2,4 cm<\/li>\n<li>\u00a0Poids environ : 820 g<\/li>\n<li>Duret\u00e9 Niv 4<\/li>\n<li>Fonctionne rapidement et donne un rasage en douceur. Les cheveux sont coup\u00e9s imm\u00e9diatement apr\u00e8s avoir fini sur la pierre. Nagura ou plaque de diamant n\u2019est pas n\u00e9cessaire.<\/li>\n<li>L'une des meilleures pierres \u00e0 rasoir que j'ai vues. Elle n'est pas tr\u00e8s jolie, mais elle fonctionne bien.<\/li>\n<\/ul>","protected":false},"featured_media":1259,"comment_status":"open","ping_status":"closed","template":"","meta":[],"product_brand":[],"product_cat":[22],"product_tag":[74,71,90,70],"class_list":{"0":"post-422","1":"product","2":"type-product","3":"status-publish","4":"has-post-thumbnail","6":"product_cat-jnats","7":"product_tag-daigokujo","8":"product_tag-finishing","9":"product_tag-natural-whetstone","10":"product_tag-otaniyama","11":"product_shipping_class-iprastas","13":"first","14":"outofstock","15":"sale","16":"shipping-taxable","17":"purchasable","18":"product-type-simple"},"_links":{"self":[{"href":"https:\/\/jnats.eu\/fr\/wp-json\/wp\/v2\/product\/422","targetHints":{"allow":["GET"]}}],"collection":[{"href":"https:\/\/jnats.eu\/fr\/wp-json\/wp\/v2\/product"}],"about":[{"href":"https:\/\/jnats.eu\/fr\/wp-json\/wp\/v2\/types\/product"}],"replies":[{"embeddable":true,"href":"https:\/\/jnats.eu\/fr\/wp-json\/wp\/v2\/comments?post=422"}],"wp:featuredmedia":[{"embeddable":true,"href":"https:\/\/jnats.eu\/fr\/wp-json\/wp\/v2\/media\/1259"}],"wp:attachment":[{"href":"https:\/\/jnats.eu\/fr\/wp-json\/wp\/v2\/media?parent=422"}],"wp:term":[{"taxonomy":"product_brand","embeddable":true,"href":"https:\/\/jnats.eu\/fr\/wp-json\/wp\/v2\/product_brand?post=422"},{"taxonomy":"product_cat","embeddable":true,"href":"https:\/\/jnats.eu\/fr\/wp-json\/wp\/v2\/product_cat?post=422"},{"taxonomy":"product_tag","embeddable":true,"href":"https:\/\/jnats.eu\/fr\/wp-json\/wp\/v2\/product_tag?post=422"}],"curies":[{"name":"wp","href":"https:\/\/api.w.org\/{rel}","templated":true}]}}