{"id":4251,"date":"2025-03-26T14:26:20","date_gmt":"2025-03-26T12:26:20","guid":{"rendered":"https:\/\/jnats.eu\/?post_type=product&#038;p=4251"},"modified":"2025-04-11T10:44:17","modified_gmt":"2025-04-11T07:44:17","slug":"ohira-awasedo-2","status":"publish","type":"product","link":"https:\/\/jnats.eu\/fr\/produit-2\/ohira-awasedo-2\/","title":{"rendered":"Ohira Awasedo Lv 4"},"content":{"rendered":"<p>La finesse de cette pierre \u00e0 aiguiser naturelle haute densit\u00e9 est approximativement \u00e9quivalente au num\u00e9ro synth\u00e9tique #8000. Si vous souhaitez acc\u00e9l\u00e9rer le travail, il est recommand\u00e9 d&#039;utiliser une pierre Nagura ou une plaque diamant\u00e9e pour cr\u00e9er une suspension avant le d\u00e9but de chaque s\u00e9ance d&#039;aff\u00fbtage, et d&#039;utiliser de l&#039;eau ti\u00e8de comme lubrifiant pour un meilleur retour d&#039;aff\u00fbtage. Ohira peut travailler avec succ\u00e8s sans ces \u00ab danses du tambour \u00bb.<\/p>\n\n\n\n<figure class=\"wp-block-embed is-type-video is-provider-youtube wp-block-embed-youtube wp-embed-aspect-16-9 wp-has-aspect-ratio\"><div class=\"wp-block-embed__wrapper\">\n<div class=\"video-container\"><iframe title=\"Aff\u00fbtage du Chobomasa kamisori - Ohira, Nakayama Tomae, Kanyama Strop\" width=\"1170\" height=\"658\" src=\"https:\/\/www.youtube.com\/embed\/tbFJJ1lm87I?feature=oembed\" frameborder=\"0\" allow=\"accelerometer; autoplay; clipboard-write; encrypted-media; gyroscope; picture-in-picture; web-share\" referrerpolicy=\"strict-origin-when-cross-origin\" allowfullscreen><\/iframe><\/div>\n<\/div><\/figure>\n\n\n\n<p>Il n\u2019est pas n\u00e9cessaire de faire tremper les pierres \u00e0 aiguiser japonaises. Il suffit de saupoudrer de l&#039;eau sur la surface et vous \u00eates pr\u00eat \u00e0 l&#039;utiliser. Apr\u00e8s l&#039;aff\u00fbtage, rincer et laisser s\u00e9cher \u00e0 temp\u00e9rature ambiante. Ne pas laisser dans l&#039;eau pendant une longue p\u00e9riode.<\/p>","protected":false},"excerpt":{"rendered":"<ul>\n<li>Convient pour la finition des couteaux, de la menuiserie et d&#039;autres outils.<\/li>\n<li>Dimensions environ : 205x78x33 mm<\/li>\n<li>Poids : 1060 g<\/li>\n<li>Duret\u00e9 : Lv 4<\/li>\n<li>La surface est lisse et pr\u00eate \u00e0 travailler<\/li>\n<\/ul>","protected":false},"featured_media":4256,"comment_status":"open","ping_status":"closed","template":"","meta":[],"product_brand":[],"product_cat":[22],"product_tag":[47],"class_list":{"0":"post-4251","1":"product","2":"type-product","3":"status-publish","4":"has-post-thumbnail","6":"product_cat-jnats","7":"product_tag-ohira","8":"product_shipping_class-iprastas","10":"first","11":"instock","12":"shipping-taxable","13":"purchasable","14":"product-type-simple"},"_links":{"self":[{"href":"https:\/\/jnats.eu\/fr\/wp-json\/wp\/v2\/product\/4251","targetHints":{"allow":["GET"]}}],"collection":[{"href":"https:\/\/jnats.eu\/fr\/wp-json\/wp\/v2\/product"}],"about":[{"href":"https:\/\/jnats.eu\/fr\/wp-json\/wp\/v2\/types\/product"}],"replies":[{"embeddable":true,"href":"https:\/\/jnats.eu\/fr\/wp-json\/wp\/v2\/comments?post=4251"}],"wp:featuredmedia":[{"embeddable":true,"href":"https:\/\/jnats.eu\/fr\/wp-json\/wp\/v2\/media\/4256"}],"wp:attachment":[{"href":"https:\/\/jnats.eu\/fr\/wp-json\/wp\/v2\/media?parent=4251"}],"wp:term":[{"taxonomy":"product_brand","embeddable":true,"href":"https:\/\/jnats.eu\/fr\/wp-json\/wp\/v2\/product_brand?post=4251"},{"taxonomy":"product_cat","embeddable":true,"href":"https:\/\/jnats.eu\/fr\/wp-json\/wp\/v2\/product_cat?post=4251"},{"taxonomy":"product_tag","embeddable":true,"href":"https:\/\/jnats.eu\/fr\/wp-json\/wp\/v2\/product_tag?post=4251"}],"curies":[{"name":"wp","href":"https:\/\/api.w.org\/{rel}","templated":true}]}}