{"id":4313,"date":"2025-04-09T11:32:24","date_gmt":"2025-04-09T08:32:24","guid":{"rendered":"https:\/\/jnats.eu\/?post_type=product&#038;p=4313"},"modified":"2025-11-25T09:10:14","modified_gmt":"2025-11-25T07:10:14","slug":"kamisori-henkotsu-hureka-kobayashi-kinsei-ippon-renda","status":"publish","type":"product","link":"https:\/\/jnats.eu\/fr\/produit-2\/kamisori-henkotsu-hureka-kobayashi-kinsei-ippon-renda\/","title":{"rendered":"Kamisori Henkotsu, Hureka, Kobayashi Kinsei, Ippon Renda"},"content":{"rendered":"<figure class=\"wp-block-embed is-type-video is-provider-youtube wp-block-embed-youtube wp-embed-aspect-16-9 wp-has-aspect-ratio\"><div class=\"wp-block-embed__wrapper\">\n<div class=\"video-container\"><iframe title=\"Kamisori Henkotsu, Hureka, Kobayashi Kinsei, Ippon Renda\" width=\"1170\" height=\"658\" src=\"https:\/\/www.youtube.com\/embed\/UGGiu8uU1nI?feature=oembed\" frameborder=\"0\" allow=\"accelerometer; autoplay; clipboard-write; encrypted-media; gyroscope; picture-in-picture; web-share\" referrerpolicy=\"strict-origin-when-cross-origin\" allowfullscreen><\/iframe><\/div>\n<\/div><\/figure>\n\n\n\n<p>Similaires \u00e0 une \u00e9p\u00e9e de samoura\u00ef traditionnelle, ces Kamisori ont \u00e9t\u00e9 forg\u00e9s \u00e0 la main \u00e0 partir de 2 couches, la partie coupante en acier \u00e0 haute teneur en carbone et la couche de support en acier plus simple. La couche d&#039;acier est cassante et dure, tandis que la coque offre la flexibilit\u00e9 et la r\u00e9sistance \u00e0 la rupture n\u00e9cessaires.<\/p>\n\n\n\n<p>Les deux couches ne sont pas antirouille, donc gardez toujours le rasoir au sec apr\u00e8s le rasage et prot\u00e9gez-le avec une fine couche d&#039;huile ou de lubrifiant non toxique (par exemple Balistol). Pourquoi ce couteau rouille-t-il ? Les couteaux en acier inoxydable sont fabriqu\u00e9s \u00e0 partir d&#039;un alliage qui emp\u00eachera la formation de taches de corrosion, mais sera \u00e9galement moins dur. L&#039;acier \u00e0 haute teneur en carbone, comme la couche de coupe de ce Kamisori, offre une duret\u00e9 beaucoup plus grande et maintiendra un rasage en douceur beaucoup plus longtemps avant de devoir \u00eatre aff\u00fbt\u00e9 \u00e0 nouveau !<\/p>\n\n\n\n<p>Les Kamisori sont des lames de rasoir japonaises de haute qualit\u00e9 fabriqu\u00e9es par des ma\u00eetres de leur m\u00e9tier. Ces kamisori sont tr\u00e8s appr\u00e9ci\u00e9s dans la communaut\u00e9 traditionnelle japonaise du rasage pour les raisons suivantes :<\/p>\n\n\n\n<hr class=\"wp-block-separator has-alpha-channel-opacity\"\/>\n\n\n\n<h3 class=\"wp-block-heading\"> <strong>Qu&#039;est-ce qu&#039;une camisole ?<\/strong><\/h3>\n\n\n\n<ul class=\"wp-block-list\">\n<li>Kamisori est une lame de rasoir traditionnelle japonaise qui diff\u00e8re des rasoirs occidentaux. <em>rasoir droit<\/em> en ce qu&#039;ils ont souvent une pente de lame asym\u00e9trique (un c\u00f4t\u00e9 est droit, l&#039;autre est courb\u00e9).<\/li>\n\n\n\n<li>Utilis\u00e9 pour le rasage sans lames rempla\u00e7ables, c&#039;est un outil en acier solide qui n\u00e9cessite aff\u00fbtage et entretien.<\/li>\n<\/ul>\n\n\n\n<hr class=\"wp-block-separator has-alpha-channel-opacity\"\/>\n\n\n\n<h3 class=\"wp-block-heading\"><strong>Caract\u00e9ristiques uniques de Kamisori :<\/strong><\/h3>\n\n\n\n<ol class=\"wp-block-list\">\n<li><strong>Fait \u00e0 la main<\/strong> \u2013 chaque lame est fabriqu\u00e9e \u00e0 la main par un ma\u00eetre utilisant des techniques de forge traditionnelles.<\/li>\n\n\n\n<li><strong>Acier de haute qualit\u00e9<\/strong> \u2013 souvent utilis\u00e9 <em>Shirogami<\/em> (Livre blanc sur l&#039;acier) ou <em>Aogami<\/em> (Blue Paper Steel) acier qui conserve parfaitement son tranchant.<\/li>\n\n\n\n<li><strong>Conception asym\u00e9trique<\/strong> \u2013 typique des camisoles traditionnelles, permet un rasage extr\u00eamement pr\u00e9cis.<\/li>\n\n\n\n<li><strong>Esth\u00e9tique<\/strong> \u2013 comporte souvent des d\u00e9tails grav\u00e9s de mani\u00e8re artistique (par exemple des caract\u00e8res kanji), une \u00e9l\u00e9gance de style japonais.<\/li>\n\n\n\n<li><strong>R\u00e9putation<\/strong> \u2013 Les artisans japonais comptent parmi les fabricants les plus c\u00e9l\u00e8bres d\u2019outils de rasage vintage.<\/li>\n<\/ol>\n\n\n\n<p><\/p>\n\n\n\n<p>Henkotsu kamisori est un autre nom tr\u00e8s appr\u00e9ci\u00e9 dans le monde des lames de rasoir traditionnelles japonaises. Ce <strong>vintage (antique)<\/strong> couteaux kamisori, principalement fabriqu\u00e9s au 20e si\u00e8cle. au d\u00e9but ou pendant la guerre (ainsi que dans la p\u00e9riode d&#039;apr\u00e8s-guerre), et sont aujourd&#039;hui devenus des objets convoit\u00e9s parmi les collectionneurs et les amateurs de rasage.<\/p>\n\n\n\n<hr class=\"wp-block-separator has-alpha-channel-opacity\"\/>\n\n\n\n<h3 class=\"wp-block-heading\"><strong>Qu&#039;est-ce que Henkotsu ?<\/strong><\/h3>\n\n\n\n<ul class=\"wp-block-list\">\n<li><strong>\u00ab Henkotsu \u00bb (os mort)<\/strong> peut litt\u00e9ralement signifier \u00ab t\u00eatu \u00bb ou \u00ab excentrique \u00bb, mais dans le monde du rasage, c&#039;est <strong>marque de fabricant (ou d&#039;artisan)<\/strong>, qui \u00e9tait grav\u00e9 sur la lame du kamisori.<\/li>\n\n\n\n<li>Ces rasoirs ont \u00e9t\u00e9 fabriqu\u00e9s <strong>P\u00e9riode Showa (vers 1926\u20131989)<\/strong>, et certains m\u00eame plus t\u00f4t \u2013 <strong>Taish\u014d (1912\u20131926)<\/strong> ou m\u00eame <strong>Meiji (1868\u20131912)<\/strong> p\u00e9riode.<\/li>\n\n\n\n<li>La plupart d&#039;entre eux ont \u00e9t\u00e9 produits <strong>\u00c0 Osaka ou \u00e0 Tokyo<\/strong>, dans les c\u00e9l\u00e8bres quartiers de coutellerie.<\/li>\n<\/ul>\n\n\n\n<hr class=\"wp-block-separator has-alpha-channel-opacity\"\/>\n\n\n\n<h3 class=\"wp-block-heading\"><strong>Qu&#039;est-ce qui rend le kamisori Henkotsu si sp\u00e9cial ?<\/strong><\/h3>\n\n\n\n<ol class=\"wp-block-list\">\n<li><strong>Authentique et vintage<\/strong> \u2013 ce sont des outils de rasage historiques, souvent caract\u00e9ris\u00e9s par <em>wabi sabi<\/em> esth\u00e9tique (simplicit\u00e9, antiquit\u00e9, forme non id\u00e9ale).<\/li>\n\n\n\n<li><strong>Acier de haute qualit\u00e9<\/strong> \u2013 les anciens kamisori \u00e9taient forg\u00e9s \u00e0 partir de tissus traditionnels japonais <em>tamahagane<\/em> ou en acier au carbone dur.<\/li>\n\n\n\n<li><strong>Forme unique<\/strong> \u2013 un design de camisori classique et minimaliste, souvent sans poign\u00e9es, avec un gaufrage kanji subtil.<\/li>\n\n\n\n<li><strong>Bonne r\u00e9putation aupr\u00e8s des collectionneurs<\/strong> \u2013 Le nom Henkotsu est souvent compar\u00e9 \u00e0 d\u2019autres fabricants vintage c\u00e9l\u00e8bres tels qu\u2019Iwasaki ou Tanifuji.<\/li>\n\n\n\n<li><strong>Parfaitement aff\u00fbt\u00e9<\/strong> \u2013 Les couteaux Henkotsu correctement entretenus maintiennent une coupe tr\u00e8s nette et lisse.<\/li>\n<\/ol>","protected":false},"excerpt":{"rendered":"<ol>\n<li>Henkotsu<\/li>\n<li>Henkotsu<\/li>\n<li>Hurrek<\/li>\n<li>Kobayashi Kinsei<\/li>\n<li>Ippon Renda<\/li>\n<li>Ippon Renda<\/li>\n<li>Ippon Renda<\/li>\n<li>Ippon Renda<\/li>\n<li>Ippon Renda<\/li>\n<\/ol>\n<p><!-- wp:paragraph --><\/p>\n<p><strong>Utilisez-le et ne r\u00e9fl\u00e9chissez pas \u00e0 deux fois.<\/strong> L\u00e9g\u00e8rement affect\u00e9 par la corrosion.<\/p>\n<p><!-- \/wp:paragraph --><\/p>\n<p><!-- wp:paragraph --><\/p>\n<p>Si vous ne voyez pas le num\u00e9ro dans la liste, cela signifie que l&#039;article a \u00e9t\u00e9 vendu.<\/p>\n<p><!-- \/wp:paragraph --><\/p>","protected":false},"featured_media":4315,"comment_status":"open","ping_status":"closed","template":"","meta":[],"product_brand":[],"product_cat":[23],"product_tag":[314,328,330,25,329],"class_list":{"0":"post-4313","1":"product","2":"type-product","3":"status-publish","4":"has-post-thumbnail","6":"product_cat-razors","7":"product_tag-henkotsu","8":"product_tag-hureka","9":"product_tag-ippon-renda","10":"product_tag-kamisori","11":"product_tag-kobayashi-kinsei","12":"product_shipping_class-light","14":"first","15":"instock","16":"shipping-taxable","17":"purchasable","18":"product-type-variable"},"_links":{"self":[{"href":"https:\/\/jnats.eu\/fr\/wp-json\/wp\/v2\/product\/4313","targetHints":{"allow":["GET"]}}],"collection":[{"href":"https:\/\/jnats.eu\/fr\/wp-json\/wp\/v2\/product"}],"about":[{"href":"https:\/\/jnats.eu\/fr\/wp-json\/wp\/v2\/types\/product"}],"replies":[{"embeddable":true,"href":"https:\/\/jnats.eu\/fr\/wp-json\/wp\/v2\/comments?post=4313"}],"wp:featuredmedia":[{"embeddable":true,"href":"https:\/\/jnats.eu\/fr\/wp-json\/wp\/v2\/media\/4315"}],"wp:attachment":[{"href":"https:\/\/jnats.eu\/fr\/wp-json\/wp\/v2\/media?parent=4313"}],"wp:term":[{"taxonomy":"product_brand","embeddable":true,"href":"https:\/\/jnats.eu\/fr\/wp-json\/wp\/v2\/product_brand?post=4313"},{"taxonomy":"product_cat","embeddable":true,"href":"https:\/\/jnats.eu\/fr\/wp-json\/wp\/v2\/product_cat?post=4313"},{"taxonomy":"product_tag","embeddable":true,"href":"https:\/\/jnats.eu\/fr\/wp-json\/wp\/v2\/product_tag?post=4313"}],"curies":[{"name":"wp","href":"https:\/\/api.w.org\/{rel}","templated":true}]}}