{"id":4397,"date":"2025-04-16T11:42:40","date_gmt":"2025-04-16T08:42:40","guid":{"rendered":"https:\/\/jnats.eu\/?post_type=product&#038;p=4397"},"modified":"2026-01-06T09:14:18","modified_gmt":"2026-01-06T07:14:18","slug":"naudoti-kamisori-toroku-shohyo-yoshioka-chobomasa-henkotsu","status":"publish","type":"product","link":"https:\/\/jnats.eu\/fr\/produit-2\/naudoti-kamisori-toroku-shohyo-yoshioka-chobomasa-henkotsu\/","title":{"rendered":"Kamisori T\u014droku Sh\u014dhy\u014d, Yoshioka, Chobomasa, Henkotsu utilis\u00e9"},"content":{"rendered":"<figure class=\"wp-block-embed is-type-video is-provider-youtube wp-block-embed-youtube wp-embed-aspect-16-9 wp-has-aspect-ratio\"><div class=\"wp-block-embed__wrapper\">\n<div class=\"video-container\"><iframe title=\"Kamisori T\u014droku Sh\u014dhy\u014d, Yoshioka, Chobomasa, Henkotsu\" width=\"1170\" height=\"658\" src=\"https:\/\/www.youtube.com\/embed\/x53NFDvgPT0?feature=oembed\" frameborder=\"0\" allow=\"accelerometer; autoplay; clipboard-write; encrypted-media; gyroscope; picture-in-picture; web-share\" referrerpolicy=\"strict-origin-when-cross-origin\" allowfullscreen><\/iframe><\/div>\n<\/div><\/figure>\n\n\n\n<p>Les lames de rasage traditionnelles japonaises, connues sous le nom de <strong>kamisori<\/strong> (\u5243\u5200). Ils sont connus pour leur forme asym\u00e9trique - un c\u00f4t\u00e9 de la lame est plat et l'autre est plus convexe, ce qui permet un rasage tr\u00e8s pr\u00e9cis et propre.<\/p>\n\n\n\n<h3 class=\"wp-block-heading\">Ces kamisori :<\/h3>\n\n\n\n<ol class=\"wp-block-list\">\n<li><strong>Fait \u00e0 la main<\/strong>La plupart des kamisori sont fabriqu\u00e9s \u00e0 la main, ce qui est \u00e9galement le cas de celui-ci. <\/li>\n\n\n\n<li><strong>Outils traditionnels<\/strong>Le Kamisori a \u00e9t\u00e9 couramment utilis\u00e9 au Japon jusqu'au milieu du 20e si\u00e8cle. Aujourd'hui, il est appr\u00e9ci\u00e9 des collectionneurs et des amateurs de rasage traditionnel.<\/li>\n<\/ol>","protected":false},"excerpt":{"rendered":"<ol>\n<li>\u767b\u9332\u5546\u6a19 (t\u014droku sh\u014dhy\u014d) - marque d\u00e9pos\u00e9e. \u6771 - Est, probablement une abr\u00e9viation de \"Azuma\" (\u6771 - Azuma)<\/li>\n<li>\u767b\u9332\u5546\u6a19 (t\u014droku sh\u014dhy\u014d)<\/li>\n<li>\u767b\u9332\u5546\u6a19 (t\u014droku sh\u014dhy\u014d)<\/li>\n<li>\u767b\u9332 \u6771 - enregistr\u00e9 \u00e0 Azuma. \u5409\u5ca1\u88fd - fabriqu\u00e9 par Yoshioka (ma\u00eetre ou atelier)<\/li>\n<li>Chobomes<\/li>\n<li>Chobomes<\/li>\n<li>Chobomes<\/li>\n<li>Henkotsu<\/li>\n<li>Kamisori<\/li>\n<li>Kamisori<\/li>\n<\/ol>\n<p><strong>Utilisez-le et ne r\u00e9fl\u00e9chissez pas \u00e0 deux fois.<\/strong>\u00a0L\u00e9g\u00e8rement affect\u00e9 par la corrosion. Si vous ne voyez pas de n\u00b0 dans la liste, cela signifie que l'article a \u00e9t\u00e9 vendu. \u00a0<\/p>","protected":false},"featured_media":4402,"comment_status":"open","ping_status":"closed","template":"","meta":[],"product_brand":[],"product_cat":[23],"product_tag":[25],"class_list":{"0":"post-4397","1":"product","2":"type-product","3":"status-publish","4":"has-post-thumbnail","6":"product_cat-razors","7":"product_tag-kamisori","8":"product_shipping_class-light","10":"first","11":"instock","12":"shipping-taxable","13":"purchasable","14":"product-type-variable"},"_links":{"self":[{"href":"https:\/\/jnats.eu\/fr\/wp-json\/wp\/v2\/product\/4397","targetHints":{"allow":["GET"]}}],"collection":[{"href":"https:\/\/jnats.eu\/fr\/wp-json\/wp\/v2\/product"}],"about":[{"href":"https:\/\/jnats.eu\/fr\/wp-json\/wp\/v2\/types\/product"}],"replies":[{"embeddable":true,"href":"https:\/\/jnats.eu\/fr\/wp-json\/wp\/v2\/comments?post=4397"}],"wp:featuredmedia":[{"embeddable":true,"href":"https:\/\/jnats.eu\/fr\/wp-json\/wp\/v2\/media\/4402"}],"wp:attachment":[{"href":"https:\/\/jnats.eu\/fr\/wp-json\/wp\/v2\/media?parent=4397"}],"wp:term":[{"taxonomy":"product_brand","embeddable":true,"href":"https:\/\/jnats.eu\/fr\/wp-json\/wp\/v2\/product_brand?post=4397"},{"taxonomy":"product_cat","embeddable":true,"href":"https:\/\/jnats.eu\/fr\/wp-json\/wp\/v2\/product_cat?post=4397"},{"taxonomy":"product_tag","embeddable":true,"href":"https:\/\/jnats.eu\/fr\/wp-json\/wp\/v2\/product_tag?post=4397"}],"curies":[{"name":"wp","href":"https:\/\/api.w.org\/{rel}","templated":true}]}}