{"id":4422,"date":"2025-04-17T09:52:42","date_gmt":"2025-04-17T06:52:42","guid":{"rendered":"https:\/\/jnats.eu\/?post_type=product&#038;p=4422"},"modified":"2025-06-16T07:11:07","modified_gmt":"2025-06-16T04:11:07","slug":"nakayama-gosa","status":"publish","type":"product","link":"https:\/\/jnats.eu\/fr\/produit-2\/nakayama-gosa\/","title":{"rendered":"Nakayama Gosa"},"content":{"rendered":"<figure class=\"wp-block-embed is-type-video is-provider-youtube wp-block-embed-youtube wp-embed-aspect-16-9 wp-has-aspect-ratio\"><div class=\"wp-block-embed__wrapper\">\n<div class=\"video-container\"><iframe title=\"Nakayama Tomae, Gosa, Maruka, Ohira vs C.V. Heljestrand n\u00b0 133\" width=\"1170\" height=\"658\" src=\"https:\/\/www.youtube.com\/embed\/BxxCe3bcOhE?start=826&#038;feature=oembed\" frameborder=\"0\" allow=\"accelerometer; autoplay; clipboard-write; encrypted-media; gyroscope; picture-in-picture; web-share\" referrerpolicy=\"strict-origin-when-cross-origin\" allowfullscreen><\/iframe><\/div>\n<\/div><\/figure>\n\n\n\n<p>Le Nakayama Gosa est une pierre \u00e0 aiguiser japonaise naturelle extraite de la c\u00e9l\u00e8bre mine de Nakayama, pr\u00e8s de Kyoto, au Japon. Ces pierres appartiennent \u00e0 la cat\u00e9gorie des \"awasedo\", c'est-\u00e0-dire des pierres de finition, et sont tr\u00e8s appr\u00e9ci\u00e9es des amateurs d'aff\u00fbtage de couteaux, de rasoirs et d'outils pour leurs propri\u00e9t\u00e9s exceptionnelles. Cependant, la Gosa est un type sp\u00e9cifique de pierre de Nakayama qui diff\u00e8re des autres, comme la Tomae, par sa composition min\u00e9rale et ses caract\u00e9ristiques d'aff\u00fbtage.<\/p>\n\n\n\n<h3 class=\"wp-block-heading\">Informations de base sur Nakayama Gosa :<\/h3>\n\n\n\n<ol class=\"wp-block-list\">\n<li><strong>Origine et composition<\/strong>:\n<ul class=\"wp-block-list\">\n<li>Les pierres de Nakayama Gosa sont extraites de la mine de Nakayama, aujourd'hui ferm\u00e9e, ce qui rend ces pierres rares et pr\u00e9cieuses.<\/li>\n\n\n\n<li>Les pierres de Gosa ont souvent une teinte rouge\u00e2tre, gris\u00e2tre ou jaun\u00e2tre, et pr\u00e9sentent parfois des motifs uniques appel\u00e9s \"Iromono\". Leur couleur et leur texture d\u00e9pendent de la composition de min\u00e9raux tels que le quartz et l'argile.<\/li>\n\n\n\n<li>Les gossas sont tr\u00e8s similaires \u00e0 ceux de Nakayama Tomae, mais aussi tr\u00e8s fins, id\u00e9aux pour le polissage final.<\/li>\n<\/ul>\n<\/li>\n\n\n\n<li><strong>Usage<\/strong>:\n<ul class=\"wp-block-list\">\n<li>Les pierres Nakayama Gosa sont utilis\u00e9es comme pierres de finition, donnant \u00e0 la lame un tranchant tr\u00e8s net et semblable \u00e0 celui d'un miroir. Elles sont souvent choisies pour aiguiser les couteaux japonais (Santoku, Gyuto), les rasoirs droits ou les outils de travail du bois.<\/li>\n\n\n\n<li>Ils conviennent particuli\u00e8rement \u00e0 ceux qui recherchent une sensation d'aiguisage \u00e9quilibr\u00e9e - pas trop dure, mais suffisamment efficace pour fa\u00e7onner le tranchant.<\/li>\n<\/ul>\n<\/li>\n\n\n\n<li><strong>Sensation d'aff\u00fbtage<\/strong>:\n<ul class=\"wp-block-list\">\n<li>Les pierres Nakayama Gosa sont connues pour leur sensation d'aiguisage \"cr\u00e9meuse\" ou \"douce\", qui est plus agr\u00e9able que celle de nombreuses pierres dures.<\/li>\n\n\n\n<li>Ils permettent un contr\u00f4le pr\u00e9cis du processus d'aff\u00fbtage et leur surface s'adapte rapidement \u00e0 la lame, assurant un contact lisse.<\/li>\n<\/ul>\n<\/li>\n\n\n\n<li><strong>Rupum<\/strong>:\n<ul class=\"wp-block-list\">\n<li>Bien que les pierres naturelles n'aient pas la m\u00eame granulom\u00e9trie que les pierres synth\u00e9tiques, le Nakayama Gosa est g\u00e9n\u00e9ralement consid\u00e9r\u00e9 comme ayant une granulom\u00e9trie comprise entre 8000 et 10 000+, en fonction de la finesse de la pierre.<\/li>\n\n\n\n<li>Elles sont souvent utilis\u00e9es apr\u00e8s les pierres \u00e0 grain moyen (par exemple 4000-6000) pour compl\u00e9ter le processus d'aff\u00fbtage et obtenir un bord tr\u00e8s tranchant.<\/li>\n<\/ul>\n<\/li>\n<\/ol>\n\n\n\n<h3 class=\"wp-block-heading\">Pourquoi le Nakayama Gosa est-il sp\u00e9cial ?<\/h3>\n\n\n\n<p>Les pierres Nakayama Gosa sont appr\u00e9ci\u00e9es pour leur \u00e9quilibre entre douceur et finesse, ce qui permet d'obtenir un r\u00e9sultat d'aiguisage professionnel avec un processus agr\u00e9able. Leur raret\u00e9 et leurs propri\u00e9t\u00e9s min\u00e9rales uniques les rendent tr\u00e8s convoit\u00e9es par les amateurs de la tradition japonaise de l'aiguisage.<\/p>","protected":false},"excerpt":{"rendered":"<div class=\"woocommerce-product-details__short-description\">\n<ul>\n<li>Id\u00e9al pour la finition des rasoirs, couteaux, ciseaux, menuiserie et autres outils.<\/li>\n<li>Dimensions : 208x76x27 mm<\/li>\n<li>Poids : 1120 g<\/li>\n<li>Duret\u00e9 : Lv 5<\/li>\n<li>La surface est lisse et pr\u00eate \u00e0 \u00eatre travaill\u00e9e.<\/li>\n<\/ul>\n<\/div>","protected":false},"featured_media":4762,"comment_status":"open","ping_status":"closed","template":"","meta":[],"product_brand":[],"product_cat":[22],"product_tag":[335,49],"class_list":{"0":"post-4422","1":"product","2":"type-product","3":"status-publish","4":"has-post-thumbnail","6":"product_cat-jnats","7":"product_tag-gosa","8":"product_tag-nakayama","9":"product_shipping_class-iprastas","11":"first","12":"instock","13":"shipping-taxable","14":"purchasable","15":"product-type-simple"},"_links":{"self":[{"href":"https:\/\/jnats.eu\/fr\/wp-json\/wp\/v2\/product\/4422","targetHints":{"allow":["GET"]}}],"collection":[{"href":"https:\/\/jnats.eu\/fr\/wp-json\/wp\/v2\/product"}],"about":[{"href":"https:\/\/jnats.eu\/fr\/wp-json\/wp\/v2\/types\/product"}],"replies":[{"embeddable":true,"href":"https:\/\/jnats.eu\/fr\/wp-json\/wp\/v2\/comments?post=4422"}],"wp:featuredmedia":[{"embeddable":true,"href":"https:\/\/jnats.eu\/fr\/wp-json\/wp\/v2\/media\/4762"}],"wp:attachment":[{"href":"https:\/\/jnats.eu\/fr\/wp-json\/wp\/v2\/media?parent=4422"}],"wp:term":[{"taxonomy":"product_brand","embeddable":true,"href":"https:\/\/jnats.eu\/fr\/wp-json\/wp\/v2\/product_brand?post=4422"},{"taxonomy":"product_cat","embeddable":true,"href":"https:\/\/jnats.eu\/fr\/wp-json\/wp\/v2\/product_cat?post=4422"},{"taxonomy":"product_tag","embeddable":true,"href":"https:\/\/jnats.eu\/fr\/wp-json\/wp\/v2\/product_tag?post=4422"}],"curies":[{"name":"wp","href":"https:\/\/api.w.org\/{rel}","templated":true}]}}