{"id":4428,"date":"2025-04-25T10:10:17","date_gmt":"2025-04-25T07:10:17","guid":{"rendered":"https:\/\/jnats.eu\/?post_type=product&#038;p=4428"},"modified":"2025-06-06T23:21:16","modified_gmt":"2025-06-06T20:21:16","slug":"nakayama-maruka","status":"publish","type":"product","link":"https:\/\/jnats.eu\/fr\/produit-2\/nakayama-maruka\/","title":{"rendered":"Nakayama Maruka Niv 5"},"content":{"rendered":"<figure class=\"wp-block-embed is-type-video is-provider-youtube wp-block-embed-youtube wp-embed-aspect-16-9 wp-has-aspect-ratio\"><div class=\"wp-block-embed__wrapper\">\n<div class=\"video-container\"><iframe title=\"Revue des pierres \u00e0 aiguiser naturelles japonaises : Nakayama Maruka, Nishiyama Suita, Shobudani Kiita\" width=\"1170\" height=\"658\" src=\"https:\/\/www.youtube.com\/embed\/OiljG67gTz8?start=645&#038;feature=oembed\" frameborder=\"0\" allow=\"accelerometer; autoplay; clipboard-write; encrypted-media; gyroscope; picture-in-picture; web-share\" referrerpolicy=\"strict-origin-when-cross-origin\" allowfullscreen><\/iframe><\/div>\n<\/div><\/figure>\n\n\n\n<p>Les Nakayama Maruka sont des pierres \u00e0 aiguiser japonaises naturelles provenant de la mine de Nakayama pr\u00e8s de Kyoto, au Japon, sous la marque Maruka. Ces pierres appartiennent \u00e0 la cat\u00e9gorie \"awasedo\" (pierres de finition) et sont tr\u00e8s appr\u00e9ci\u00e9es pour leur qualit\u00e9 et leurs propri\u00e9t\u00e9s d'aff\u00fbtage. <\/p>\n\n\n\n<h3 class=\"wp-block-heading\">Caract\u00e9ristiques principales :<\/h3>\n\n\n\n<ol class=\"wp-block-list\">\n<li><strong>L'origine et le signe Maruca<\/strong>:\n<ul class=\"wp-block-list\">\n<li>Les pierres Nakayama Maruka sont associ\u00e9es \u00e0 Kato Mutsuyama, qui \u00e9tait le propri\u00e9taire de la marque Maruka avec la lettre \"ka\" et le cachet Seihonzan (\u32d5\u6b63\u672c\u5c71). Ce sceau est devenu le symbole de la qualit\u00e9 des pierres de Nakayama.<\/li>\n\n\n\n<li>Toutes les pierres de Nakayama ne portent pas la marque \"Maruka\". Par exemple, les pierres de taille irr\u00e9guli\u00e8re, de grande taille ou brutes n'\u00e9taient souvent pas marqu\u00e9es. Plus tard, au cours du traitement, certaines pierres ont \u00e9t\u00e9 estampill\u00e9es avec la marque Maruka, m\u00eame si elles ne l'avaient pas \u00e0 l'origine.<\/li>\n\n\n\n<li>Les pierres vendues avant la p\u00e9riode de marquage Maruka (avant 1952) ne portent pas non plus ce cachet. N\u00e9anmoins, si la pierre provient de la mine de Kato Mutsuyama, elle est consid\u00e9r\u00e9e comme une authentique pierre de Nakayama, avec ou sans la marque \"Maruka\".<a href=\"https:\/\/jnats.eu\/it\/prodotto-2\/nakayama-maruka-8-sluoksniu-japoniskas-naturalus-akmuo-galandimui\/\" target=\"_blank\" rel=\"noreferrer noopener\"><\/a><a href=\"https:\/\/jnats.eu\/en\/product-2\/nakayama-maruka-8-layer-japanese-natural-stone-for-sharpening\/\" target=\"_blank\" rel=\"noreferrer noopener\"><\/a><\/li>\n<\/ul>\n<\/li>\n\n\n\n<li><strong>Composition et aspect des min\u00e9raux<\/strong>:\n<ul class=\"wp-block-list\">\n<li>Les pierres Nakayama Maruka ont souvent une structure multi-plis (par exemple 8 plis, comme dans Nakayama Maruka 8 Ply), ce qui leur conf\u00e8re des propri\u00e9t\u00e9s d'aff\u00fbtage uniques.<\/li>\n\n\n\n<li>Les couleurs peuvent \u00eatre jaunes, roses, grises ou m\u00eame \"Iromono\" (motifs color\u00e9s). Les vari\u00e9t\u00e9s les plus populaires sont \"Hondomae\", \"Shikitomae\" ou \"Kiita\" (pierres jaun\u00e2tres).<\/li>\n\n\n\n<li>Les pierres sont \u00e0 grain fin, tr\u00e8s dures, mais offrent une agr\u00e9able sensation d'aiguisage, d\u00e9crite comme \"soyeuse\" ou \"cr\u00e9meuse\".<\/li>\n<\/ul>\n<\/li>\n\n\n\n<li><strong>Usage<\/strong>:\n<ul class=\"wp-block-list\">\n<li>Les pierres Nakayama Maruka sont utilis\u00e9es pour l'aff\u00fbtage final des couteaux, des rasoirs droits et des outils de travail du bois afin d'obtenir un tranchant miroir.<\/li>\n\n\n\n<li>Leur finesse est \u00e9quivalente \u00e0 celle des pierres synth\u00e9tiques de grain 8000-12000+, ce qui les rend id\u00e9ales pour le polissage apr\u00e8s les pierres plus grosses (par exemple, grain 4000-6000).<\/li>\n\n\n\n<li>Gr\u00e2ce \u00e0 leur structure, ils produisent une l\u00e9g\u00e8re boue abrasive qui contribue \u00e0 un aff\u00fbtage efficace.<\/li>\n<\/ul>\n<\/li>\n\n\n\n<li><strong>Sensation d'aff\u00fbtage<\/strong>:\n<ul class=\"wp-block-list\">\n<li>Les pierres Maruka de Nakayama sont connues pour leur sensation d'aiguisage extr\u00eamement agr\u00e9able, plus douce et plus rapide que beaucoup d'autres pierres naturelles.<\/li>\n\n\n\n<li>Leur surface permet un contr\u00f4le pr\u00e9cis du processus d'aff\u00fbtage, ce qui est particuli\u00e8rement important pour les professionnels.<\/li>\n<\/ul>\n<\/li>\n<\/ol>\n\n\n\n<h3 class=\"wp-block-heading\">Aspects du march\u00e9 :<\/h3>\n\n\n\n<ul class=\"wp-block-list\">\n<li><strong>Raret\u00e9<\/strong>Les pierres de Maruka : La mine de Nakayama \u00e9tant ferm\u00e9e, les pierres de Maruka sont tr\u00e8s rares. Leur offre sur le march\u00e9 diminue, ce qui fait monter les prix.<\/li>\n\n\n\n<li><strong>Authenticit\u00e9<\/strong>R : En raison de la raret\u00e9 et de la popularit\u00e9 de la marque Maruka, il existe des contrefa\u00e7ons sur le march\u00e9. \"L'estampille Seihonzan n'est pas un gage de qualit\u00e9, il faut donc juger la pierre sur son aspect, sa texture et sa r\u00e9putation de fournisseur fiable. Il est recommand\u00e9 d'acheter dans des magasins sp\u00e9cialis\u00e9s.<a href=\"https:\/\/jnats.eu\/it\/prodotto-2\/nakayama-maruka-8-sluoksniu-japoniskas-naturalus-akmuo-galandimui\/\" target=\"_blank\" rel=\"noreferrer noopener\"><\/a><a href=\"https:\/\/jnats.eu\/en\/product-2\/nakayama-maruka-8-layer-japanese-natural-stone-for-sharpening\/\" target=\"_blank\" rel=\"noreferrer noopener\"><\/a><\/li>\n\n\n\n<li><strong>L'histoire<\/strong>Apr\u00e8s la Seconde Guerre mondiale, le commerce de la pierre de Nakayama \u00e9tait contr\u00f4l\u00e9 par plusieurs n\u00e9gociants de Kyoto, dont Hatanaka Whetstone. En 1952, Hatanaka a d\u00e9pos\u00e9 la marque \"Junshin Honzan\" et, apr\u00e8s 1980, a acquis les droits miniers de Nakayama et la marque \"Maruka\". N\u00e9anmoins, les pierres \u00e9taient \u00e9galement distribu\u00e9es par d'autres canaux, de sorte qu'elles ne portent pas toutes la marque Maruka.<a href=\"https:\/\/jnats.eu\/it\/prodotto-2\/nakayama-maruka-8-sluoksniu-japoniskas-naturalus-akmuo-galandimui\/\" target=\"_blank\" rel=\"noreferrer noopener\"><\/a><a href=\"https:\/\/jnats.eu\/ru\/%25D0%25BF%25D1%2580%25D0%25BE%25D0%25B4%25D1%2583%25D0%25BA%25D1%2582\/nakayama-maruka-8-sluoksniu-japoniskas-naturalus-akmuo-galandimui\/\" target=\"_blank\" rel=\"noreferrer noopener\"><\/a><\/li>\n<\/ul>\n\n\n\n<h3 class=\"wp-block-heading\">Pourquoi Nakayama Maruka est-il sp\u00e9cial ?<\/h3>\n\n\n\n<ul class=\"wp-block-list\">\n<li><strong>Qualit\u00e9<\/strong>R : Les pierres Maruka de Nakayama sont consid\u00e9r\u00e9es comme l'une des meilleures pierres \u00e0 aiguiser naturelles au monde en raison de leur finesse, de leur duret\u00e9 et de leur capacit\u00e9 d'aiguisage unique.<\/li>\n\n\n\n<li><strong>Diversit\u00e9<\/strong>Les pierres : Chaque pierre est unique, avec des motifs et des caract\u00e9ristiques diff\u00e9rents qui les rendent recherch\u00e9es par les collectionneurs et les professionnels.<\/li>\n\n\n\n<li><strong>La tradition<\/strong>Maruka : La marque Maruka est un symbole de la culture japonaise de l'aiguisage, associ\u00e9e aux pierres de la plus haute qualit\u00e9.<\/li>\n<\/ul>","protected":false},"excerpt":{"rendered":"<div class=\"woocommerce-product-details__short-description\">\n<ul>\n<li>Convient pour la finition des rasoirs, des couteaux, des ciseaux, des outils de menuiserie et autres.<\/li>\n<li>Dimensions : 198x68x22 mm<\/li>\n<li>Poids : 660g<\/li>\n<li>Duret\u00e9 : Lv 5<\/li>\n<li>Une pierre rapide pour la finition des rasoirs. La marque Maruka est conserv\u00e9e mais estomp\u00e9e. Il s'agit vraiment d'une pierre de premier ordre. Vous pouvez le constater par vous-m\u00eame dans la vid\u00e9o ci-dessous.<\/li>\n<\/ul>\n<\/div>","protected":false},"featured_media":4483,"comment_status":"open","ping_status":"closed","template":"","meta":[],"product_brand":[],"product_cat":[22],"product_tag":[58,49],"class_list":{"0":"post-4428","1":"product","2":"type-product","3":"status-publish","4":"has-post-thumbnail","6":"product_cat-jnats","7":"product_tag-maruka","8":"product_tag-nakayama","9":"product_shipping_class-iprastas","11":"first","12":"outofstock","13":"shipping-taxable","14":"purchasable","15":"product-type-simple"},"_links":{"self":[{"href":"https:\/\/jnats.eu\/fr\/wp-json\/wp\/v2\/product\/4428","targetHints":{"allow":["GET"]}}],"collection":[{"href":"https:\/\/jnats.eu\/fr\/wp-json\/wp\/v2\/product"}],"about":[{"href":"https:\/\/jnats.eu\/fr\/wp-json\/wp\/v2\/types\/product"}],"replies":[{"embeddable":true,"href":"https:\/\/jnats.eu\/fr\/wp-json\/wp\/v2\/comments?post=4428"}],"wp:featuredmedia":[{"embeddable":true,"href":"https:\/\/jnats.eu\/fr\/wp-json\/wp\/v2\/media\/4483"}],"wp:attachment":[{"href":"https:\/\/jnats.eu\/fr\/wp-json\/wp\/v2\/media?parent=4428"}],"wp:term":[{"taxonomy":"product_brand","embeddable":true,"href":"https:\/\/jnats.eu\/fr\/wp-json\/wp\/v2\/product_brand?post=4428"},{"taxonomy":"product_cat","embeddable":true,"href":"https:\/\/jnats.eu\/fr\/wp-json\/wp\/v2\/product_cat?post=4428"},{"taxonomy":"product_tag","embeddable":true,"href":"https:\/\/jnats.eu\/fr\/wp-json\/wp\/v2\/product_tag?post=4428"}],"curies":[{"name":"wp","href":"https:\/\/api.w.org\/{rel}","templated":true}]}}