{"id":4509,"date":"2025-04-30T14:47:15","date_gmt":"2025-04-30T11:47:15","guid":{"rendered":"https:\/\/jnats.eu\/?post_type=product&#038;p=4509"},"modified":"2026-02-12T09:28:34","modified_gmt":"2026-02-12T07:28:34","slug":"nakayama-kiita-lv-4","status":"publish","type":"product","link":"https:\/\/jnats.eu\/fr\/produit-2\/nakayama-kiita-lv-4\/","title":{"rendered":"Nakayama Kiita Lv 4"},"content":{"rendered":"<figure class=\"wp-block-embed is-type-video is-provider-youtube wp-block-embed-youtube wp-embed-aspect-16-9 wp-has-aspect-ratio\"><div class=\"wp-block-embed__wrapper\">\n<div class=\"video-container\"><iframe title=\"Aiguiser le rasoir Puma : Aizu, Aiwatani, Nakayama Kiita, Nashiji, Karasu\" width=\"1170\" height=\"658\" src=\"https:\/\/www.youtube.com\/embed\/fu4WmCwVvQU?start=416&#038;feature=oembed\" frameborder=\"0\" allow=\"accelerometer; autoplay; clipboard-write; encrypted-media; gyroscope; picture-in-picture; web-share\" referrerpolicy=\"strict-origin-when-cross-origin\" allowfullscreen><\/iframe><\/div>\n<\/div><\/figure>\n\n\n\n<p>Nakayama Kiita Lv 4 est une pierre d'aff\u00fbtage naturelle japonaise de haute qualit\u00e9 (toishi) pour les couteaux, les rasoirs et les outils. <\/p>\n\n\n\n<ul class=\"wp-block-list\">\n<li><strong>Origine et qualit\u00e9<\/strong>Pierre de la mine Nakayama, r\u00e9put\u00e9e pour sa qualit\u00e9 exceptionnelle et sa rare couleur jaune (kiita), tr\u00e8s pris\u00e9e au Japon. Elle est class\u00e9e dans la cat\u00e9gorie des pierres de collection pour sa raret\u00e9 et son esth\u00e9tique.<a href=\"https:\/\/www.japanesenaturalstones.com\/nakayama-kiita-lv-4-5-a1225\/\" target=\"_blank\" rel=\"noreferrer noopener\"><\/a><a href=\"https:\/\/www.japanesenaturalstones.com\/nakayama-kiita-lv-4-a1845\/\" target=\"_blank\" rel=\"noreferrer noopener\"><\/a><\/li>\n\n\n\n<li><strong>Duret\u00e9 et finesse<\/strong>Niveau de duret\u00e9 : Lv 4, mais la finesse est d'environ 8000 Grit, donc la pierre est assez fine pour l'aiguisage final. Elle n'est ni trop dure ni trop molle, ce qui la rend facile \u00e0 utiliser, en particulier pour les d\u00e9butants.<a href=\"https:\/\/www.japanesenaturalstones.com\/nakayama-kiita-lv-4-a1845\/\" target=\"_blank\" rel=\"noreferrer noopener\"><\/a><\/li>\n\n\n\n<li><strong>Usage<\/strong>La pierre \u00e0 aiguiser : Id\u00e9ale pour aiguiser les petits outils ou les petits couteaux. Peut \u00eatre utilis\u00e9 avec une pierre nagura pour am\u00e9liorer les r\u00e9sultats de l'aiguisage. Pour les rasoirs (kamisori et occidentaux) - pr\u00e9finition.<\/li>\n\n\n\n<li><strong>Finition<\/strong>La finition semi-miroir est \u00e0 la fois esth\u00e9tique et fonctionnelle, et garantit une lame extr\u00eamement tranchante.<a href=\"https:\/\/www.japanesenaturalstones.com\/nakayama-kiita-lv-4-5-a1225\/\" target=\"_blank\" rel=\"noreferrer noopener\"><\/a><a href=\"https:\/\/www.japanesenaturalstones.com\/nakayama-kiita-lv-4-a1845\/\" target=\"_blank\" rel=\"noreferrer noopener\"><\/a><\/li>\n\n\n\n<li><strong>Apparence<\/strong>Le gris et le jaune sont combin\u00e9s, sans lignes toxiques ni inclusions, pour un aff\u00fbtage propre et sans accroc. <\/li>\n\n\n\n<li><strong>Caract\u00e9ristiques sp\u00e9ciales<\/strong>R : La pierre est facile \u00e0 utiliser, elle permet un enl\u00e8vement rapide du m\u00e9tal et la sensation d'aff\u00fbtage est extr\u00eamement douce et agr\u00e9able.<a href=\"https:\/\/www.japanesenaturalstones.com\/nakayama-kiita-lv-4-5-a1225\/\" target=\"_blank\" rel=\"noreferrer noopener\"><\/a><a href=\"https:\/\/www.japanesenaturalstones.com\/nakayama-sunashi-suita-kiita-lv-4-a787\/\" target=\"_blank\" rel=\"noreferrer noopener\"><\/a><\/li>\n<\/ul>\n\n\n\n<p>Cette pierre est rare et pris\u00e9e pour ses propri\u00e9t\u00e9s d'aff\u00fbtage et sa beaut\u00e9, et est souvent consid\u00e9r\u00e9e comme un objet de collection. <\/p>","protected":false},"excerpt":{"rendered":"<ul>\n<li>Convient pour la finition des couteaux, ciseaux, outils de menuiserie et autres. Pr\u00e9finition pour les rasoirs.<\/li>\n<li>Dimensions : 205x75x36 mm<\/li>\n<li>Poids avec support : 1280 g<\/li>\n<li>Duret\u00e9 : Lv 4<\/li>\n<li>Une pierre rapide et de premi\u00e8re qualit\u00e9 pour l'ach\u00e8vement. La marque Maruka a \u00e9t\u00e9 conserv\u00e9e, mais elle est floue.<\/li>\n<\/ul>","protected":false},"featured_media":4517,"comment_status":"open","ping_status":"closed","template":"","meta":[],"product_brand":[],"product_cat":[22],"product_tag":[141,336,49],"class_list":{"0":"post-4509","1":"product","2":"type-product","3":"status-publish","4":"has-post-thumbnail","6":"product_cat-jnats","7":"product_tag-kiita","8":"product_tag-lv-4","9":"product_tag-nakayama","10":"product_shipping_class-iprastas","12":"first","13":"outofstock","14":"shipping-taxable","15":"purchasable","16":"product-type-simple"},"_links":{"self":[{"href":"https:\/\/jnats.eu\/fr\/wp-json\/wp\/v2\/product\/4509","targetHints":{"allow":["GET"]}}],"collection":[{"href":"https:\/\/jnats.eu\/fr\/wp-json\/wp\/v2\/product"}],"about":[{"href":"https:\/\/jnats.eu\/fr\/wp-json\/wp\/v2\/types\/product"}],"replies":[{"embeddable":true,"href":"https:\/\/jnats.eu\/fr\/wp-json\/wp\/v2\/comments?post=4509"}],"wp:featuredmedia":[{"embeddable":true,"href":"https:\/\/jnats.eu\/fr\/wp-json\/wp\/v2\/media\/4517"}],"wp:attachment":[{"href":"https:\/\/jnats.eu\/fr\/wp-json\/wp\/v2\/media?parent=4509"}],"wp:term":[{"taxonomy":"product_brand","embeddable":true,"href":"https:\/\/jnats.eu\/fr\/wp-json\/wp\/v2\/product_brand?post=4509"},{"taxonomy":"product_cat","embeddable":true,"href":"https:\/\/jnats.eu\/fr\/wp-json\/wp\/v2\/product_cat?post=4509"},{"taxonomy":"product_tag","embeddable":true,"href":"https:\/\/jnats.eu\/fr\/wp-json\/wp\/v2\/product_tag?post=4509"}],"curies":[{"name":"wp","href":"https:\/\/api.w.org\/{rel}","templated":true}]}}