{"id":4523,"date":"2025-04-30T14:52:53","date_gmt":"2025-04-30T11:52:53","guid":{"rendered":"https:\/\/jnats.eu\/?post_type=product&#038;p=4523"},"modified":"2025-06-22T11:59:20","modified_gmt":"2025-06-22T08:59:20","slug":"nakayama-karasu-lv-5","status":"publish","type":"product","link":"https:\/\/jnats.eu\/fr\/produit-2\/nakayama-karasu-lv-5\/","title":{"rendered":"Nakayama Karasu Niv 5"},"content":{"rendered":"<figure class=\"wp-block-embed is-type-video is-provider-youtube wp-block-embed-youtube wp-embed-aspect-16-9 wp-has-aspect-ratio\"><div class=\"wp-block-embed__wrapper\">\n<div class=\"video-container\"><iframe title=\"Aiguiser le rasoir Puma : Aizu, Aiwatani, Nakayama Kiita, Nashiji, Karasu\" width=\"1170\" height=\"658\" src=\"https:\/\/www.youtube.com\/embed\/fu4WmCwVvQU?start=963&#038;feature=oembed\" frameborder=\"0\" allow=\"accelerometer; autoplay; clipboard-write; encrypted-media; gyroscope; picture-in-picture; web-share\" referrerpolicy=\"strict-origin-when-cross-origin\" allowfullscreen><\/iframe><\/div>\n<\/div><\/figure>\n\n\n\n<p>Le Nakayama Karasu Lv 5 est une pierre \u00e0 aiguiser naturelle japonaise (toishi) de haute qualit\u00e9, tr\u00e8s appr\u00e9ci\u00e9e pour sa raret\u00e9, son esth\u00e9tique et ses propri\u00e9t\u00e9s d'aiguisage exceptionnelles. Voici une description bas\u00e9e sur les informations disponibles :<\/p>\n\n\n\n<ul class=\"wp-block-list\">\n<li><strong>Origine et qualit\u00e9<\/strong>Karasu (\"corbeau\") : pierre provenant de la mine de Nakayama, c\u00e9l\u00e8bre pour sa production de pierres \u00e0 aiguiser parmi les plus fines au monde. Le nom Karasu (\"corbeau\") vient de son motif unique de taches noires ou fonc\u00e9es sur un fond gris ou bleu (mizu asagi), ressemblant aux plumes d'un corbeau. Il s'agit d'une pierre de qualit\u00e9 sup\u00e9rieure, particuli\u00e8rement rare et appr\u00e9ci\u00e9e des collectionneurs.<a href=\"https:\/\/www.japanesenaturalstones.com\/nakayama-san-karasu-lv-5-a265\/\" target=\"_blank\" rel=\"noreferrer noopener\"><\/a><a href=\"https:\/\/japanese-whetstones.com\/products\/nakayama-karasu-lv-5\" target=\"_blank\" rel=\"noreferrer noopener\"><\/a><\/li>\n\n\n\n<li><strong>Duret\u00e9 et finesse<\/strong>Niveau de duret\u00e9 Lv 5 (dur), finesse de 1500Grit, ce qui rend la pierre superfine, id\u00e9ale pour l'aiguisage final. La surface est tr\u00e8s lisse, sans lignes toxiques ni inclusions, ce qui garantit un aff\u00fbtage propre et pr\u00e9cis.<a href=\"https:\/\/www.japanesenaturalstones.com\/nakayama-karasu-lv-5-a1603\/\" target=\"_blank\" rel=\"noreferrer noopener\"><\/a><a href=\"https:\/\/zenrazorjapan.com\/products\/nakayama-asagi-karasu-hardness-5-fineness-5\" target=\"_blank\" rel=\"noreferrer noopener\"><\/a><\/li>\n\n\n\n<li><strong>Usage<\/strong>L'objectif principal est l'aff\u00fbtage final des rasoirs (kamisori et occidentaux), des petits outils (par exemple, les ciseaux) ou des couteaux. Convient pour obtenir des bords extr\u00eamement tranchants, donne une finition lisse, proche du miroir. Il est recommand\u00e9 de l'utiliser avec une pierre nagura, en particulier pour les rasoirs occidentaux, afin d'obtenir des r\u00e9sultats optimaux plus rapidement.<a href=\"https:\/\/www.japanesenaturalstones.com\/nakayama-san-karasu-lv-5-a265\/\" target=\"_blank\" rel=\"noreferrer noopener\"><\/a><a href=\"https:\/\/www.japanesenaturalstones.com\/nakayama-maruichi-kamisori-karasu-lv-5-a1743\/\" target=\"_blank\" rel=\"noreferrer noopener\"><\/a><\/li>\n\n\n\n<li><strong>Finition<\/strong>La pierre \u00e0 aiguiser : Elle donne un bord hautement poli, tranchant et lisse pour le rasage de pr\u00e9cision ou l'outillage. La pierre est assez abrasive sur le m\u00e9tal.<a href=\"https:\/\/www.japanesenaturalstones.com\/nakayama-maruichi-karasu-suita-lv-4-5-a1636\/\" target=\"_blank\" rel=\"noreferrer noopener\"><\/a><\/li>\n\n\n\n<li><strong>Apparence<\/strong>La pierre est caract\u00e9ris\u00e9e par une belle base grise ou gris bleut\u00e9 (mizu asagi) avec des taches noires brillantes de karasu qui traversent les couches de la pierre. La pierre est exempte de d\u00e9fauts tels que des fissures ou des lignes toxiques et est esth\u00e9tique. <\/li>\n<\/ul>","protected":false},"excerpt":{"rendered":"<ul>\n<li>Convient pour la finition des rasoirs, des couteaux, des ciseaux, des outils de menuiserie et autres.<\/li>\n<li>Dimensions : 209x72x22 mm<\/li>\n<li>Poids avec support : 1170 g<\/li>\n<li>Duret\u00e9 : Lv 5<\/li>\n<li>Une pierre rapide pour la finition des rasoirs.  Il s'agit d'une pierre de qualit\u00e9 sup\u00e9rieure. Vous pouvez le constater par vous-m\u00eame dans la vid\u00e9o ci-dessous.<\/li>\n<\/ul>","protected":false},"featured_media":4527,"comment_status":"open","ping_status":"closed","template":"","meta":[],"product_brand":[],"product_cat":[22],"product_tag":[57,337,49],"class_list":{"0":"post-4523","1":"product","2":"type-product","3":"status-publish","4":"has-post-thumbnail","6":"product_cat-jnats","7":"product_tag-karasu","8":"product_tag-lv-5","9":"product_tag-nakayama","10":"product_shipping_class-iprastas","12":"first","13":"outofstock","14":"shipping-taxable","15":"purchasable","16":"product-type-simple"},"_links":{"self":[{"href":"https:\/\/jnats.eu\/fr\/wp-json\/wp\/v2\/product\/4523","targetHints":{"allow":["GET"]}}],"collection":[{"href":"https:\/\/jnats.eu\/fr\/wp-json\/wp\/v2\/product"}],"about":[{"href":"https:\/\/jnats.eu\/fr\/wp-json\/wp\/v2\/types\/product"}],"replies":[{"embeddable":true,"href":"https:\/\/jnats.eu\/fr\/wp-json\/wp\/v2\/comments?post=4523"}],"wp:featuredmedia":[{"embeddable":true,"href":"https:\/\/jnats.eu\/fr\/wp-json\/wp\/v2\/media\/4527"}],"wp:attachment":[{"href":"https:\/\/jnats.eu\/fr\/wp-json\/wp\/v2\/media?parent=4523"}],"wp:term":[{"taxonomy":"product_brand","embeddable":true,"href":"https:\/\/jnats.eu\/fr\/wp-json\/wp\/v2\/product_brand?post=4523"},{"taxonomy":"product_cat","embeddable":true,"href":"https:\/\/jnats.eu\/fr\/wp-json\/wp\/v2\/product_cat?post=4523"},{"taxonomy":"product_tag","embeddable":true,"href":"https:\/\/jnats.eu\/fr\/wp-json\/wp\/v2\/product_tag?post=4523"}],"curies":[{"name":"wp","href":"https:\/\/api.w.org\/{rel}","templated":true}]}}