{"id":4544,"date":"2025-05-02T09:59:32","date_gmt":"2025-05-02T06:59:32","guid":{"rendered":"https:\/\/jnats.eu\/?post_type=product&#038;p=4544"},"modified":"2025-09-26T13:33:41","modified_gmt":"2025-09-26T10:33:41","slug":"vintaziniai-skustuvai-crown-coral-manaslu","status":"publish","type":"product","link":"https:\/\/jnats.eu\/fr\/produit-2\/vintaziniai-skustuvai-crown-coral-manaslu\/","title":{"rendered":"Rasoirs vintage Crown, Coral, Manaslu, Kamisori"},"content":{"rendered":"<figure class=\"wp-block-embed is-type-video is-provider-youtube wp-block-embed-youtube wp-embed-aspect-16-9 wp-has-aspect-ratio\"><div class=\"wp-block-embed__wrapper\">\n<div class=\"video-container\"><iframe title=\"Rasoirs droits vintage Crown, Coral, Manaslu, Kamisori\" width=\"1170\" height=\"658\" src=\"https:\/\/www.youtube.com\/embed\/f1eIJ4mtKEY?feature=oembed\" frameborder=\"0\" allow=\"accelerometer; autoplay; clipboard-write; encrypted-media; gyroscope; picture-in-picture; web-share\" referrerpolicy=\"strict-origin-when-cross-origin\" allowfullscreen><\/iframe><\/div>\n<\/div><\/figure>","protected":false},"excerpt":{"rendered":"<ol>\n<li>Couronne 888. La lame est tr\u00e8s probablement en acier au carbone, car la couche de patine typique de ce mat\u00e9riau est visible.<\/li>\n<li>Coral 1070 Pour les barbiers professionnels. \"Les rasoirs Coral ont \u00e9t\u00e9 fabriqu\u00e9s \u00e0 Solingen (Allemagne). Tr\u00e8s probablement en acier inoxydable. Le manche est en plastique noir (probablement en bak\u00e9lite).<\/li>\n<li>Coral 1070 Pour les barbiers professionnels. \"Les rasoirs Coral ont \u00e9t\u00e9 fabriqu\u00e9s \u00e0 Solingen (Allemagne). Tr\u00e8s probablement en acier inoxydable. Le manche est en plastique noir (probablement en bak\u00e9lite).<\/li>\n<li>Poign\u00e9e en plastique noir (probablement en bak\u00e9lite)<\/li>\n<li>Manaslu M-100 Yakamatsu Razor Works Osaka TokyoNichiri Co. LTD Japon 1076. Probablement en acier inoxydable.<\/li>\n<li>Kamisori A38 PAT 798968 Il est probablement en acier au carbone.<\/li>\n<\/ol>","protected":false},"featured_media":4549,"comment_status":"open","ping_status":"closed","template":"","meta":[],"product_brand":[],"product_cat":[23],"product_tag":[342,340,25,341,343,160],"class_list":{"0":"post-4544","1":"product","2":"type-product","3":"status-publish","4":"has-post-thumbnail","6":"product_cat-razors","7":"product_tag-coral","8":"product_tag-crown","9":"product_tag-kamisori","10":"product_tag-manaslu","11":"product_tag-razors","12":"product_tag-skustuvai","13":"product_shipping_class-light","15":"first","16":"instock","17":"shipping-taxable","18":"purchasable","19":"product-type-variable"},"_links":{"self":[{"href":"https:\/\/jnats.eu\/fr\/wp-json\/wp\/v2\/product\/4544","targetHints":{"allow":["GET"]}}],"collection":[{"href":"https:\/\/jnats.eu\/fr\/wp-json\/wp\/v2\/product"}],"about":[{"href":"https:\/\/jnats.eu\/fr\/wp-json\/wp\/v2\/types\/product"}],"replies":[{"embeddable":true,"href":"https:\/\/jnats.eu\/fr\/wp-json\/wp\/v2\/comments?post=4544"}],"wp:featuredmedia":[{"embeddable":true,"href":"https:\/\/jnats.eu\/fr\/wp-json\/wp\/v2\/media\/4549"}],"wp:attachment":[{"href":"https:\/\/jnats.eu\/fr\/wp-json\/wp\/v2\/media?parent=4544"}],"wp:term":[{"taxonomy":"product_brand","embeddable":true,"href":"https:\/\/jnats.eu\/fr\/wp-json\/wp\/v2\/product_brand?post=4544"},{"taxonomy":"product_cat","embeddable":true,"href":"https:\/\/jnats.eu\/fr\/wp-json\/wp\/v2\/product_cat?post=4544"},{"taxonomy":"product_tag","embeddable":true,"href":"https:\/\/jnats.eu\/fr\/wp-json\/wp\/v2\/product_tag?post=4544"}],"curies":[{"name":"wp","href":"https:\/\/api.w.org\/{rel}","templated":true}]}}