{"id":459,"date":"2024-03-06T16:51:20","date_gmt":"2024-03-06T14:51:20","guid":{"rendered":"http:\/\/jnats.eu\/?post_type=product&#038;p=459"},"modified":"2024-10-10T21:02:21","modified_gmt":"2024-10-10T18:02:21","slug":"pierres-a-aiguiser-naturelles-japonaises-nakayama-tsushima-okudo-asagi","status":"publish","type":"product","link":"https:\/\/jnats.eu\/fr\/produit-2\/pierres-a-aiguiser-naturelles-japonaises-nakayama-tsushima-okudo-asagi\/","title":{"rendered":"Pierres \u00e0 aiguiser naturelles japonaises Nakayama, Tsushima Myokukosan, Okudo Asagi"},"content":{"rendered":"<p>Pierres \u00e0 aiguiser naturelles japonaises Nakayama, Tsushima Myokukosan, Okudo Asagi. Pr\u00eat \u00e0 travailler, mais petit et de forme irr\u00e9guli\u00e8re. Convient pour la finition des rasoirs, couteaux et autres outils. Poids - 2050g.<\/p>\n\n\n\n<figure class=\"wp-block-embed is-type-video is-provider-youtube wp-block-embed-youtube wp-embed-aspect-16-9 wp-has-aspect-ratio\"><div class=\"wp-block-embed__wrapper\">\n<div class=\"video-container\"><iframe title=\"Pierres \u00e0 aiguiser naturelles japonaises Nakayama, Aiwatani, Tsushima\" width=\"1170\" height=\"658\" src=\"https:\/\/www.youtube.com\/embed\/3FDc_by9GJE?feature=oembed\" frameborder=\"0\" allow=\"accelerometer; autoplay; clipboard-write; encrypted-media; gyroscope; picture-in-picture; web-share\" allowfullscreen><\/iframe><\/div>\n<\/div><\/figure>","protected":false},"excerpt":{"rendered":"<p>Pierres \u00e0 aiguiser naturelles japonaises Nakayama, Tsushima Myokukosan, Okudo Asagi. Pr\u00eat \u00e0 travailler, mais petit et de forme irr\u00e9guli\u00e8re. Convient pour la finition des rasoirs, couteaux et autres outils. Poids - 2050g.<\/p>","protected":false},"featured_media":464,"comment_status":"open","ping_status":"closed","template":"","meta":[],"product_brand":[],"product_cat":[22],"product_tag":[107,106,105],"class_list":{"0":"post-459","1":"product","2":"type-product","3":"status-publish","4":"has-post-thumbnail","6":"product_cat-jnats","7":"product_tag-okudo-asagi","8":"product_tag-tsushima","9":"product_tag-whetstones-nakayama","10":"product_shipping_class-iprastas","12":"first","13":"outofstock","14":"shipping-taxable","15":"purchasable","16":"product-type-simple"},"_links":{"self":[{"href":"https:\/\/jnats.eu\/fr\/wp-json\/wp\/v2\/product\/459","targetHints":{"allow":["GET"]}}],"collection":[{"href":"https:\/\/jnats.eu\/fr\/wp-json\/wp\/v2\/product"}],"about":[{"href":"https:\/\/jnats.eu\/fr\/wp-json\/wp\/v2\/types\/product"}],"replies":[{"embeddable":true,"href":"https:\/\/jnats.eu\/fr\/wp-json\/wp\/v2\/comments?post=459"}],"wp:featuredmedia":[{"embeddable":true,"href":"https:\/\/jnats.eu\/fr\/wp-json\/wp\/v2\/media\/464"}],"wp:attachment":[{"href":"https:\/\/jnats.eu\/fr\/wp-json\/wp\/v2\/media?parent=459"}],"wp:term":[{"taxonomy":"product_brand","embeddable":true,"href":"https:\/\/jnats.eu\/fr\/wp-json\/wp\/v2\/product_brand?post=459"},{"taxonomy":"product_cat","embeddable":true,"href":"https:\/\/jnats.eu\/fr\/wp-json\/wp\/v2\/product_cat?post=459"},{"taxonomy":"product_tag","embeddable":true,"href":"https:\/\/jnats.eu\/fr\/wp-json\/wp\/v2\/product_tag?post=459"}],"curies":[{"name":"wp","href":"https:\/\/api.w.org\/{rel}","templated":true}]}}