{"id":4594,"date":"2025-05-13T11:05:22","date_gmt":"2025-05-13T08:05:22","guid":{"rendered":"https:\/\/jnats.eu\/?post_type=product&#038;p=4594"},"modified":"2026-03-08T21:17:40","modified_gmt":"2026-03-08T19:17:40","slug":"nos-chobomasa-kamisori-vintaziniai-japoniski-skustuvai","status":"publish","type":"product","link":"https:\/\/jnats.eu\/fr\/produit-2\/nos-chobomasa-kamisori-vintaziniai-japoniski-skustuvai\/","title":{"rendered":"NOS Chobomasa kamisori rasoirs japonais vintage"},"content":{"rendered":"<figure class=\"wp-block-embed is-type-video is-provider-youtube wp-block-embed-youtube wp-embed-aspect-16-9 wp-has-aspect-ratio\"><div class=\"wp-block-embed__wrapper\">\n<div class=\"video-container\"><iframe title=\"NOS Chobomasa Kamisori - Rasoirs droits japonais vintage\" width=\"1170\" height=\"658\" src=\"https:\/\/www.youtube.com\/embed\/AiR2JJ7mTRE?feature=oembed\" frameborder=\"0\" allow=\"accelerometer; autoplay; clipboard-write; encrypted-media; gyroscope; picture-in-picture; web-share\" referrerpolicy=\"strict-origin-when-cross-origin\" allowfullscreen><\/iframe><\/div>\n<\/div><\/figure>\n\n\n\n<p>D\u00e9couvrez la v\u00e9ritable ma\u00eetrise du rasage japonais avec <strong>NOS Chobomasa Kamisori<\/strong> - rasoirs japonais vintage authentiques, fabriqu\u00e9s \u00e0 la main. Ces rasoirs sont <strong>NOS (New Old Stock)<\/strong> - non utilis\u00e9, conserv\u00e9 en excellent \u00e9tat, en provenance directe du Japon du milieu du 20e si\u00e8cle.<\/p>\n\n\n\n<p>Cuisson traditionnelle <strong>kamisori<\/strong> en forme de lames de rasage, ces rasoirs se distinguent par leur forme <strong>lame asym\u00e9trique<\/strong> et <strong>acier au carbone de haute qualit\u00e9<\/strong> pour un tranchant exceptionnel et une utilisation durable. Chaque rasoir capture subtilement l'esprit de l'ancien artisanat japonais et une fonctionnalit\u00e9 exceptionnelle.<\/p>\n\n\n\n<p><strong>Caract\u00e9ristiques :<\/strong><\/p>\n\n\n\n<ul class=\"wp-block-list\">\n<li>Authentiquement japonais <strong>kamisori<\/strong> conception<\/li>\n\n\n\n<li>NOS (New Old Stock) - inutilis\u00e9, vintage<\/li>\n\n\n\n<li>Haute qualit\u00e9 <strong>lame en acier au carbone<\/strong><\/li>\n\n\n\n<li>Fabriqu\u00e9 \u00e0 la main, production traditionnelle au Japon<\/li>\n\n\n\n<li>Pour les collectionneurs et les amateurs de rasage<\/li>\n<\/ul>\n\n\n\n<p><strong>Remarque :<\/strong> En raison de l'\u00e2ge du produit et de la nature du travail manuel, l'aspect de chaque rasoir peut varier l\u00e9g\u00e8rement.<\/p>","protected":false},"excerpt":{"rendered":"<ul>\n<li>Comme le sabre traditionnel des samoura\u00efs, le katana, ces kamisori ont \u00e9t\u00e9 forg\u00e9s \u00e0 la main en deux parties. La partie tranchante est en acier \u00e0 haute teneur en carbone, tandis que la couche de soutien est en acier plus simple. La couche d'acier est dure, tandis que le cadre plus souple offre la r\u00e9sistance n\u00e9cessaire \u00e0 la rupture.<\/li>\n<li>Un peu de moelle est visible. Rouille \u00e9limin\u00e9e avec le papier #2500 6-source et la p\u00e2te diamant\u00e9e Venev 7\/5.<\/li>\n<li>Tous les camisoles sont l\u00e9g\u00e8rement diff\u00e9rents car ils sont faits \u00e0 la main.<\/li>\n<li>Poids (approx.) : 33 g.<\/li>\n<li>Longueur totale (approx.) : 140 mm<\/li>\n<li>Hauteur (environ) : 18 mm<\/li>\n<li>\u00c9paisseur du ruban (approx.) : 6 mm<\/li>\n<li>Longueur de la lame (environ) : 44 mm<\/li>\n<li>Nouvelle poign\u00e9e en caoutchouc Tosuke<\/li>\n<li><strong>Les num\u00e9ros 1 \u00e0 5 sont aiguis\u00e9s, les num\u00e9ros 6 et 7 ne sont pas aiguis\u00e9s.<\/strong><span data-mce-type=\"bookmark\" style=\"display: inline-block; width: 0px; overflow: hidden; line-height: 0;\" class=\"mce_SELRES_start\"><\/span><\/li>\n<li><strong>Si vous ne voyez pas l'article dans la liste d\u00e9roulante, cela signifie qu'il est en vente.<\/strong><\/li>\n<\/ul>","protected":false},"featured_media":4595,"comment_status":"open","ping_status":"closed","template":"","meta":[],"product_brand":[],"product_cat":[23],"product_tag":[322,25,55],"class_list":{"0":"post-4594","1":"product","2":"type-product","3":"status-publish","4":"has-post-thumbnail","6":"product_cat-razors","7":"product_tag-chobomasa","8":"product_tag-kamisori","9":"product_tag-nos","10":"product_shipping_class-light","12":"first","13":"instock","14":"shipping-taxable","15":"purchasable","16":"product-type-variable"},"_links":{"self":[{"href":"https:\/\/jnats.eu\/fr\/wp-json\/wp\/v2\/product\/4594","targetHints":{"allow":["GET"]}}],"collection":[{"href":"https:\/\/jnats.eu\/fr\/wp-json\/wp\/v2\/product"}],"about":[{"href":"https:\/\/jnats.eu\/fr\/wp-json\/wp\/v2\/types\/product"}],"replies":[{"embeddable":true,"href":"https:\/\/jnats.eu\/fr\/wp-json\/wp\/v2\/comments?post=4594"}],"wp:featuredmedia":[{"embeddable":true,"href":"https:\/\/jnats.eu\/fr\/wp-json\/wp\/v2\/media\/4595"}],"wp:attachment":[{"href":"https:\/\/jnats.eu\/fr\/wp-json\/wp\/v2\/media?parent=4594"}],"wp:term":[{"taxonomy":"product_brand","embeddable":true,"href":"https:\/\/jnats.eu\/fr\/wp-json\/wp\/v2\/product_brand?post=4594"},{"taxonomy":"product_cat","embeddable":true,"href":"https:\/\/jnats.eu\/fr\/wp-json\/wp\/v2\/product_cat?post=4594"},{"taxonomy":"product_tag","embeddable":true,"href":"https:\/\/jnats.eu\/fr\/wp-json\/wp\/v2\/product_tag?post=4594"}],"curies":[{"name":"wp","href":"https:\/\/api.w.org\/{rel}","templated":true}]}}