{"id":4678,"date":"2025-05-24T12:33:23","date_gmt":"2025-05-24T09:33:23","guid":{"rendered":"https:\/\/jnats.eu\/?post_type=product&#038;p=4678"},"modified":"2025-07-05T11:19:22","modified_gmt":"2025-07-05T08:19:22","slug":"yeelong-m390-steel-8-chef-knife-used","status":"publish","type":"product","link":"https:\/\/jnats.eu\/fr\/produit-2\/yeelong-m390-steel-8-chef-knife-used\/","title":{"rendered":"Yeelong M390 Steel 8\u2033 Chef Knife (Used)"},"content":{"rendered":"<figure class=\"wp-block-embed is-type-video is-provider-youtube wp-block-embed-youtube wp-embed-aspect-16-9 wp-has-aspect-ratio\"><div class=\"wp-block-embed__wrapper\">\n<div class=\"video-container\"><iframe title=\"Masamotoyama Asagi Nashiji vs M390 Steel\" width=\"1170\" height=\"658\" src=\"https:\/\/www.youtube.com\/embed\/K1-qGuFrjYM?feature=oembed\" frameborder=\"0\" allow=\"accelerometer; autoplay; clipboard-write; encrypted-media; gyroscope; picture-in-picture; web-share\" referrerpolicy=\"strict-origin-when-cross-origin\" allowfullscreen><\/iframe><\/div>\n<\/div><\/figure>\n\n\n\n<p>Am\u00e9liorez votre cuisine avec le <strong>Yeelong M390 8\u2033 couteau de chef<\/strong> - un outil de haute performance con\u00e7u pour une coupe pr\u00e9cise et sans effort. <strong>Acier inoxydable B\u00f6hler M390<\/strong>Ce couteau offre des performances exceptionnelles en mati\u00e8re de <strong>r\u00e9tention des bords<\/strong>, <strong>r\u00e9sistance \u00e0 la corrosion<\/strong>et un tranchant de rasoir qui dure.<\/p>\n\n\n\n<p>L'\u00e9quilibre parfait <strong>Lame de 8 pouces<\/strong> s'acquitte ais\u00e9ment de toutes les t\u00e2ches de cuisine : trancher la viande, hacher les l\u00e9gumes, \u00e9mincer les herbes, etc. Sa finition polie miroir lui conf\u00e8re une grande \u00e9l\u00e9gance, tandis que sa poign\u00e9e ergonomique offre une prise en main s\u00fbre et confortable pour une utilisation prolong\u00e9e.<\/p>\n\n\n\n<p><strong>Caract\u00e9ristiques principales :<\/strong><\/p>\n\n\n\n<ul class=\"wp-block-list\">\n<li>\ud83d\udd2a Premium <strong>B\u00f6hler M390 Acier inoxydable<\/strong> Composition chimique (moyenne %)C1.90 Si0.70Mn0.30 Cr20.00 Mo1.00 V4.00 W0.60<\/li>\n\n\n\n<li>\ud83d\udccf <strong>Lame de 8 pouces<\/strong> pour des t\u00e2ches polyvalentes dans la cuisine<\/li>\n\n\n\n<li>\ud83d\udc8e Une r\u00e9tention des ar\u00eates et un tranchant exceptionnels<\/li>\n\n\n\n<li>\ud83c\udf0a Finition miroir r\u00e9sistante \u00e0 la corrosion et \u00e0 l'usure<\/li>\n\n\n\n<li>\ud83d\udd90\ufe0f Poign\u00e9e ergonomique pour un contr\u00f4le et un confort sup\u00e9rieurs<\/li>\n\n\n\n<li>\ud83d\udce6 Id\u00e9al pour les chefs professionnels et les cuisiniers passionn\u00e9s<\/li>\n<\/ul>\n\n\n\n<p><strong>Faites l'exp\u00e9rience d'une coupe de qualit\u00e9 professionnelle dans votre cuisine.<\/strong><\/p>","protected":false},"excerpt":{"rendered":"<p>Qualit\u00e9 sup\u00e9rieure <strong data-start=\"311\" data-end=\"334\">Couteau de chef de 8 pouces<\/strong> fabriqu\u00e9 \u00e0 partir de <strong data-start=\"345\" data-end=\"376\">Acier inoxydable B\u00f6hler M390<\/strong>. Une r\u00e9tention exceptionnelle des ar\u00eates, une r\u00e9sistance \u00e0 la corrosion et une coupe de pr\u00e9cision. Parfait pour les chefs professionnels et les cuisiniers passionn\u00e9s.<\/p>\n<ul>\n<li>Longueur totale 335 mm<\/li>\n<li>Lame 200x54x2 mm<\/li>\n<li>Poids 274 g.<\/li>\n<li>Fabriqu\u00e9 en Chine<\/li>\n<\/ul>\n<p>Vous pouvez voir le processus d'affinage dans la vid\u00e9o ci-dessous.<\/p>","protected":false},"featured_media":4681,"comment_status":"open","ping_status":"closed","template":"","meta":[],"product_brand":[],"product_cat":[24],"product_tag":[349],"class_list":{"0":"post-4678","1":"product","2":"type-product","3":"status-publish","4":"has-post-thumbnail","6":"product_cat-knifes","7":"product_tag-m390","8":"product_shipping_class-iprastas","10":"first","11":"outofstock","12":"shipping-taxable","13":"purchasable","14":"product-type-simple"},"_links":{"self":[{"href":"https:\/\/jnats.eu\/fr\/wp-json\/wp\/v2\/product\/4678","targetHints":{"allow":["GET"]}}],"collection":[{"href":"https:\/\/jnats.eu\/fr\/wp-json\/wp\/v2\/product"}],"about":[{"href":"https:\/\/jnats.eu\/fr\/wp-json\/wp\/v2\/types\/product"}],"replies":[{"embeddable":true,"href":"https:\/\/jnats.eu\/fr\/wp-json\/wp\/v2\/comments?post=4678"}],"wp:featuredmedia":[{"embeddable":true,"href":"https:\/\/jnats.eu\/fr\/wp-json\/wp\/v2\/media\/4681"}],"wp:attachment":[{"href":"https:\/\/jnats.eu\/fr\/wp-json\/wp\/v2\/media?parent=4678"}],"wp:term":[{"taxonomy":"product_brand","embeddable":true,"href":"https:\/\/jnats.eu\/fr\/wp-json\/wp\/v2\/product_brand?post=4678"},{"taxonomy":"product_cat","embeddable":true,"href":"https:\/\/jnats.eu\/fr\/wp-json\/wp\/v2\/product_cat?post=4678"},{"taxonomy":"product_tag","embeddable":true,"href":"https:\/\/jnats.eu\/fr\/wp-json\/wp\/v2\/product_tag?post=4678"}],"curies":[{"name":"wp","href":"https:\/\/api.w.org\/{rel}","templated":true}]}}