{"id":4750,"date":"2025-06-13T12:34:12","date_gmt":"2025-06-13T09:34:12","guid":{"rendered":"https:\/\/jnats.eu\/?post_type=product&#038;p=4750"},"modified":"2025-10-25T21:37:45","modified_gmt":"2025-10-25T18:37:45","slug":"komazen-japan-vidutinio-grudetumo-sintetinis-galandinimo-akmuo","status":"publish","type":"product","link":"https:\/\/jnats.eu\/fr\/produit-2\/komazen-japan-vidutinio-grudetumo-sintetinis-galandinimo-akmuo\/","title":{"rendered":"Pierre \u00e0 aiguiser synth\u00e9tique \u00e0 grain moyen de Komazen Japan"},"content":{"rendered":"<p><strong>Komazen Japon<\/strong> pierre \u00e0 aiguiser synth\u00e9tique de marque.<\/p>\n\n\n\n<hr class=\"wp-block-separator has-alpha-channel-opacity\"\/>\n\n\n\n<h3 class=\"wp-block-heading\">\ud83d\udce6 Informations g\u00e9n\u00e9rales :<\/h3>\n\n\n\n<ul class=\"wp-block-list\">\n<li><strong>Fabricant<\/strong>: Komazen Japan<\/li>\n\n\n\n<li><strong>Marquage des produits<\/strong>: \"Pierre \u00e0 aiguiser\" \/ \"\u4e2d\u76ee\" (Ch\u016bme) signifie <strong>grain moyen<\/strong> (japonais : \u4e2d\u76ee, ch\u016bme) pierre.<\/li>\n\n\n\n<li><strong>Dimensions<\/strong>: 200 \u00d7 50 \u00d7 25 mm (indiqu\u00e9 sur la bo\u00eete)<\/li>\n<\/ul>\n\n\n\n<hr class=\"wp-block-separator has-alpha-channel-opacity\"\/>\n\n\n\n<h3 class=\"wp-block-heading\">Quelle pierre :<\/h3>\n\n\n\n<p>Il s'agit de <strong>pierre \u00e0 eau synth\u00e9tique<\/strong>utilis\u00e9 pour l'aff\u00fbtage des couteaux et des outils. Comme il est marqu\u00e9 \"\u4e2d\u76ee\", sa granulom\u00e9trie est g\u00e9n\u00e9ralement de l'ordre de <strong>#1000<\/strong> (taille moyenne standard des grains selon le syst\u00e8me japonais). Il s'agit d'un excellent choix :<\/p>\n\n\n\n<ul class=\"wp-block-list\">\n<li>pour l'aiguisage quotidien des couteaux<\/li>\n\n\n\n<li>l'\u00e9limination des irr\u00e9gularit\u00e9s mineures<\/li>\n\n\n\n<li>fa\u00e7onner le tranchant de la lame avant de passer \u00e0 des pierres plus petites (par exemple #3000, #6000)<\/li>\n<\/ul>\n\n\n\n<hr class=\"wp-block-separator has-alpha-channel-opacity\"\/>\n\n\n\n<h3 class=\"wp-block-heading\">\ud83d\udccc Komazen Japan :<\/h3>\n\n\n\n<p>Il s'agit de l'un des <strong>Budg\u00e9taire<\/strong> Fabricants japonais de pierres synth\u00e9tiques. Leurs pierres sont souvent utilis\u00e9es dans les cuisines, les ateliers et par les amateurs parce qu'elles offrent un bon rapport qualit\u00e9-prix sans \u00eatre de qualit\u00e9 sup\u00e9rieure comme celles de Naniwa ou de Shapton.<\/p>\n\n\n\n<hr class=\"wp-block-separator has-alpha-channel-opacity\"\/>\n\n\n\n<h3 class=\"wp-block-heading\">\ud83d\udccc Usage :<\/h3>\n\n\n\n<ul class=\"wp-block-list\">\n<li><strong>Avant l'utilisation<\/strong> Il est recommand\u00e9 de laisser tremper dans l'eau pendant 5 \u00e0 10 minutes.<\/li>\n\n\n\n<li>A utiliser avec de l'eau (pas \u00e0 sec, pas avec de l'huile)<\/li>\n\n\n\n<li>Rincer apr\u00e8s utilisation, s\u00e9cher naturellement (ne pas utiliser de chaleur).<\/li>\n<\/ul>","protected":false},"excerpt":{"rendered":"<p><!-- wp:list --><\/p>\n<ul class=\"wp-block-list\"><!-- wp:list-item --><\/p>\n<li><strong>Fabricant<\/strong>: Komazen Japan<\/li>\n<p><!-- \/wp:list-item --> <!-- wp:list-item --><\/p>\n<li><strong>Grain moyen<\/strong><\/li>\n<p><!-- \/wp:list-item --> <!-- wp:list-item --><\/p>\n<li><strong>Dimensions<\/strong>: 200 \u00d7 50 \u00d7 25 mm<\/li>\n<li>Bo\u00eete l\u00e9g\u00e8rement ternie, pierre non utilis\u00e9e<\/li>\n<p><!-- \/wp:list-item --><\/ul>\n<p><!-- \/wp:list --><\/p>","protected":false},"featured_media":4751,"comment_status":"open","ping_status":"closed","template":"","meta":[],"product_brand":[],"product_cat":[290],"product_tag":[356,355],"class_list":{"0":"post-4750","1":"product","2":"type-product","3":"status-publish","4":"has-post-thumbnail","6":"product_cat-whetstones","7":"product_tag-356","8":"product_tag-komazen","9":"product_shipping_class-iprastas","11":"first","12":"outofstock","13":"shipping-taxable","14":"purchasable","15":"product-type-simple"},"_links":{"self":[{"href":"https:\/\/jnats.eu\/fr\/wp-json\/wp\/v2\/product\/4750","targetHints":{"allow":["GET"]}}],"collection":[{"href":"https:\/\/jnats.eu\/fr\/wp-json\/wp\/v2\/product"}],"about":[{"href":"https:\/\/jnats.eu\/fr\/wp-json\/wp\/v2\/types\/product"}],"replies":[{"embeddable":true,"href":"https:\/\/jnats.eu\/fr\/wp-json\/wp\/v2\/comments?post=4750"}],"wp:featuredmedia":[{"embeddable":true,"href":"https:\/\/jnats.eu\/fr\/wp-json\/wp\/v2\/media\/4751"}],"wp:attachment":[{"href":"https:\/\/jnats.eu\/fr\/wp-json\/wp\/v2\/media?parent=4750"}],"wp:term":[{"taxonomy":"product_brand","embeddable":true,"href":"https:\/\/jnats.eu\/fr\/wp-json\/wp\/v2\/product_brand?post=4750"},{"taxonomy":"product_cat","embeddable":true,"href":"https:\/\/jnats.eu\/fr\/wp-json\/wp\/v2\/product_cat?post=4750"},{"taxonomy":"product_tag","embeddable":true,"href":"https:\/\/jnats.eu\/fr\/wp-json\/wp\/v2\/product_tag?post=4750"}],"curies":[{"name":"wp","href":"https:\/\/api.w.org\/{rel}","templated":true}]}}