{"id":4755,"date":"2025-06-13T12:41:02","date_gmt":"2025-06-13T09:41:02","guid":{"rendered":"https:\/\/jnats.eu\/?post_type=product&#038;p=4755"},"modified":"2025-07-02T08:50:54","modified_gmt":"2025-07-02T05:50:54","slug":"masahiro-600-galandinimo-akmuo","status":"publish","type":"product","link":"https:\/\/jnats.eu\/fr\/produit-2\/masahiro-600-galandinimo-akmuo\/","title":{"rendered":"Pierre \u00e0 aiguiser Masahiro 600"},"content":{"rendered":"<h2 class=\"wp-block-heading\">\ud83d\udce6 <strong>Pierre \u00e0 eau Masahiro #600<\/strong><\/h2>\n\n\n\n<h3 class=\"wp-block-heading\">Informations g\u00e9n\u00e9rales :<\/h3>\n\n\n\n<ul class=\"wp-block-list\">\n<li><strong>Fabricant<\/strong>: Masahiro (Japon)<\/li>\n\n\n\n<li><strong>Granulosit\u00e9<\/strong>: <strong>#600<\/strong><\/li>\n\n\n\n<li><strong>Type<\/strong>Pierre \u00e0 eau synth\u00e9tique (pierre \u00e0 eau, doit \u00eatre tremp\u00e9e avant utilisation)<\/li>\n\n\n\n<li><strong>But<\/strong>:\n<ul class=\"wp-block-list\">\n<li>Phase de r\u00e9paration et de mise en forme (par exemple, pour \u00e9liminer les petites bosses, restaurer le profil de la lame)<\/li>\n\n\n\n<li>Id\u00e9al avant de passer \u00e0 #1000 ou \u00e0 des pierres plus petites<\/li>\n<\/ul>\n<\/li>\n\n\n\n<li><strong>Mode d'emploi<\/strong> (en japonais sur une plaque m\u00e9tallique) : <strong>\u5145\u5206\u6c34\u306b\u3064\u3051\u3066\u304b\u3089\u4f7f\u7528\u3057\u3066\u4e0b\u3055\u3044\u3002<\/strong><br>Traduction : <em>\"Tremper dans une quantit\u00e9 suffisante d'eau avant utilisation.<\/em><\/li>\n<\/ul>\n\n\n\n<hr class=\"wp-block-separator has-alpha-channel-opacity\"\/>\n\n\n\n<h2 class=\"wp-block-heading\">\ud83d\udccc Caract\u00e9ristiques :<\/h2>\n\n\n\n<ul class=\"wp-block-list\">\n<li>Abrasif moyen, meulage rapide, mais suffisamment doux pour fa\u00e7onner le tranchant du couteau sans faire de rayures trop profondes.<\/li>\n\n\n\n<li>Convient aux aciers japonais et occidentaux, en particulier aux couteaux de cuisine.<\/li>\n<\/ul>\n\n\n\n<hr class=\"wp-block-separator has-alpha-channel-opacity\"\/>\n\n\n\n<h2 class=\"wp-block-heading\">\ud83d\udccc Recommandations :<\/h2>\n\n\n\n<ul class=\"wp-block-list\">\n<li><strong>Trempage<\/strong>10 \u00e0 15 minutes avant l'utilisation.<\/li>\n\n\n\n<li><strong>Entretien<\/strong>Les produits de cette cat\u00e9gorie sont les suivants : stocker dans un endroit sec, ne pas s\u00e9cher \u00e0 l'aide d'une source de chaleur.<\/li>\n<\/ul>","protected":false},"excerpt":{"rendered":"<p><!-- wp:list --><\/p>\n<ul class=\"wp-block-list\"><!-- wp:list-item --><\/p>\n<li><strong>Fabricant<\/strong>: Masahiro (Japon)<\/li>\n<p><!-- \/wp:list-item --><\/p>\n<p><!-- wp:list-item --><\/p>\n<li><strong>Granulosit\u00e9<\/strong>: <strong>#600<\/strong><\/li>\n<li><strong>Dimensions : 210x70x27mm<\/strong><\/li>\n<p><!-- \/wp:list-item --><\/p>\n<p><!-- wp:list-item --><\/p>\n<li><strong>Type<\/strong>Pierre \u00e0 eau synth\u00e9tique (pierre \u00e0 eau, doit \u00eatre tremp\u00e9e avant utilisation)<\/li>\n<li>Support en bois<\/li>\n<li>La surface est un peu sale, mais la pierre n'a pas \u00e9t\u00e9 utilis\u00e9e et ne pr\u00e9sente aucun d\u00e9faut.<\/li>\n<p><!-- \/wp:list-item --><\/ul>\n<p><!-- \/wp:list --><\/p>","protected":false},"featured_media":4758,"comment_status":"open","ping_status":"closed","template":"","meta":[],"product_brand":[],"product_cat":[290],"product_tag":[357],"class_list":{"0":"post-4755","1":"product","2":"type-product","3":"status-publish","4":"has-post-thumbnail","6":"product_cat-whetstones","7":"product_tag-masahiro","8":"product_shipping_class-iprastas","10":"first","11":"outofstock","12":"shipping-taxable","13":"purchasable","14":"product-type-simple"},"_links":{"self":[{"href":"https:\/\/jnats.eu\/fr\/wp-json\/wp\/v2\/product\/4755","targetHints":{"allow":["GET"]}}],"collection":[{"href":"https:\/\/jnats.eu\/fr\/wp-json\/wp\/v2\/product"}],"about":[{"href":"https:\/\/jnats.eu\/fr\/wp-json\/wp\/v2\/types\/product"}],"replies":[{"embeddable":true,"href":"https:\/\/jnats.eu\/fr\/wp-json\/wp\/v2\/comments?post=4755"}],"wp:featuredmedia":[{"embeddable":true,"href":"https:\/\/jnats.eu\/fr\/wp-json\/wp\/v2\/media\/4758"}],"wp:attachment":[{"href":"https:\/\/jnats.eu\/fr\/wp-json\/wp\/v2\/media?parent=4755"}],"wp:term":[{"taxonomy":"product_brand","embeddable":true,"href":"https:\/\/jnats.eu\/fr\/wp-json\/wp\/v2\/product_brand?post=4755"},{"taxonomy":"product_cat","embeddable":true,"href":"https:\/\/jnats.eu\/fr\/wp-json\/wp\/v2\/product_cat?post=4755"},{"taxonomy":"product_tag","embeddable":true,"href":"https:\/\/jnats.eu\/fr\/wp-json\/wp\/v2\/product_tag?post=4755"}],"curies":[{"name":"wp","href":"https:\/\/api.w.org\/{rel}","templated":true}]}}