{"id":4781,"date":"2025-06-20T14:54:04","date_gmt":"2025-06-20T11:54:04","guid":{"rendered":"https:\/\/jnats.eu\/?post_type=product&#038;p=4781"},"modified":"2025-06-25T11:48:43","modified_gmt":"2025-06-25T08:48:43","slug":"universalus-peilis-is-cpm-20cv-plieno-naudotas","status":"publish","type":"product","link":"https:\/\/jnats.eu\/fr\/produit-2\/universalus-peilis-is-cpm-20cv-plieno-naudotas\/","title":{"rendered":"Couteau universel en acier CPM 20CV (d&#039;occasion)"},"content":{"rendered":"<figure class=\"wp-block-embed is-type-video is-provider-youtube wp-block-embed-youtube wp-embed-aspect-16-9 wp-has-aspect-ratio\"><div class=\"wp-block-embed__wrapper\">\n<div class=\"video-container\"><iframe title=\"Acier moderne vs pierre \u00e0 aiguiser japonaise naturelle traditionnelle | CPM 20CV + Ohira\" width=\"1170\" height=\"658\" src=\"https:\/\/www.youtube.com\/embed\/dkrrzanZkhc?feature=oembed\" frameborder=\"0\" allow=\"accelerometer; autoplay; clipboard-write; encrypted-media; gyroscope; picture-in-picture; web-share\" referrerpolicy=\"strict-origin-when-cross-origin\" allowfullscreen><\/iframe><\/div>\n<\/div><\/figure>\n\n\n\n<p>Un couteau d&#039;occasion exceptionnel fabriqu\u00e9 \u00e0 partir de l&#039;un des aciers en poudre modernes les plus avanc\u00e9s - <strong>CPM 20CV<\/strong>, qui pr\u00e9sente une excellente r\u00e9tention du tranchant et une r\u00e9sistance exceptionnelle \u00e0 la corrosion.<\/p>\n\n\n\n<p><strong>Plus important encore, l&#039;acier de ce couteau a \u00e9t\u00e9 tremp\u00e9 par l&#039;un des thermiciens les plus c\u00e9l\u00e8bres de Russie \u2014 Alan Balikoev, c\u00e9l\u00e8bre pour son traitement thermique pr\u00e9cis, qui vous permet d&#039;extraire les propri\u00e9t\u00e9s maximales de l&#039;acier.<\/strong><\/p>\n\n\n\n<hr class=\"wp-block-separator has-alpha-channel-opacity\"\/>\n\n\n\n<h3 class=\"wp-block-heading\"><strong>Propri\u00e9t\u00e9s de l&#039;acier<\/strong><\/h3>\n\n\n\n<p><strong>CPM 20CV<\/strong> \u2013 un acier inoxydable thermolaqu\u00e9 con\u00e7u pour une conservation exceptionnelle du tranchant et une r\u00e9sistance aux intemp\u00e9ries. C&#039;est un mat\u00e9riau haut de gamme pour les couteaux, qu&#039;ils soient destin\u00e9s \u00e0 un usage quotidien, \u00e0 la collection ou \u00e0 des t\u00e2ches exceptionnelles. <\/p>\n\n\n\n<hr class=\"wp-block-separator has-alpha-channel-opacity\"\/>\n\n\n\n<h3 class=\"wp-block-heading\"><strong>Composition chimique de l&#039;acier<\/strong><\/h3>\n\n\n\n<figure class=\"wp-block-table\"><table class=\"has-fixed-layout\"><thead><tr><th>\u00c9l\u00e9ment<\/th><th>Pourcentage (%)<\/th><\/tr><\/thead><tbody><tr><td>Carbone (C)<\/td><td>1.9<\/td><\/tr><tr><td>Chrome (Cr)<\/td><td>20.0<\/td><\/tr><tr><td>Vanadium (V)<\/td><td>4.0<\/td><\/tr><tr><td>Molybd\u00e8ne (Mo)<\/td><td>1.0<\/td><\/tr><tr><td>Tungst\u00e8ne (W)<\/td><td>0.6<\/td><\/tr><tr><td>Mangan\u00e8se (Mn)<\/td><td>0.3<\/td><\/tr><tr><td>Silicium (Si)<\/td><td>0.6<\/td><\/tr><tr><td>Phosphore (P)<\/td><td>\u2264 0,03<\/td><\/tr><tr><td>Soufre (S)<\/td><td>\u2264 0,03<\/td><\/tr><\/tbody><\/table><\/figure>\n\n\n\n<hr class=\"wp-block-separator has-alpha-channel-opacity\"\/>\n\n\n\n<h3 class=\"wp-block-heading\"><strong>Principaux avantages<\/strong><\/h3>\n\n\n\n<p>\u2705 <strong>R\u00e9sistance \u00e0 la corrosion extr\u00eamement \u00e9lev\u00e9e<\/strong><br>En raison de la teneur en chrome du 20%, ce couteau r\u00e9siste \u00e0 la fois \u00e0 l&#039;humidit\u00e9 et aux environnements acides.<\/p>\n\n\n\n<p>\u2705 <strong>Conservation longue dur\u00e9e de la nettet\u00e9<\/strong><br>En raison de sa teneur \u00e9lev\u00e9e en carbone et en vanadium, l&#039;acier conserve son tranchant beaucoup plus longtemps que la plupart des autres aciers inoxydables.<\/p>\n\n\n\n<p>\u2705 <strong>Poign\u00e9e unique<\/strong><br>Le bouleau de Car\u00e9lie stabilis\u00e9 avec une incrustation de dents de mammouth et un traversin Makume conf\u00e8rent \u00e0 chaque couteau un caract\u00e8re unique \u2014 aucun n&#039;est identique.<\/p>\n\n\n\n<p>\u2705 <strong>Durcissement professionnel<\/strong><br>Le traitement thermique effectu\u00e9 par Alan Balikoev garantit l&#039;\u00e9quilibre maximal entre la duret\u00e9 de l&#039;acier, la r\u00e9sistance \u00e0 l&#039;usure et l&#039;\u00e9lasticit\u00e9.<\/p>\n\n\n\n<p>\u2705 <strong>Pentes universelles<\/strong><br>Les pentes droites \u00e0 partir de l&#039;\u00e9paulement assurent de bonnes propri\u00e9t\u00e9s de coupe, une facilit\u00e9 de contr\u00f4le et un entretien ais\u00e9.<\/p>\n\n\n\n<hr class=\"wp-block-separator has-alpha-channel-opacity\"\/>\n\n\n\n<h3 class=\"wp-block-heading\"><strong>R\u00e9sum\u00e9<\/strong><\/h3>\n\n\n\n<p>Il ne s&#039;agit pas seulement d&#039;un outil fonctionnel, mais \u00e9galement d&#039;un objet de collection unique qui combine l&#039;acier en poudre le plus avanc\u00e9, un durcissement professionnel et une esth\u00e9tique artisanale exquise.<\/p>","protected":false},"excerpt":{"rendered":"<p><!-- wp:list --><\/p>\n<ul class=\"wp-block-list\"><!-- wp:list-item --><\/p>\n<li>Longueur de la lame : 140 mm.<\/li>\n<p><!-- \/wp:list-item --><\/p>\n<p><!-- wp:list-item --><\/p>\n<li>Hauteur de la lame : 29 mm.<\/li>\n<li>\u00c9paisseur de la lame : 4,0 mm<\/li>\n<li>Alignement d&#039;environ 0,3 mm<\/li>\n<p><!-- \/wp:list-item --><\/p>\n<p><!-- wp:list-item --><\/p>\n<li>Surface de la lame : Pas parfaitement polie<\/li>\n<p><!-- \/wp:list-item --><\/p>\n<p><!-- wp:list-item --><\/p>\n<li>Acier en poudre CPM 20CV. Tremp\u00e9 par l&#039;un des meilleurs thermiciens de Russie, Alan Balikoev.<\/li>\n<p><!-- \/wp:list-item --><\/p>\n<p><!-- wp:list-item --><\/p>\n<li>L\u2019avantage le plus important de cet acier est sa r\u00e9sistance \u00e0 la corrosion extr\u00eamement \u00e9lev\u00e9e et sa conservation relativement longue du tranchant.<\/li>\n<p><!-- \/wp:list-item --><\/p>\n<p><!-- wp:list-item --><\/p>\n<li>Pentes : droites depuis l&#039;\u00e9paule<\/li>\n<p><!-- \/wp:list-item --><\/p>\n<p><!-- wp:list-item --><\/p>\n<li>Longueur du manche : 128 mm<\/li>\n<li>Traversin en Makum<\/li>\n<li>Incrustations de dents de mammouth<\/li>\n<p><!-- \/wp:list-item --><\/p>\n<p><!-- wp:list-item --><\/p>\n<li>Le mat\u00e9riau du manche est un tubercule de bouleau de Car\u00e9lie stabilis\u00e9.<\/li>\n<li>\u00c9tui en cuir v\u00e9ritable<\/li>\n<p><!-- \/wp:list-item --><\/p>\n<p><!-- wp:list-item --><\/p>\n<li>Poids avec \u00e9tui : 172 g<\/li>\n<p><!-- \/wp:list-item --><\/p>\n<p><!-- wp:list-item --><\/p>\n<li>Poids : 244 g<\/li>\n<p><!-- \/wp:list-item --><\/p>\n<p><!-- wp:list-item --><\/p>\n<li>Fabriqu\u00e9 en Russie<\/li>\n<li>Aiguis\u00e9 avec la pierre naturelle japonaise Ohira.<\/li>\n<p><!-- \/wp:list-item --><\/ul>\n<p><!-- \/wp:list --><\/p>","protected":false},"featured_media":4784,"comment_status":"open","ping_status":"closed","template":"","meta":[],"product_brand":[],"product_cat":[24],"product_tag":[358,76],"class_list":{"0":"post-4781","1":"product","2":"type-product","3":"status-publish","4":"has-post-thumbnail","6":"product_cat-knifes","7":"product_tag-20cv","8":"product_tag-peilis","9":"product_shipping_class-iprastas","11":"first","12":"outofstock","13":"shipping-taxable","14":"purchasable","15":"product-type-simple"},"_links":{"self":[{"href":"https:\/\/jnats.eu\/fr\/wp-json\/wp\/v2\/product\/4781","targetHints":{"allow":["GET"]}}],"collection":[{"href":"https:\/\/jnats.eu\/fr\/wp-json\/wp\/v2\/product"}],"about":[{"href":"https:\/\/jnats.eu\/fr\/wp-json\/wp\/v2\/types\/product"}],"replies":[{"embeddable":true,"href":"https:\/\/jnats.eu\/fr\/wp-json\/wp\/v2\/comments?post=4781"}],"wp:featuredmedia":[{"embeddable":true,"href":"https:\/\/jnats.eu\/fr\/wp-json\/wp\/v2\/media\/4784"}],"wp:attachment":[{"href":"https:\/\/jnats.eu\/fr\/wp-json\/wp\/v2\/media?parent=4781"}],"wp:term":[{"taxonomy":"product_brand","embeddable":true,"href":"https:\/\/jnats.eu\/fr\/wp-json\/wp\/v2\/product_brand?post=4781"},{"taxonomy":"product_cat","embeddable":true,"href":"https:\/\/jnats.eu\/fr\/wp-json\/wp\/v2\/product_cat?post=4781"},{"taxonomy":"product_tag","embeddable":true,"href":"https:\/\/jnats.eu\/fr\/wp-json\/wp\/v2\/product_tag?post=4781"}],"curies":[{"name":"wp","href":"https:\/\/api.w.org\/{rel}","templated":true}]}}