{"id":479,"date":"2024-03-07T10:23:42","date_gmt":"2024-03-07T08:23:42","guid":{"rendered":"http:\/\/jnats.eu\/?post_type=product&#038;p=479"},"modified":"2024-04-26T09:30:50","modified_gmt":"2024-04-26T06:30:50","slug":"harrison-br-howson-manafacturers-sheffield-angleterre-rasoir-vintage-ensemble-de-7-jours","status":"publish","type":"product","link":"https:\/\/jnats.eu\/fr\/produit-2\/harrison-br-howson-manafacturers-sheffield-angleterre-rasoir-vintage-ensemble-de-7-jours\/","title":{"rendered":"Harrison Br &amp; Howson Manafacturers Sheffield Angleterre rasoirs vintage ensemble de 7 jours"},"content":{"rendered":"<p>Harrison Br &amp; Howson est un fabricant de rasoirs renomm\u00e9 de Sheffield, en Angleterre, avec une longue histoire et une r\u00e9putation de qualit\u00e9 irr\u00e9prochable. Leurs rasoirs vintage du coffret 7 jours sont un produit d&#039;une valeur et d&#039;un style exceptionnels.<\/p>\n\n\n\n<p>Description de cet ensemble de rasoirs vintage :<\/p>\n\n\n\n<ul class=\"wp-block-list\">\n<li><strong>Qualit\u00e9 et \u00e2ge<\/strong>: Chaque rasoir de cet ensemble est fabriqu\u00e9 en acier de haute qualit\u00e9 pour une durabilit\u00e9 et un excellent rasage. Ces rasoirs refl\u00e8tent l&#039;attention exceptionnelle d&#039;Harrison Br &amp; Howson aux d\u00e9tails et \u00e0 la qualit\u00e9.<\/li>\n\n\n\n<li><strong>Conception vintage<\/strong>: Ces rasoirs ont un design int\u00e9ressant et unique qui \u00e9voque l&#039;\u00e9l\u00e9gance des \u00e9poques r\u00e9volues. Leurs lames et leurs poign\u00e9es peuvent \u00eatre l&#039;accessoire parfait pour tout style masculin.<\/li>\n\n\n\n<li><strong>coffret 7 jours<\/strong>: Cet ensemble est un excellent choix pour ceux qui appr\u00e9cient l&#039;ordre et un style de vie organis\u00e9. Chaque rasoir correspond \u00e0 un jour de la semaine, vous disposez donc toujours du bon outil pour vous raser au quotidien. L&#039;acier reposera et vous pourrez effectuer le processus d&#039;aff\u00fbtage en m\u00eame temps pour tout le monde et l&#039;oublier pendant longtemps. Cela est particuli\u00e8rement vrai si vous envoyez vos rasoirs \u00e0 des artisans pour les aff\u00fbter.<\/li>\n\n\n\n<li><strong>Une excellente option de cadeau<\/strong>: Cet ensemble de rasoirs peut \u00e9galement \u00eatre un excellent cadeau pour les hommes qui appr\u00e9cient le style classique et les produits de qualit\u00e9. C&#039;est une option de cadeau unique et pratique pour tout gentleman.<\/li>\n<\/ul>\n\n\n\n<p>Les rasoirs Harrison Br &amp; Howson Vintage du coffret 7 jours ne sont pas seulement des outils de rasage pratiques, mais aussi un accent \u00e9l\u00e9gant dans le monde de la beaut\u00e9 et du style masculin.<\/p>\n\n\n\n<figure class=\"wp-block-embed is-type-video is-provider-youtube wp-block-embed-youtube wp-embed-aspect-16-9 wp-has-aspect-ratio\"><div class=\"wp-block-embed__wrapper\">\n<div class=\"video-container\"><iframe title=\"Harrison Br &amp; Howson Manafacturers Sheffield Angleterre rasoirs vintage ensemble de 7 jours\" width=\"1170\" height=\"658\" src=\"https:\/\/www.youtube.com\/embed\/AhMxzAVzb6Q?feature=oembed\" frameborder=\"0\" allow=\"accelerometer; autoplay; clipboard-write; encrypted-media; gyroscope; picture-in-picture; web-share\" allowfullscreen><\/iframe><\/div>\n<\/div><\/figure>","protected":false},"excerpt":{"rendered":"<ul>\n<li>Harrison Br &amp; Howson Manafacturers Sheffield Angleterre rasoirs vintage ensemble de 7 jours<\/li>\n<li>Les poign\u00e9es sont en polym\u00e8re<\/li>\n<li>Non utilis\u00e9 (NOS - Nouveau vieux stock)<\/li>\n<li>Bonne condition<\/li>\n<li>Il y a des signes de corrosion<\/li>\n<li>Pas de divisions ni de pauses<\/li>\n<\/ul>","protected":false},"featured_media":1040,"comment_status":"open","ping_status":"closed","template":"","meta":[],"product_brand":[],"product_cat":[23],"product_tag":[112,109,111,110],"class_list":{"0":"post-479","1":"product","2":"type-product","3":"status-publish","4":"has-post-thumbnail","6":"product_cat-razors","7":"product_tag-england","8":"product_tag-harrison-br-howson","9":"product_tag-manafacturers","10":"product_tag-sheffield","11":"product_shipping_class-light","13":"first","14":"instock","15":"sale","16":"shipping-taxable","17":"purchasable","18":"product-type-simple"},"_links":{"self":[{"href":"https:\/\/jnats.eu\/fr\/wp-json\/wp\/v2\/product\/479","targetHints":{"allow":["GET"]}}],"collection":[{"href":"https:\/\/jnats.eu\/fr\/wp-json\/wp\/v2\/product"}],"about":[{"href":"https:\/\/jnats.eu\/fr\/wp-json\/wp\/v2\/types\/product"}],"replies":[{"embeddable":true,"href":"https:\/\/jnats.eu\/fr\/wp-json\/wp\/v2\/comments?post=479"}],"wp:featuredmedia":[{"embeddable":true,"href":"https:\/\/jnats.eu\/fr\/wp-json\/wp\/v2\/media\/1040"}],"wp:attachment":[{"href":"https:\/\/jnats.eu\/fr\/wp-json\/wp\/v2\/media?parent=479"}],"wp:term":[{"taxonomy":"product_brand","embeddable":true,"href":"https:\/\/jnats.eu\/fr\/wp-json\/wp\/v2\/product_brand?post=479"},{"taxonomy":"product_cat","embeddable":true,"href":"https:\/\/jnats.eu\/fr\/wp-json\/wp\/v2\/product_cat?post=479"},{"taxonomy":"product_tag","embeddable":true,"href":"https:\/\/jnats.eu\/fr\/wp-json\/wp\/v2\/product_tag?post=479"}],"curies":[{"name":"wp","href":"https:\/\/api.w.org\/{rel}","templated":true}]}}