{"id":4860,"date":"2025-07-03T12:33:26","date_gmt":"2025-07-03T09:33:26","guid":{"rendered":"https:\/\/jnats.eu\/?post_type=product&#038;p=4860"},"modified":"2025-11-25T13:16:33","modified_gmt":"2025-11-25T11:16:33","slug":"natsuya-japoniskas-naturalus-galandinimo-akmuo-vidutinio-grudetumo","status":"publish","type":"product","link":"https:\/\/jnats.eu\/fr\/produit-2\/natsuya-japoniskas-naturalus-galandinimo-akmuo-vidutinio-grudetumo\/","title":{"rendered":"Pierre \u00e0 aiguiser naturelle japonaise Natsuya (grain moyen)"},"content":{"rendered":"<p>Natsuya est une pierre \u00e0 aiguiser naturelle japonaise originaire de la r\u00e9gion de Kyoto, c\u00e9l\u00e8bre pour ses anciennes mines de pierre. Cette pierre \u00e0 grain moyen (\u00e9quivalent grain 1000-2000 environ) est id\u00e9ale pour l&#039;aff\u00fbtage interm\u00e9diaire des couteaux, rasoirs ou outils de menuiserie, offrant un aff\u00fbtage extr\u00eamement propre et contr\u00f4l\u00e9 avant de passer aux pierres plus fines.<\/p>\n\n\n\n<figure class=\"wp-block-embed is-type-video is-provider-youtube wp-block-embed-youtube wp-embed-aspect-16-9 wp-has-aspect-ratio\"><div class=\"wp-block-embed__wrapper\">\n<div class=\"video-container\"><iframe title=\"Pierre \u00e0 aiguiser japonaise naturelle Natsuya | Test d&#039;aff\u00fbtage \u00e0 grain moyen\" width=\"1170\" height=\"658\" src=\"https:\/\/www.youtube.com\/embed\/AG_eMsnn1Wo?feature=oembed\" frameborder=\"0\" allow=\"accelerometer; autoplay; clipboard-write; encrypted-media; gyroscope; picture-in-picture; web-share\" referrerpolicy=\"strict-origin-when-cross-origin\" allowfullscreen><\/iframe><\/div>\n<\/div><\/figure>\n\n\n\n<p><strong>Caract\u00e9ristiques :<\/strong><\/p>\n\n\n\n<ul class=\"wp-block-list\">\n<li>Pierre naturelle de la r\u00e9gion de Kyoto<\/li>\n\n\n\n<li>Grain moyen (~1000\u20132000 grains)<\/li>\n\n\n\n<li>Convient aux couteaux japonais et occidentaux<\/li>\n\n\n\n<li>Forme rapidement une p\u00e2te lisse qui facilite l&#039;aff\u00fbtage<\/li>\n\n\n\n<li>Abrasivit\u00e9 \u00e9quilibr\u00e9e \u2014 \u00e9limine efficacement les rayures de la pierre brute et commence \u00e0 former un profil de bord net et propre<\/li>\n\n\n\n<li>Sensation douce lors de l&#039;aff\u00fbtage, vous offrant un excellent contr\u00f4le<\/li>\n<\/ul>\n\n\n\n<p><strong>Utilisation :<\/strong><br>Il est recommand\u00e9 de tremper bri\u00e8vement la pierre dans l&#039;eau avant utilisation ou de l&#039;utiliser comme pierre \u00ab\u00a0humide\u00a0\u00bb avec un apport d&#039;eau constant. Id\u00e9al apr\u00e8s le fa\u00e7onnage initial de la lame et avant le polissage final avec une pierre \u00e0 grain fin.<\/p>","protected":false},"excerpt":{"rendered":"<ul class=\"wp-block-list\">\n<li>Convient pour l&#039;aff\u00fbtage interm\u00e9diaire ou final des couteaux, ciseaux, outils de menuiserie et autres.<\/li>\n<li>Vous pouvez \u00e9galement obtenir une pr\u00e9paration d\u00e9cente avec une finition cachemire.<\/li>\n<li>Grain environ 1500 grains<\/li>\n<li>Duret\u00e9 : Lv 4<\/li>\n<li>Extraite au milieu du si\u00e8cle dernier, cette pierre mill\u00e9naire se caract\u00e9rise par sa rapidit\u00e9 et sa douceur.<\/li>\n<li>Marque Sun Tiger The Matsuga CO. LTD<\/li>\n<li>Un c\u00f4t\u00e9 est liss\u00e9 et pr\u00eat \u00e0 \u00eatre travaill\u00e9.<\/li>\n<li><strong>Vous pouvez regarder le travail dans la vid\u00e9o ci-dessous.<\/strong><\/li>\n<\/ul>\n<ol>\n<li>Dimensions : 217x63x781 mm Poids : 2400 g<\/li>\n<li>Dimensions : 203x68x77 mm Poids : 2600 g<\/li>\n<li>Dimensions : 211x69x78 mm Poids : 2700 g<\/li>\n<\/ol>","protected":false},"featured_media":4870,"comment_status":"open","ping_status":"closed","template":"","meta":[],"product_brand":[],"product_cat":[22],"product_tag":[300,364],"class_list":{"0":"post-4860","1":"product","2":"type-product","3":"status-publish","4":"has-post-thumbnail","6":"product_cat-jnats","7":"product_tag-medium","8":"product_tag-natsuya","9":"product_shipping_class-iprastas","11":"first","12":"instock","13":"shipping-taxable","14":"purchasable","15":"product-type-variable"},"_links":{"self":[{"href":"https:\/\/jnats.eu\/fr\/wp-json\/wp\/v2\/product\/4860","targetHints":{"allow":["GET"]}}],"collection":[{"href":"https:\/\/jnats.eu\/fr\/wp-json\/wp\/v2\/product"}],"about":[{"href":"https:\/\/jnats.eu\/fr\/wp-json\/wp\/v2\/types\/product"}],"replies":[{"embeddable":true,"href":"https:\/\/jnats.eu\/fr\/wp-json\/wp\/v2\/comments?post=4860"}],"wp:featuredmedia":[{"embeddable":true,"href":"https:\/\/jnats.eu\/fr\/wp-json\/wp\/v2\/media\/4870"}],"wp:attachment":[{"href":"https:\/\/jnats.eu\/fr\/wp-json\/wp\/v2\/media?parent=4860"}],"wp:term":[{"taxonomy":"product_brand","embeddable":true,"href":"https:\/\/jnats.eu\/fr\/wp-json\/wp\/v2\/product_brand?post=4860"},{"taxonomy":"product_cat","embeddable":true,"href":"https:\/\/jnats.eu\/fr\/wp-json\/wp\/v2\/product_cat?post=4860"},{"taxonomy":"product_tag","embeddable":true,"href":"https:\/\/jnats.eu\/fr\/wp-json\/wp\/v2\/product_tag?post=4860"}],"curies":[{"name":"wp","href":"https:\/\/api.w.org\/{rel}","templated":true}]}}