{"id":4877,"date":"2025-07-04T10:57:29","date_gmt":"2025-07-04T07:57:29","guid":{"rendered":"https:\/\/jnats.eu\/?post_type=product&#038;p=4877"},"modified":"2026-04-15T22:09:15","modified_gmt":"2026-04-15T19:09:15","slug":"wakasa-tamurayama-japonijos-grozio-meistru-rekomenduojamas-akmuo-skustuvams","status":"publish","type":"product","link":"https:\/\/jnats.eu\/fr\/produit-2\/wakasa-tamurayama-japonijos-grozio-meistru-rekomenduojamas-akmuo-skustuvams\/","title":{"rendered":"Wakasa Tamurayama | Pierre \u00e0 raser recommand\u00e9e par les esth\u00e9ticiennes japonaises"},"content":{"rendered":"<p>La Wakasa Tamurayama est une pierre de finition naturelle japonaise extr\u00eamement rare et tr\u00e8s pris\u00e9e, originaire de la r\u00e9gion historique de Tamurayama, dans la pr\u00e9fecture de Fukui, pr\u00e8s de la c\u00e9l\u00e8bre baie de Wakasa. Utilis\u00e9e depuis longtemps pour aiguiser les kamisori traditionnels et les rasoirs de luxe japonais, cette pierre est comparable \u00e0 celle des l\u00e9gendaires pierres Maruka Kyoto, gr\u00e2ce \u00e0 sa qualit\u00e9 d&#039;aff\u00fbtage et sa puret\u00e9.<\/p>\n\n\n\n<figure class=\"wp-block-embed is-type-video is-provider-youtube wp-block-embed-youtube wp-embed-aspect-16-9 wp-has-aspect-ratio\"><div class=\"wp-block-embed__wrapper\">\n<div class=\"video-container\"><iframe title=\"Wakasa Tamurayama Asagi Pierre \u00e0 aiguiser japonaise naturelle Kamisori Test d&#039;aff\u00fbtage\" width=\"1170\" height=\"658\" src=\"https:\/\/www.youtube.com\/embed\/2GslS7RdqPA?feature=oembed\" frameborder=\"0\" allow=\"accelerometer; autoplay; clipboard-write; encrypted-media; gyroscope; picture-in-picture; web-share\" referrerpolicy=\"strict-origin-when-cross-origin\" allowfullscreen><\/iframe><\/div>\n<\/div><\/figure>\n\n\n\n<p><strong>Pourquoi choisir Wakasa Tamurayama ?<\/strong><br>\u2705 <strong>Qualit\u00e9 et rapidit\u00e9 du travail<\/strong> \u2013 cette pierre se distingue par son meulage extr\u00eamement uniforme, doux, mais relativement rapide, qui \u00e9limine efficacement les irr\u00e9gularit\u00e9s de la taille d&#039;un micron dans le m\u00e9tal sans laisser de rayures.<br>\u2705 <strong>R\u00e9ponse et sensation<\/strong> \u2013 La sensation d&#039;utilisation est tr\u00e8s proche de celle des pierres Maruka classiques\u00a0: douce, d\u00e9licate, avec un retour agr\u00e9able permettant un contr\u00f4le optimal de la pression et du r\u00e9sultat d&#039;aff\u00fbtage. Pas besoin de r\u00e2pe, car la pierre lib\u00e8re sa propre suspension.<br>\u2705 <strong>Tr\u00e8s bien not\u00e9 au Japon<\/strong> \u2013 Wakasa Tamurayama est l\u2019une des rares pierres naturelles \u00e0 avoir obtenu les notes les plus \u00e9lev\u00e9es par <strong>Association japonaise des coiffeurs et des professionnels de la beaut\u00e9<\/strong>, recommand\u00e9 pour la finition professionnelle des rasoirs et des outils extr\u00eamement tranchants.<\/p>\n\n\n\n<p><strong>Utilisation recommand\u00e9e :<\/strong><\/p>\n\n\n\n<ul class=\"wp-block-list\">\n<li>Pour les rasoirs (camissori, coupe-choux)<\/li>\n\n\n\n<li>Pour la finition finale des couteaux sur pierre naturelle<\/li>\n\n\n\n<li>Pour les outils n\u00e9cessitant des lames extr\u00eamement propres<\/li>\n<\/ul>\n\n\n\n<p><strong>Caract\u00e9ristiques:<\/strong><\/p>\n\n\n\n<ul class=\"wp-block-list\">\n<li>Grain : \u00e9lev\u00e9 (\u00e9quivalent \u00e0 environ 12\u00a0000 \u00e0 15\u00a0000 sur l&#039;\u00e9chelle synth\u00e9tique)<\/li>\n\n\n\n<li>Duret\u00e9 : moyenne - \u00e9lev\u00e9e<\/li>\n\n\n\n<li>Structure de surface : extr\u00eamement lisse, sans inclusions<\/li>\n\n\n\n<li>Vitesse de meulage : assez rapide pour une pierre de finition de ce niveau<\/li>\n<\/ul>\n\n\n\n<p><strong>Remarque :<\/strong> Chaque pierre Wakasa Tamurayama est test\u00e9e \u00e0 la main pour garantir sa qualit\u00e9 et son int\u00e9grit\u00e9, ce qui en fait non seulement un outil, mais \u00e9galement un investissement \u00e0 valeur durable pour les ma\u00eetres du travail des m\u00e9taux et du rasage.<\/p>","protected":false},"excerpt":{"rendered":"<p><strong>Dimensions et poids approximatifs :<\/strong><\/p>\n<ol>\n<li>218x76x25 mm, 1140 g.<\/li>\n<li>224x77x30 mm, 1420 g.<\/li>\n<li><strong>218 x 77 x 31 mm, 1425 g. Coll\u00e9, nous le d\u00e9conseillons donc pour les rasoirs\u00a0! D&#039;autres outils conviennent si vous n&#039;enfoncez pas la fente perpendiculairement et en exer\u00e7ant une forte pression.<\/strong><\/li>\n<li>216x76x25 mm, 1260 g.<\/li>\n<li>218x77x30 mm, 1310 g.<\/li>\n<li>217x76x33 mm, 1510 g.<\/li>\n<li>212x82x28 mm, 1320 g.<\/li>\n<li>218x78x31 mm, 1450 g.<\/li>\n<\/ol>","protected":false},"featured_media":4878,"comment_status":"open","ping_status":"closed","template":"","meta":[],"product_brand":[],"product_cat":[22],"product_tag":[365,344,61],"class_list":{"0":"post-4877","1":"product","2":"type-product","3":"status-publish","4":"has-post-thumbnail","6":"product_cat-jnats","7":"product_tag-naturalus-akmuo","8":"product_tag-tamurayama","9":"product_tag-wakasa","10":"product_shipping_class-iprastas","12":"first","13":"instock","14":"shipping-taxable","15":"purchasable","16":"product-type-variable"},"_links":{"self":[{"href":"https:\/\/jnats.eu\/fr\/wp-json\/wp\/v2\/product\/4877","targetHints":{"allow":["GET"]}}],"collection":[{"href":"https:\/\/jnats.eu\/fr\/wp-json\/wp\/v2\/product"}],"about":[{"href":"https:\/\/jnats.eu\/fr\/wp-json\/wp\/v2\/types\/product"}],"replies":[{"embeddable":true,"href":"https:\/\/jnats.eu\/fr\/wp-json\/wp\/v2\/comments?post=4877"}],"wp:featuredmedia":[{"embeddable":true,"href":"https:\/\/jnats.eu\/fr\/wp-json\/wp\/v2\/media\/4878"}],"wp:attachment":[{"href":"https:\/\/jnats.eu\/fr\/wp-json\/wp\/v2\/media?parent=4877"}],"wp:term":[{"taxonomy":"product_brand","embeddable":true,"href":"https:\/\/jnats.eu\/fr\/wp-json\/wp\/v2\/product_brand?post=4877"},{"taxonomy":"product_cat","embeddable":true,"href":"https:\/\/jnats.eu\/fr\/wp-json\/wp\/v2\/product_cat?post=4877"},{"taxonomy":"product_tag","embeddable":true,"href":"https:\/\/jnats.eu\/fr\/wp-json\/wp\/v2\/product_tag?post=4877"}],"curies":[{"name":"wp","href":"https:\/\/api.w.org\/{rel}","templated":true}]}}