{"id":492,"date":"2024-03-07T10:55:29","date_gmt":"2024-03-07T08:55:29","guid":{"rendered":"http:\/\/jnats.eu\/?post_type=product&#038;p=492"},"modified":"2024-08-01T13:36:33","modified_gmt":"2024-08-01T10:36:33","slug":"heljestrand-eskiltuna-suede-rasoir-vintage-7-jours-ensemble","status":"publish","type":"product","link":"https:\/\/jnats.eu\/fr\/produit-2\/heljestrand-eskiltuna-suede-rasoir-vintage-7-jours-ensemble\/","title":{"rendered":"Heljestrand Eskiltuna Su\u00e8de rasoirs vintage ensemble 7 jours"},"content":{"rendered":"<p>L&#039;ensemble de rasoirs 7 jours Heljestrand Eskiltuna Su\u00e8de incarne l&#039;artisanat et la sophistication, offrant une exp\u00e9rience de rasage luxueuse ancr\u00e9e dans l&#039;h\u00e9ritage et la qualit\u00e9. <\/p>\n\n\n\n<p>Heljestrand Eskiltuna Su\u00e8de Ensemble de rasoirs 7 jours<\/p>\n\n\n\n<p>Lib\u00e9rez la quintessence de l&#039;\u00e9l\u00e9gance et de la pr\u00e9cision intemporelles avec le kit de rasage 7 jours Heljestrand Eskiltuna Su\u00e8de. Fabriqu\u00e9e dans les forges renomm\u00e9es d&#039;Eskilstuna, en Su\u00e8de, r\u00e9put\u00e9es pour leur tradition s\u00e9culaire de travail du m\u00e9tal raffin\u00e9, chaque pi\u00e8ce de cet ensemble refl\u00e8te un savoir-faire et une attention aux d\u00e9tails sans pr\u00e9c\u00e9dent.<\/p>\n\n\n\n<p>Un savoir-faire exceptionnel :<br>Chaque rasoir de cet ensemble est soigneusement fabriqu\u00e9 \u00e0 partir d&#039;acier inoxydable de la plus haute qualit\u00e9 pour garantir un tranchant durable et des performances sup\u00e9rieures. Les lames sont parfaitement aff\u00fbt\u00e9es pour un rasage doux et confortable \u00e0 chaque passage.<\/p>\n\n\n\n<p>\u00c9l\u00e9gance vintage\u00a0:<br>Orn\u00e9s de designs classiques et de d\u00e9tails complexes, ces rasoirs d\u00e9gagent un charme et une sophistication vintage. Des poign\u00e9es confortables aux lames con\u00e7ues avec pr\u00e9cision, chaque \u00e9l\u00e9ment t\u00e9moigne du riche h\u00e9ritage et du savoir-faire exquis qui est synonyme de Heljestrand.<\/p>\n\n\n\n<p>Confort 7 jours\u00a0:<br>Con\u00e7u pour l&#039;homme moderne qui appr\u00e9cie le style et la fonctionnalit\u00e9, cet ensemble comprend sept rasoirs, chacun d\u00e9di\u00e9 \u00e0 un jour sp\u00e9cifique de la semaine. Acceptez le rituel d&#039;entretien avec plaisir, sachant que vous disposez de l&#039;outil parfait pour chaque occasion.<\/p>\n\n\n\n<p>Livraison de luxe :<br>Pr\u00e9sent\u00e9 dans un coffret \u00e9l\u00e9gant et sophistiqu\u00e9, le kit de rasage 7 jours Heljestrand Eskiltuna Su\u00e8de est le compl\u00e9ment parfait \u00e0 toute collection all\u00e9chante. Qu&#039;il s&#039;agisse d&#039;un cadeau personnel ou d&#039;un cadeau attentionn\u00e9 pour un gentleman exigeant, cet ensemble incarne le luxe et la sophistication.<\/p>\n\n\n\n<p>Am\u00e9liorez votre exp\u00e9rience de rasage\u00a0:<br>Profitez de l&#039;art du rasage avec le kit de rasage 7 jours Heljestrand Eskiltuna Su\u00e8de et d\u00e9couvrez le charme intemporel de l&#039;artisanat su\u00e9dois. Amenez votre routine de soins \u00e0 de nouveaux sommets de sophistication et de style avec cette collection exclusive de rasoirs.<\/p>\n\n\n\n<p>Le kit de rasage 7 jours de Heljestrand Eskiltuna Sweden est plus qu'un simple accessoire de soin du corps et du visage - c'est un symbole de go\u00fbt raffin\u00e9 et de qualit\u00e9 sans compromis, destin\u00e9 \u00e0 \u00eatre ch\u00e9ri par les g\u00e9n\u00e9rations \u00e0 venir.<\/p>\n\n\n\n<figure class=\"wp-block-embed is-type-video is-provider-youtube wp-block-embed-youtube wp-embed-aspect-16-9 wp-has-aspect-ratio\"><div class=\"wp-block-embed__wrapper\">\n<div class=\"video-container\"><iframe title=\"Heljestrand Eskiltuna Su\u00e8de rasoirs vintage ensemble 7 jours\" width=\"1170\" height=\"658\" src=\"https:\/\/www.youtube.com\/embed\/oYVb2hrp-h0?feature=oembed\" frameborder=\"0\" allow=\"accelerometer; autoplay; clipboard-write; encrypted-media; gyroscope; picture-in-picture; web-share\" allowfullscreen><\/iframe><\/div>\n<\/div><\/figure>","protected":false},"excerpt":{"rendered":"<ul>\n<li>Heljestrand Eskiltuna Su\u00e8de rasoirs vintage ensemble 7 jours<\/li>\n<li><strong>Le su\u00e9dois est probablement le plus tranchant des aciers inoxydables trouv\u00e9s dans les rasoirs<\/strong><\/li>\n<li>Les poign\u00e9es sont en polym\u00e8re<\/li>\n<li>Non utilis\u00e9 (NOS - Nouveau vieux stock)<\/li>\n<li>Bonne condition<\/li>\n<li>Il y a des signes de corrosion<\/li>\n<li>Pas de divisions ni de pauses<\/li>\n<li>Dimensions de la lame : 70 x 17 mm<\/li>\n<\/ul>","protected":false},"featured_media":1071,"comment_status":"open","ping_status":"closed","template":"","meta":[],"product_brand":[],"product_cat":[23],"product_tag":[114,113,115],"class_list":{"0":"post-492","1":"product","2":"type-product","3":"status-publish","4":"has-post-thumbnail","6":"product_cat-razors","7":"product_tag-eskiltuna","8":"product_tag-heljestrand","9":"product_tag-sweden","10":"product_shipping_class-light","12":"first","13":"outofstock","14":"sale","15":"shipping-taxable","16":"purchasable","17":"product-type-simple"},"_links":{"self":[{"href":"https:\/\/jnats.eu\/fr\/wp-json\/wp\/v2\/product\/492","targetHints":{"allow":["GET"]}}],"collection":[{"href":"https:\/\/jnats.eu\/fr\/wp-json\/wp\/v2\/product"}],"about":[{"href":"https:\/\/jnats.eu\/fr\/wp-json\/wp\/v2\/types\/product"}],"replies":[{"embeddable":true,"href":"https:\/\/jnats.eu\/fr\/wp-json\/wp\/v2\/comments?post=492"}],"wp:featuredmedia":[{"embeddable":true,"href":"https:\/\/jnats.eu\/fr\/wp-json\/wp\/v2\/media\/1071"}],"wp:attachment":[{"href":"https:\/\/jnats.eu\/fr\/wp-json\/wp\/v2\/media?parent=492"}],"wp:term":[{"taxonomy":"product_brand","embeddable":true,"href":"https:\/\/jnats.eu\/fr\/wp-json\/wp\/v2\/product_brand?post=492"},{"taxonomy":"product_cat","embeddable":true,"href":"https:\/\/jnats.eu\/fr\/wp-json\/wp\/v2\/product_cat?post=492"},{"taxonomy":"product_tag","embeddable":true,"href":"https:\/\/jnats.eu\/fr\/wp-json\/wp\/v2\/product_tag?post=492"}],"curies":[{"name":"wp","href":"https:\/\/api.w.org\/{rel}","templated":true}]}}