{"id":4924,"date":"2025-07-10T13:51:53","date_gmt":"2025-07-10T10:51:53","guid":{"rendered":"https:\/\/jnats.eu\/?post_type=product&#038;p=4924"},"modified":"2026-02-12T13:15:19","modified_gmt":"2026-02-12T11:15:19","slug":"hideki-ir-chobomasa-kamisori-vintaziniai-japoniski-skustuvai-naudoti","status":"publish","type":"product","link":"https:\/\/jnats.eu\/fr\/produit-2\/hideki-ir-chobomasa-kamisori-vintaziniai-japoniski-skustuvai-naudoti\/","title":{"rendered":"Rasoirs japonais vintage Hideki et Chobomasa kamisori (d&#039;occasion)"},"content":{"rendered":"<p>D\u00e9couvrez la v\u00e9ritable ma\u00eetrise du rasage japonais avec&nbsp;<strong>NOS Chobomasa Kamisori<\/strong>&nbsp;\u2013 Authentiques rasoirs japonais vintage, fabriqu\u00e9s \u00e0 la main. Ces rasoirs d&#039;occasion, conserv\u00e9s en excellent \u00e9tat, proviennent directement du Japon du milieu du XXe si\u00e8cle.<\/p>\n\n\n\n<figure class=\"wp-block-embed is-type-video is-provider-youtube wp-block-embed-youtube wp-embed-aspect-16-9 wp-has-aspect-ratio\"><div class=\"wp-block-embed__wrapper\">\n<div class=\"video-container\"><iframe title=\"Rasoirs japonais vintage Hideki et Chobomasa kamisori (d&#039;occasion)\" width=\"1170\" height=\"658\" src=\"https:\/\/www.youtube.com\/embed\/_KzEqBvL-7M?feature=oembed\" frameborder=\"0\" allow=\"accelerometer; autoplay; clipboard-write; encrypted-media; gyroscope; picture-in-picture; web-share\" referrerpolicy=\"strict-origin-when-cross-origin\" allowfullscreen><\/iframe><\/div>\n<\/div><\/figure>\n\n\n\n<p>Cuisson traditionnelle\u00a0<strong>kamisori<\/strong>\u00a0en forme de lames de rasage, ces rasoirs se distinguent par leur forme\u00a0<strong>lame asym\u00e9trique<\/strong>\u00a0et\u00a0<strong>acier au carbone de haute qualit\u00e9<\/strong>, garantissant un tranchant exceptionnel et une utilisation durable. Chaque rasoir transmet subtilement l&#039;esprit de l&#039;artisanat japonais ancien et une fonctionnalit\u00e9 exceptionnelle.<\/p>\n\n\n\n<p><strong>Caract\u00e9ristiques :<\/strong><\/p>\n\n\n\n<ul class=\"wp-block-list\">\n<li>Authentiquement japonais&nbsp;<strong>kamisori<\/strong>&nbsp;conception<\/li>\n\n\n\n<li>Utilis\u00e9, vintage<\/li>\n\n\n\n<li>Haute qualit\u00e9&nbsp;<strong>lame en acier au carbone<\/strong><\/li>\n\n\n\n<li>Fabriqu\u00e9 \u00e0 la main, production traditionnelle au Japon<\/li>\n\n\n\n<li>Pour les collectionneurs et les amateurs de rasage<\/li>\n<\/ul>\n\n\n\n<p><strong>1er et 2\u00e8me \u00e0 partir de la gauche :<\/strong><\/p>\n\n\n\n<ul class=\"wp-block-list\">\n<li>\u4e0a \u6e6f (Kamiyu)<\/li>\n\n\n\n<li>\u79c0\u8f1d (Hideki ou Sh\u016bk\u014d \u2014 selon la lecture)<\/li>\n<\/ul>\n\n\n\n<p><strong>Traduction :<\/strong><\/p>\n\n\n\n<ul class=\"wp-block-list\">\n<li><strong>\u4e0a \u6e6f (Kamiyu)<\/strong> \u2013 il s\u2019agit tr\u00e8s probablement de marques ou de lieux\/noms de contrefa\u00e7on.<\/li>\n\n\n\n<li><strong>\u79c0\u8f1d<\/strong> \u2014 le nom ou la marque du ma\u00eetre.<\/li>\n<\/ul>\n\n\n\n<p><strong>Conclusion :<\/strong> les deux premiers kamisori ont \u00e9t\u00e9 fabriqu\u00e9s par le m\u00eame forgeron Hideki <strong>\u79c0\u8f1d<\/strong>, marque <strong>Kamiya<\/strong>.<\/p>\n\n\n\n<p>Tous les autres <strong>Chobomasa Kamisori<\/strong><\/p>","protected":false},"excerpt":{"rendered":"<ul>\n<li>Comme le sabre traditionnel des samoura\u00efs, le katana, ces kamisori ont \u00e9t\u00e9 forg\u00e9s \u00e0 la main en deux parties. La partie tranchante est en acier \u00e0 haute teneur en carbone, tandis que la couche de soutien est en acier plus simple. La couche d'acier est dure, tandis que le cadre plus souple offre la r\u00e9sistance n\u00e9cessaire \u00e0 la rupture.<\/li>\n<li>Tous les camisoles sont l\u00e9g\u00e8rement diff\u00e9rents car ils sont faits \u00e0 la main.<\/li>\n<li>Poids (environ) : 35 g., <strong>1 et 2 : 45 g.\u00a0<\/strong><\/li>\n<li>Longueur totale (environ) : 145 mm, <strong>1 et 2 : 150 mm.\u00a0<\/strong><\/li>\n<li>Hauteur (environ) : 18 mm, <strong>1 et 2 : 21 mm.\u00a0<\/strong><\/li>\n<li>\u00c9paisseur du ruban (approx.) : 6 mm<\/li>\n<li>Longueur de la lame (environ) : 44 mm, <strong>1 et 2 : 47 mm.\u00a0<\/strong><\/li>\n<li>La poign\u00e9e est en carton envelopp\u00e9 de ficelle.<\/li>\n<li><strong>Si vous ne voyez pas l'article dans la liste d\u00e9roulante, cela signifie qu'il est en vente.<\/strong><\/li>\n<\/ul>","protected":false},"featured_media":4925,"comment_status":"open","ping_status":"closed","template":"","meta":[],"product_brand":[],"product_cat":[23],"product_tag":[322,25],"class_list":{"0":"post-4924","1":"product","2":"type-product","3":"status-publish","4":"has-post-thumbnail","6":"product_cat-razors","7":"product_tag-chobomasa","8":"product_tag-kamisori","9":"product_shipping_class-light","11":"first","12":"outofstock","13":"shipping-taxable","14":"product-type-variable"},"_links":{"self":[{"href":"https:\/\/jnats.eu\/fr\/wp-json\/wp\/v2\/product\/4924","targetHints":{"allow":["GET"]}}],"collection":[{"href":"https:\/\/jnats.eu\/fr\/wp-json\/wp\/v2\/product"}],"about":[{"href":"https:\/\/jnats.eu\/fr\/wp-json\/wp\/v2\/types\/product"}],"replies":[{"embeddable":true,"href":"https:\/\/jnats.eu\/fr\/wp-json\/wp\/v2\/comments?post=4924"}],"wp:featuredmedia":[{"embeddable":true,"href":"https:\/\/jnats.eu\/fr\/wp-json\/wp\/v2\/media\/4925"}],"wp:attachment":[{"href":"https:\/\/jnats.eu\/fr\/wp-json\/wp\/v2\/media?parent=4924"}],"wp:term":[{"taxonomy":"product_brand","embeddable":true,"href":"https:\/\/jnats.eu\/fr\/wp-json\/wp\/v2\/product_brand?post=4924"},{"taxonomy":"product_cat","embeddable":true,"href":"https:\/\/jnats.eu\/fr\/wp-json\/wp\/v2\/product_cat?post=4924"},{"taxonomy":"product_tag","embeddable":true,"href":"https:\/\/jnats.eu\/fr\/wp-json\/wp\/v2\/product_tag?post=4924"}],"curies":[{"name":"wp","href":"https:\/\/api.w.org\/{rel}","templated":true}]}}