{"id":4955,"date":"2025-07-14T08:35:58","date_gmt":"2025-07-14T05:35:58","guid":{"rendered":"https:\/\/jnats.eu\/?post_type=product&#038;p=4955"},"modified":"2025-08-02T03:24:28","modified_gmt":"2025-08-02T00:24:28","slug":"mikawa-nagura","status":"publish","type":"product","link":"https:\/\/jnats.eu\/fr\/produit-2\/mikawa-nagura\/","title":{"rendered":"Mikawa Nagura"},"content":{"rendered":"<p>Comme les autres naguros, le mikawa est traditionnellement utilis\u00e9 pour cr\u00e9er une suspension abrasive sur une pierre \u00e0 aiguiser naturelle. Ce type de pierre est extrait de la mine Junmikawa Shiro, dans le district de Kitashitara, dans la pr\u00e9fecture d'Aichi. La roche qui s'y trouve est constitu\u00e9e de 10 \u00e0 12 couches, en fonction de la zone exploit\u00e9e. Parmi ces couches, 8 sont exploitables et 4 d'entre elles sont les plus populaires. Dans les zones o\u00f9 il y a 12 couches exploitables, on trouve deux couches diff\u00e9rentes de Tenjyo ainsi que Yae Botan et Botan, qui sont tr\u00e8s similaires. Comme pour toutes les pierres naturelles japonaises, chaque pierre peut varier.<\/p>\n\n\n\n<figure class=\"wp-block-embed is-type-video is-provider-youtube wp-block-embed-youtube wp-embed-aspect-16-9 wp-has-aspect-ratio\"><div class=\"wp-block-embed__wrapper\">\n<div class=\"video-container\"><iframe title=\"Pierre \u00e0 aiguiser naturelle japonaise Mikawa Nagura\" width=\"1170\" height=\"658\" src=\"https:\/\/www.youtube.com\/embed\/tzTRcZVNbN0?feature=oembed\" frameborder=\"0\" allow=\"accelerometer; autoplay; clipboard-write; encrypted-media; gyroscope; picture-in-picture; web-share\" referrerpolicy=\"strict-origin-when-cross-origin\" allowfullscreen><\/iframe><\/div>\n<\/div><\/figure>","protected":false},"excerpt":{"rendered":"<ul>\n<li>Convient pour cr\u00e9er une suspension sur la pierre dure et pour l'\u00e9tape de polissage interm\u00e9diaire.<\/li>\n<li>Duret\u00e9 : Lv 4<\/li>\n<li>Dimensions approximatives : 195x47x39 mm<\/li>\n<li>Poids : 656 g.<\/li>\n<\/ul>","protected":false},"featured_media":4961,"comment_status":"open","ping_status":"closed","template":"","meta":[],"product_brand":[],"product_cat":[22],"product_tag":[153],"class_list":{"0":"post-4955","1":"product","2":"type-product","3":"status-publish","4":"has-post-thumbnail","6":"product_cat-jnats","7":"product_tag-nagura","8":"product_shipping_class-iprastas","10":"first","11":"instock","12":"shipping-taxable","13":"purchasable","14":"product-type-simple"},"_links":{"self":[{"href":"https:\/\/jnats.eu\/fr\/wp-json\/wp\/v2\/product\/4955","targetHints":{"allow":["GET"]}}],"collection":[{"href":"https:\/\/jnats.eu\/fr\/wp-json\/wp\/v2\/product"}],"about":[{"href":"https:\/\/jnats.eu\/fr\/wp-json\/wp\/v2\/types\/product"}],"replies":[{"embeddable":true,"href":"https:\/\/jnats.eu\/fr\/wp-json\/wp\/v2\/comments?post=4955"}],"wp:featuredmedia":[{"embeddable":true,"href":"https:\/\/jnats.eu\/fr\/wp-json\/wp\/v2\/media\/4961"}],"wp:attachment":[{"href":"https:\/\/jnats.eu\/fr\/wp-json\/wp\/v2\/media?parent=4955"}],"wp:term":[{"taxonomy":"product_brand","embeddable":true,"href":"https:\/\/jnats.eu\/fr\/wp-json\/wp\/v2\/product_brand?post=4955"},{"taxonomy":"product_cat","embeddable":true,"href":"https:\/\/jnats.eu\/fr\/wp-json\/wp\/v2\/product_cat?post=4955"},{"taxonomy":"product_tag","embeddable":true,"href":"https:\/\/jnats.eu\/fr\/wp-json\/wp\/v2\/product_tag?post=4955"}],"curies":[{"name":"wp","href":"https:\/\/api.w.org\/{rel}","templated":true}]}}