{"id":499,"date":"2024-03-07T11:05:59","date_gmt":"2024-03-07T09:05:59","guid":{"rendered":"http:\/\/jnats.eu\/?post_type=product&#038;p=499"},"modified":"2024-04-09T09:23:42","modified_gmt":"2024-04-09T06:23:42","slug":"joseph-rogers-sons-rasoir-vintage-ensemble-de-7-jours","status":"publish","type":"product","link":"https:\/\/jnats.eu\/fr\/produit-2\/joseph-rogers-sons-rasoir-vintage-ensemble-de-7-jours\/","title":{"rendered":"Joseph Rogers &amp; Sons Ensemble de rasoirs vintage 7 jours"},"content":{"rendered":"<p>Joseph Rogers &amp; Sons Cutlers to her Majesty Shefield Vintage Razors 7 Days Set<\/p>\n\n\n\n<figure class=\"wp-block-embed is-type-video is-provider-youtube wp-block-embed-youtube wp-embed-aspect-16-9 wp-has-aspect-ratio\"><div class=\"wp-block-embed__wrapper\">\n<div class=\"video-container\"><iframe title=\"Joseph Rogers &amp; Sons Ensemble de rasoirs vintage 7 jours\" width=\"1170\" height=\"658\" src=\"https:\/\/www.youtube.com\/embed\/fMCv4hhV4Ug?feature=oembed\" frameborder=\"0\" allow=\"accelerometer; autoplay; clipboard-write; encrypted-media; gyroscope; picture-in-picture; web-share\" referrerpolicy=\"strict-origin-when-cross-origin\" allowfullscreen><\/iframe><\/div>\n<\/div><\/figure>\n\n\n\n<p>D\u00e9couvrez la quintessence de l'artisanat britannique et de l'\u00e9l\u00e9gance royale avec l'ensemble de rasoirs 7 jours Joseph Rogers &amp; Sons Vintage Cutlers to Her Majesty Shefield. Cet ensemble a \u00e9t\u00e9 fabriqu\u00e9 par des artisans estim\u00e9s de Sheffield, en Angleterre, r\u00e9put\u00e9s pour leur riche h\u00e9ritage en mati\u00e8re de travail du m\u00e9tal de pr\u00e9cision et de style intemporel.<\/p>\n\n\n\n<p>Patrimoine exceptionnel :<br>Chaque rasoir de cet ensemble exclusif est fabriqu\u00e9 par les forgerons du roi. La marque vieille de plusieurs si\u00e8cles incarne le savoir-faire et la tradition dans chaque pi\u00e8ce soigneusement con\u00e7ue.<\/p>\n\n\n\n<p>Qualit\u00e9 royale :<br>Fabriqu\u00e9s \u00e0 partir d&#039;acier de la meilleure qualit\u00e9, les rasoirs de cet ensemble t\u00e9moignent d&#039;une qualit\u00e9 sup\u00e9rieure et de performances durables. Con\u00e7us pour un rasage doux et confortable, ils incarnent la pr\u00e9cision et l&#039;attention port\u00e9e aux d\u00e9tails qui rendent le savoir-faire de Sheffield c\u00e9l\u00e8bre.<\/p>\n\n\n\n<p>Charme vintage\u00a0:<br>D\u00e9couvrez le glamour du pass\u00e9 avec le design vintage de ces rasoirs. Des poign\u00e9es en ivoire orn\u00e9es aux lames parfaitement polies, chaque rasoir respire le charme et la sophistication d&#039;antan.<\/p>\n\n\n\n<p>Pr\u00e9cision sur 7 jours\u00a0:<br>Am\u00e9liorez votre routine de soins avec un rasoir pratique pour tous les jours de la semaine. Que vous vous pr\u00e9pariez pour une journ\u00e9e bien remplie au bureau ou un week-end de d\u00e9tente, ce kit garantit que vous aurez toujours l&#039;outil parfait \u00e0 port\u00e9e de main.<\/p>\n\n\n\n<p>Pr\u00e9sentation royale\u00a0:<br>L'ensemble de rasoirs 7 jours Vintage Cutlers to Her Majesty Shefield de Joseph Rogers &amp; Sons, pr\u00e9sent\u00e9 dans un \u00e9l\u00e9gant coffret, se caract\u00e9rise par son raffinement et son luxe. Qu'il soit fi\u00e8rement expos\u00e9 sur votre vanity case ou offert comme cadeau pr\u00e9cieux, il incarne l'\u00e9l\u00e9gance intemporelle de l'artisanat britannique.<\/p>\n\n\n\n<p>Am\u00e9liorez votre exp\u00e9rience de rasage\u00a0:<br>Plongez dans le luxe d&#039;une \u00e9poque r\u00e9volue avec le Royal Razor Set. Ces rasoirs sont plus que de simples accessoires de toilettage, ils sont un h\u00e9ritage d&#039;excellence et de distinction, garantissant que chaque rasage est une affaire royale.<\/p>","protected":false},"excerpt":{"rendered":"<ul>\n<li>Les poign\u00e9es sont en ivoire<\/li>\n<li>Non utilis\u00e9 (NOS - Nouveau vieux stock)<\/li>\n<li>Bonne condition<\/li>\n<li>Il y a des signes de corrosion<\/li>\n<li><strong>Un rasoir a une grande fente, deux ont des fentes mineures<\/strong><\/li>\n<\/ul>","protected":false},"featured_media":1064,"comment_status":"open","ping_status":"closed","template":"","meta":[],"product_brand":[],"product_cat":[23],"product_tag":[118,117,116,119],"class_list":{"0":"post-499","1":"product","2":"type-product","3":"status-publish","4":"has-post-thumbnail","6":"product_cat-razors","7":"product_tag-cutlers","8":"product_tag-joseph-rogers-sons","9":"product_tag-majesty","10":"product_tag-shefield","11":"product_shipping_class-light","13":"first","14":"instock","15":"shipping-taxable","16":"purchasable","17":"product-type-simple"},"_links":{"self":[{"href":"https:\/\/jnats.eu\/fr\/wp-json\/wp\/v2\/product\/499","targetHints":{"allow":["GET"]}}],"collection":[{"href":"https:\/\/jnats.eu\/fr\/wp-json\/wp\/v2\/product"}],"about":[{"href":"https:\/\/jnats.eu\/fr\/wp-json\/wp\/v2\/types\/product"}],"replies":[{"embeddable":true,"href":"https:\/\/jnats.eu\/fr\/wp-json\/wp\/v2\/comments?post=499"}],"wp:featuredmedia":[{"embeddable":true,"href":"https:\/\/jnats.eu\/fr\/wp-json\/wp\/v2\/media\/1064"}],"wp:attachment":[{"href":"https:\/\/jnats.eu\/fr\/wp-json\/wp\/v2\/media?parent=499"}],"wp:term":[{"taxonomy":"product_brand","embeddable":true,"href":"https:\/\/jnats.eu\/fr\/wp-json\/wp\/v2\/product_brand?post=499"},{"taxonomy":"product_cat","embeddable":true,"href":"https:\/\/jnats.eu\/fr\/wp-json\/wp\/v2\/product_cat?post=499"},{"taxonomy":"product_tag","embeddable":true,"href":"https:\/\/jnats.eu\/fr\/wp-json\/wp\/v2\/product_tag?post=499"}],"curies":[{"name":"wp","href":"https:\/\/api.w.org\/{rel}","templated":true}]}}