{"id":4996,"date":"2025-07-21T09:56:56","date_gmt":"2025-07-21T06:56:56","guid":{"rendered":"https:\/\/jnats.eu\/?post_type=product&#038;p=4996"},"modified":"2025-10-02T19:51:09","modified_gmt":"2025-10-02T16:51:09","slug":"nos-paauksuotas-vintazinis-skustuvas-gevoso-ss-2000","status":"publish","type":"product","link":"https:\/\/jnats.eu\/fr\/produit-2\/nos-paauksuotas-vintazinis-skustuvas-gevoso-ss-2000\/","title":{"rendered":"NOS Gilt rasoir vintage Gevoso SS 2000"},"content":{"rendered":"<p>Vintage de haute qualit\u00e9 <em>rasoir droit<\/em> (rasoir droit), fabriqu\u00e9 dans la l\u00e9gendaire ville de Solingen, en Allemagne. Mod\u00e8le <strong>Gevoso SS 2000<\/strong>Lame en acier inoxydable avec <strong>avec ruban dor\u00e9<\/strong>Un niveau de conservation extr\u00eamement rare - <strong>NOS (New Old Stock)<\/strong>, inutilis\u00e9.<\/p>\n\n\n\n<figure class=\"wp-block-embed is-type-video is-provider-youtube wp-block-embed-youtube wp-embed-aspect-16-9 wp-has-aspect-ratio\"><div class=\"wp-block-embed__wrapper\">\n<div class=\"video-container\"><iframe title=\"NOS Gold Plated Vintage Razor Gevoso SS 2000\" width=\"1170\" height=\"658\" src=\"https:\/\/www.youtube.com\/embed\/ll1UrdPDA5Y?feature=oembed\" frameborder=\"0\" allow=\"accelerometer; autoplay; clipboard-write; encrypted-media; gyroscope; picture-in-picture; web-share\" referrerpolicy=\"strict-origin-when-cross-origin\" allowfullscreen><\/iframe><\/div>\n<\/div><\/figure>\n\n\n\n<ul class=\"wp-block-list\">\n<li><strong>Fabricant :<\/strong> Gevoso, Solingen, Allemagne<\/li>\n\n\n\n<li><strong>Lame :<\/strong> acier inoxydable<\/li>\n\n\n\n<li><strong>Forme :<\/strong> Extra Hollow Ground (mouture extra fine)<\/li>\n\n\n\n<li><strong>Rankena :<\/strong> Plastique textur\u00e9, d\u00e9cor\u00e9 du logo Gevos<\/li>\n\n\n\n<li><strong>suppl\u00e9mentaires :<\/strong> Bo\u00eete rouge originale avec impression dor\u00e9e<\/li>\n\n\n\n<li><strong>\u00c9tat :<\/strong> NOS - non utilis\u00e9, \u00e9tat de collection<\/li>\n<\/ul>","protected":false},"excerpt":{"rendered":"<ul>\n<li>NOS (New old stock) rasoir vintage dor\u00e9 Gevoso SS 2000 Solingen fabriqu\u00e9 en Allemagne avec bo\u00eete.<\/li>\n<li>Le placage d'or est l\u00e9g\u00e8rement frott\u00e9 par endroits. Veuillez regarder attentivement les photos et la vid\u00e9o.<\/li>\n<li>La m\u00e9canique et la g\u00e9om\u00e9trie sont impeccables.<\/li>\n<li>Poids - 51 g<\/li>\n<li>Dimensions de la lame - 73x20x5 mm<\/li>\n<li>Extra Hollow Ground (mouture extra fine)<\/li>\n<li>Poign\u00e9e en polym\u00e8re<\/li>\n<\/ul>","protected":false},"featured_media":5002,"comment_status":"open","ping_status":"closed","template":"","meta":[],"product_brand":[],"product_cat":[23],"product_tag":[368,55],"class_list":{"0":"post-4996","1":"product","2":"type-product","3":"status-publish","4":"has-post-thumbnail","6":"product_cat-razors","7":"product_tag-gevoso","8":"product_tag-nos","9":"product_shipping_class-light","11":"first","12":"outofstock","13":"shipping-taxable","14":"purchasable","15":"product-type-simple"},"_links":{"self":[{"href":"https:\/\/jnats.eu\/fr\/wp-json\/wp\/v2\/product\/4996","targetHints":{"allow":["GET"]}}],"collection":[{"href":"https:\/\/jnats.eu\/fr\/wp-json\/wp\/v2\/product"}],"about":[{"href":"https:\/\/jnats.eu\/fr\/wp-json\/wp\/v2\/types\/product"}],"replies":[{"embeddable":true,"href":"https:\/\/jnats.eu\/fr\/wp-json\/wp\/v2\/comments?post=4996"}],"wp:featuredmedia":[{"embeddable":true,"href":"https:\/\/jnats.eu\/fr\/wp-json\/wp\/v2\/media\/5002"}],"wp:attachment":[{"href":"https:\/\/jnats.eu\/fr\/wp-json\/wp\/v2\/media?parent=4996"}],"wp:term":[{"taxonomy":"product_brand","embeddable":true,"href":"https:\/\/jnats.eu\/fr\/wp-json\/wp\/v2\/product_brand?post=4996"},{"taxonomy":"product_cat","embeddable":true,"href":"https:\/\/jnats.eu\/fr\/wp-json\/wp\/v2\/product_cat?post=4996"},{"taxonomy":"product_tag","embeddable":true,"href":"https:\/\/jnats.eu\/fr\/wp-json\/wp\/v2\/product_tag?post=4996"}],"curies":[{"name":"wp","href":"https:\/\/api.w.org\/{rel}","templated":true}]}}