{"id":5089,"date":"2025-08-08T11:18:04","date_gmt":"2025-08-08T08:18:04","guid":{"rendered":"https:\/\/jnats.eu\/?post_type=product&#038;p=5089"},"modified":"2025-08-10T15:36:42","modified_gmt":"2025-08-10T12:36:42","slug":"suita-japoniskas-naturalus-galandimo-uzbaigimo-akmuo","status":"publish","type":"product","link":"https:\/\/jnats.eu\/fr\/produit-2\/suita-japoniskas-naturalus-galandimo-uzbaigimo-akmuo\/","title":{"rendered":"Pierre d'aff\u00fbtage naturelle japonaise Suita"},"content":{"rendered":"<figure class=\"wp-block-embed is-type-video is-provider-youtube wp-block-embed-youtube wp-embed-aspect-16-9 wp-has-aspect-ratio\"><div class=\"wp-block-embed__wrapper\">\n<div class=\"video-container\"><iframe title=\"Aiguisage d&#039;un Henkotsu Kamisori avec une pierre \u00e0 aiguiser Suita naturelle\" width=\"1170\" height=\"658\" src=\"https:\/\/www.youtube.com\/embed\/152MDxHApMM?feature=oembed\" frameborder=\"0\" allow=\"accelerometer; autoplay; clipboard-write; encrypted-media; gyroscope; picture-in-picture; web-share\" referrerpolicy=\"strict-origin-when-cross-origin\" allowfullscreen><\/iframe><\/div>\n<\/div><\/figure>","protected":false},"excerpt":{"rendered":"<ul>\n<li>Convient pour la finition des lames de rasoir, des ciseaux, de la menuiserie et d&#039;autres outils.<\/li>\n<li>Dimensions approximatives : 144x77x24 mm<\/li>\n<li>Poids : 710 g<\/li>\n<li>Duret\u00e9 : Lv 4.8<\/li>\n<li>La surface est lisse et pr\u00eate \u00e0 \u00eatre travaill\u00e9e.<\/li>\n<li>La surface pr\u00e9sente des lignes, mais celles-ci ne g\u00eanent pas l'aff\u00fbtage. Voir la vid\u00e9o<\/li>\n<\/ul>","protected":false},"featured_media":5096,"comment_status":"open","ping_status":"closed","template":"","meta":[],"product_brand":[],"product_cat":[22],"product_tag":[50],"class_list":{"0":"post-5089","1":"product","2":"type-product","3":"status-publish","4":"has-post-thumbnail","6":"product_cat-jnats","7":"product_tag-suita","8":"product_shipping_class-iprastas","10":"first","11":"outofstock","12":"shipping-taxable","13":"purchasable","14":"product-type-simple"},"_links":{"self":[{"href":"https:\/\/jnats.eu\/fr\/wp-json\/wp\/v2\/product\/5089","targetHints":{"allow":["GET"]}}],"collection":[{"href":"https:\/\/jnats.eu\/fr\/wp-json\/wp\/v2\/product"}],"about":[{"href":"https:\/\/jnats.eu\/fr\/wp-json\/wp\/v2\/types\/product"}],"replies":[{"embeddable":true,"href":"https:\/\/jnats.eu\/fr\/wp-json\/wp\/v2\/comments?post=5089"}],"wp:featuredmedia":[{"embeddable":true,"href":"https:\/\/jnats.eu\/fr\/wp-json\/wp\/v2\/media\/5096"}],"wp:attachment":[{"href":"https:\/\/jnats.eu\/fr\/wp-json\/wp\/v2\/media?parent=5089"}],"wp:term":[{"taxonomy":"product_brand","embeddable":true,"href":"https:\/\/jnats.eu\/fr\/wp-json\/wp\/v2\/product_brand?post=5089"},{"taxonomy":"product_cat","embeddable":true,"href":"https:\/\/jnats.eu\/fr\/wp-json\/wp\/v2\/product_cat?post=5089"},{"taxonomy":"product_tag","embeddable":true,"href":"https:\/\/jnats.eu\/fr\/wp-json\/wp\/v2\/product_tag?post=5089"}],"curies":[{"name":"wp","href":"https:\/\/api.w.org\/{rel}","templated":true}]}}