{"id":5132,"date":"2025-08-24T10:02:00","date_gmt":"2025-08-24T07:02:00","guid":{"rendered":"https:\/\/jnats.eu\/?post_type=product&#038;p=5132"},"modified":"2025-10-08T09:20:31","modified_gmt":"2025-10-08T06:20:31","slug":"peilis-nozhemir-h-165k","status":"publish","type":"product","link":"https:\/\/jnats.eu\/fr\/produit-2\/peilis-nozhemir-h-165k\/","title":{"rendered":"Couteau Nozhemir H-165K"},"content":{"rendered":"<ul class=\"wp-block-list\">\n<li>Les inscriptions sont en russe, mais l'objet provient de Chine.<\/li>\n\n\n\n<li>40\u00d713 acier<\/li>\n\n\n\n<li>Lame 140x30x3,7 mm Taille de la lame 0,9.<\/li>\n\n\n\n<li>Poign\u00e9e 120\u00d730 mm. Caoutchouc \u00e0 texture souple.<\/li>\n\n\n\n<li>Poids 232 g.<\/li>\n\n\n\n<li>Il y a une tache d'origine incertaine sur la pointe, mais elle n'est pas \u00e9largie.<\/li>\n\n\n\n<li>Pochette en nylon.<\/li>\n\n\n\n<li>Inutilis\u00e9, seulement vaincu par les coudes.<\/li>\n<\/ul>\n\n\n\n<figure class=\"wp-block-embed is-type-video is-provider-youtube wp-block-embed-youtube wp-embed-aspect-16-9 wp-has-aspect-ratio\"><div class=\"wp-block-embed__wrapper\">\n<div class=\"video-container\"><iframe title=\"18+ Mauvais couteaux ! R\u00e9serv\u00e9 aux adultes !\" width=\"1170\" height=\"658\" src=\"https:\/\/www.youtube.com\/embed\/hvFCTt9ZjFU?start=259&#038;feature=oembed\" frameborder=\"0\" allow=\"accelerometer; autoplay; clipboard-write; encrypted-media; gyroscope; picture-in-picture; web-share\" referrerpolicy=\"strict-origin-when-cross-origin\" allowfullscreen><\/iframe><\/div>\n<\/div><\/figure>","protected":false},"excerpt":{"rendered":"<p>Les inscriptions sont en russe, mais il provient de Chine. 40\u00d713 acier Lame 140x30x3,7 mm Plomb 0,9. Manche 120\u00d730 mm. Caoutchouc \u00e0 texture souple. Poids 232 g. La pointe pr\u00e9sente une tache d'origine inconnue, mais elle ne s'\u00e9tend pas. \u00c9tui en nylon. Non utilis\u00e9, seulement r\u00e9-aiguis\u00e9 avec des coudes.<\/p>","protected":false},"featured_media":5133,"comment_status":"open","ping_status":"closed","template":"","meta":[],"product_brand":[],"product_cat":[24],"product_tag":[76],"class_list":{"0":"post-5132","1":"product","2":"type-product","3":"status-publish","4":"has-post-thumbnail","6":"product_cat-knifes","7":"product_tag-peilis","8":"product_shipping_class-light","10":"first","11":"instock","12":"shipping-taxable","13":"purchasable","14":"product-type-simple"},"_links":{"self":[{"href":"https:\/\/jnats.eu\/fr\/wp-json\/wp\/v2\/product\/5132","targetHints":{"allow":["GET"]}}],"collection":[{"href":"https:\/\/jnats.eu\/fr\/wp-json\/wp\/v2\/product"}],"about":[{"href":"https:\/\/jnats.eu\/fr\/wp-json\/wp\/v2\/types\/product"}],"replies":[{"embeddable":true,"href":"https:\/\/jnats.eu\/fr\/wp-json\/wp\/v2\/comments?post=5132"}],"wp:featuredmedia":[{"embeddable":true,"href":"https:\/\/jnats.eu\/fr\/wp-json\/wp\/v2\/media\/5133"}],"wp:attachment":[{"href":"https:\/\/jnats.eu\/fr\/wp-json\/wp\/v2\/media?parent=5132"}],"wp:term":[{"taxonomy":"product_brand","embeddable":true,"href":"https:\/\/jnats.eu\/fr\/wp-json\/wp\/v2\/product_brand?post=5132"},{"taxonomy":"product_cat","embeddable":true,"href":"https:\/\/jnats.eu\/fr\/wp-json\/wp\/v2\/product_cat?post=5132"},{"taxonomy":"product_tag","embeddable":true,"href":"https:\/\/jnats.eu\/fr\/wp-json\/wp\/v2\/product_tag?post=5132"}],"curies":[{"name":"wp","href":"https:\/\/api.w.org\/{rel}","templated":true}]}}