{"id":5159,"date":"2025-08-26T15:10:01","date_gmt":"2025-08-26T12:10:01","guid":{"rendered":"https:\/\/jnats.eu\/?post_type=product&#038;p=5159"},"modified":"2025-10-20T17:52:29","modified_gmt":"2025-10-20T14:52:29","slug":"iwasaki-kamisori-swedish-steel-naudotas","status":"publish","type":"product","link":"https:\/\/jnats.eu\/fr\/produit-2\/iwasaki-kamisori-swedish-steel-naudotas\/","title":{"rendered":"Iwasaki kamisori Swedish Steel (usag\u00e9, aff\u00fbt\u00e9)"},"content":{"rendered":"<figure class=\"wp-block-embed is-type-video is-provider-youtube wp-block-embed-youtube wp-embed-aspect-16-9 wp-has-aspect-ratio\"><div class=\"wp-block-embed__wrapper\">\n<div class=\"video-container\"><iframe title=\"Aiguisage de l&#039;embl\u00e9matique Iwasaki Kamisori sur une pierre \u00e0 aiguiser Nakayama\" width=\"1170\" height=\"658\" src=\"https:\/\/www.youtube.com\/embed\/TnGyRyTGinA?start=1049&#038;feature=oembed\" frameborder=\"0\" allow=\"accelerometer; autoplay; clipboard-write; encrypted-media; gyroscope; picture-in-picture; web-share\" referrerpolicy=\"strict-origin-when-cross-origin\" allowfullscreen><\/iframe><\/div>\n<\/div><\/figure>\n\n\n\n<p>Le rasoir Iwasaki est l'un des plus appr\u00e9ci\u00e9s des collectionneurs et des amateurs de rasage traditionnel pour la qualit\u00e9 de son acier tremp\u00e9 et de sa fabrication. Ce rasoir a \u00e9t\u00e9 fabriqu\u00e9 pendant la p\u00e9riode Showa, vers les ann\u00e9es 1950. <\/p>\n\n\n\n<p>Comme un sabre de samoura\u00ef traditionnel, ce Kamisori a \u00e9t\u00e9 forg\u00e9 \u00e0 la main \u00e0 partir de deux couches, la partie tranchante \u00e9tant faite d'un acier riche en carbone et le pivot d'un acier inoxydable plus simple. La couche centrale est dure pour un tranchant durable et un rasage agr\u00e9able, tandis que le support offre la flexibilit\u00e9 n\u00e9cessaire.<\/p>\n\n\n\n<p>Les deux couches r\u00e9sistent bien \u00e0 la corrosion, mais aucun acier n&#039;est totalement exempt de rouille, alors gardez toujours votre rasoir au sec et prot\u00e9gez-le avec une fine couche d&#039;huile apr\u00e8s le rasage.<\/p>","protected":false},"excerpt":{"rendered":"<ul>\n<li>Mat\u00e9riau de la lame : acier su\u00e9dois forg\u00e9, tremp\u00e9 \u00e0 une duret\u00e9 relativement \u00e9lev\u00e9e de 63 HRC, ce qui lui permet de conserver son tranchant pendant longtemps.<\/li>\n<li>Aiguis\u00e9 avec Nakayama Kiita + Kanayama strop<\/li>\n<li>Dimensions de la lame : environ 46x17x4,5 mm<\/li>\n<li>L'autre c\u00f4t\u00e9 du rasoir grossi\u00e8rement usin\u00e9 par un amateur<\/li>\n<li>Mat\u00e9riau du manche : acier forg\u00e9<\/li>\n<li>Longueur totale : 151 mm<\/li>\n<li>Poids 35 g<\/li>\n<li>Origine : Japon<\/li>\n<\/ul>","protected":false},"featured_media":5163,"comment_status":"open","ping_status":"closed","template":"","meta":[],"product_brand":[],"product_cat":[23],"product_tag":[130],"class_list":{"0":"post-5159","1":"product","2":"type-product","3":"status-publish","4":"has-post-thumbnail","6":"product_cat-razors","7":"product_tag-iwasaki","8":"product_shipping_class-light","10":"first","11":"outofstock","12":"shipping-taxable","13":"purchasable","14":"product-type-simple"},"_links":{"self":[{"href":"https:\/\/jnats.eu\/fr\/wp-json\/wp\/v2\/product\/5159","targetHints":{"allow":["GET"]}}],"collection":[{"href":"https:\/\/jnats.eu\/fr\/wp-json\/wp\/v2\/product"}],"about":[{"href":"https:\/\/jnats.eu\/fr\/wp-json\/wp\/v2\/types\/product"}],"replies":[{"embeddable":true,"href":"https:\/\/jnats.eu\/fr\/wp-json\/wp\/v2\/comments?post=5159"}],"wp:featuredmedia":[{"embeddable":true,"href":"https:\/\/jnats.eu\/fr\/wp-json\/wp\/v2\/media\/5163"}],"wp:attachment":[{"href":"https:\/\/jnats.eu\/fr\/wp-json\/wp\/v2\/media?parent=5159"}],"wp:term":[{"taxonomy":"product_brand","embeddable":true,"href":"https:\/\/jnats.eu\/fr\/wp-json\/wp\/v2\/product_brand?post=5159"},{"taxonomy":"product_cat","embeddable":true,"href":"https:\/\/jnats.eu\/fr\/wp-json\/wp\/v2\/product_cat?post=5159"},{"taxonomy":"product_tag","embeddable":true,"href":"https:\/\/jnats.eu\/fr\/wp-json\/wp\/v2\/product_tag?post=5159"}],"curies":[{"name":"wp","href":"https:\/\/api.w.org\/{rel}","templated":true}]}}