{"id":5204,"date":"2025-09-12T11:07:37","date_gmt":"2025-09-12T08:07:37","guid":{"rendered":"https:\/\/jnats.eu\/?post_type=product&#038;p=5204"},"modified":"2025-09-16T13:13:04","modified_gmt":"2025-09-16T10:13:04","slug":"peiliu-rinkinys-suncraft-elegancia-3-vnt-sefo-peilis-20-cm-universalus-peilis-15-cm-universalus-peilis-10-cm-ksk-set3","status":"publish","type":"product","link":"https:\/\/jnats.eu\/fr\/produit-2\/peiliu-rinkinys-suncraft-elegancia-3-vnt-sefo-peilis-20-cm-universalus-peilis-15-cm-universalus-peilis-10-cm-ksk-set3\/","title":{"rendered":"Set de couteaux Suncraft Elegancia, 3 pi\u00e8ces, couteau de chef 20 cm + couteau d'office 15 cm, couteau d'office 10 cm, KSK-SET3"},"content":{"rendered":"<p><strong>KSK-SET3 Set de couteaux Suncraft Elegancia, 3 pi\u00e8ces, Couteau de chef 20 cm, Couteau universel 15 cm, Couteau multi-usages 10 cm, KSK-SET3, acier \u00e0 poudres SG2<\/strong><\/p>\n\n\n\n<p>Ce couteau en acier\u00a0<strong>\"El\u00e9gance<\/strong>\u00a0Ce set est le cadeau id\u00e9al pour quelqu'un qui aime cuisiner. L'art japonais, la qualit\u00e9 irr\u00e9prochable et l'\u00e9l\u00e9gance impressionneront m\u00eame le chef le plus exigeant.<\/p>\n\n\n\n<p><strong>L'ensemble comprend<\/strong><\/p>\n\n\n\n<p>- Couteau de chef \"Elegancia Chef\", 20 cm.<\/p>\n\n\n\n<p>- Couteau multi-usages \"Elegancia Petty\", 15 cm.<\/p>\n\n\n\n<p>- Couteau multi-usages \"Elegancia Paring\", 10 cm.<\/p>\n\n\n\n<p>Couteaux japonais robustes, tr\u00e8s tranchants et lourds&nbsp;<strong>Suncraft \"Elegance\"<\/strong>&nbsp;en acier japonais SG2 rev\u00eatu de poudre, avec un design frappant et une qualit\u00e9 sup\u00e9rieure. Les pointes et les bords des couteaux sont effil\u00e9s jusqu'\u00e0 la pointe, ce qui leur conf\u00e8re polyvalence et puissance de coupe. Le manche en bois dur est imperm\u00e9able \u00e0 l'eau et totalement inodore. Vous pouvez \u00eatre certain que le manche en bois dur ne s'oxydera pas, ne se ramollira pas et ne n\u00e9cessitera pas l'entretien suppl\u00e9mentaire qu'exige le bois ordinaire.<\/p>\n\n\n\n<p>- Couteau de chef&nbsp;<strong>\"Elegancia Chef\"<\/strong>&nbsp;Son design incurv\u00e9 le rend id\u00e9al non seulement pour couper la viande, mais aussi pour hacher les herbes, les l\u00e9gumes ou m\u00eame les noix. La longue lame et le manche de style occidental vous donnent un contr\u00f4le total lors de la coupe. L'art japonais, la pr\u00e9cision et les nouvelles technologies rendent ce couteau unique et inimitable.<\/p>\n\n\n\n<p>- Couper ou nettoyer de la viande, des fruits ou des l\u00e9gumes avec le couteau japonais universel&nbsp;<strong>\"Elegance Petty<\/strong>&nbsp;sera une plaisanterie.<\/p>\n\n\n\n<p>- \"<strong>Elegance Paring\"&nbsp;<\/strong>est une excellente alternative au couteau de chef. Le couteau est petit mais parfait pour hacher les petits l\u00e9gumes, \u00e9plucher les fruits ou m\u00eame trancher la viande, et les bords incurv\u00e9s du couteau garantissent un glissement impeccable.<\/p>\n\n\n\n<p><strong>Caract\u00e9ristiques des couteaux en acier poudr\u00e9 Suncraft Elegancia :<\/strong><\/p>\n\n\n\n<p>- Fabriqu\u00e9 en acier inoxydable SG2 rev\u00eatu de poudre japonaise ;<\/p>\n\n\n\n<p>- Duret\u00e9 du noyau - R63 +\/- 1 ;<\/p>\n\n\n\n<p>- Dimensions (couteau de chef) : longueur de la lame - 20 cm, longueur totale - 34 cm.<\/p>\n\n\n\n<p>- Dimensions (petit couteau d'office) : longueur de la lame 15 cm, longueur totale 26 cm.<\/p>\n\n\n\n<p>- Dimensions (Couteau d'office) : longueur de la lame - 10 cm.<\/p>\n\n\n\n<p>- Poids (couteau de chef) : 197 g.<\/p>\n\n\n\n<p>- Poids (couteau universel) : 104 g.<\/p>\n\n\n\n<p>- Fabriqu\u00e9 au Japon.<\/p>\n\n\n\n<p>- Ne passe pas au lave-vaisselle.<\/p>","protected":false},"excerpt":{"rendered":"<p>L'ensemble comprend<\/p>\n<p>- Couteau de chef \"Elegancia Chef\", 20 cm.<\/p>\n<p>- Couteau multi-usages \"Elegancia Petty\", 15 cm.<\/p>\n<p>- Couteau multi-usages \"Elegancia Paring\", 10 cm.<\/p>","protected":false},"featured_media":5210,"comment_status":"open","ping_status":"closed","template":"","meta":[],"product_brand":[],"product_cat":[24],"product_tag":[76,103],"class_list":{"0":"post-5204","1":"product","2":"type-product","3":"status-publish","4":"has-post-thumbnail","6":"product_cat-knifes","7":"product_tag-peilis","8":"product_tag-suncraft","9":"product_shipping_class-iprastas","11":"first","12":"instock","13":"shipping-taxable","14":"purchasable","15":"product-type-simple"},"_links":{"self":[{"href":"https:\/\/jnats.eu\/fr\/wp-json\/wp\/v2\/product\/5204","targetHints":{"allow":["GET"]}}],"collection":[{"href":"https:\/\/jnats.eu\/fr\/wp-json\/wp\/v2\/product"}],"about":[{"href":"https:\/\/jnats.eu\/fr\/wp-json\/wp\/v2\/types\/product"}],"replies":[{"embeddable":true,"href":"https:\/\/jnats.eu\/fr\/wp-json\/wp\/v2\/comments?post=5204"}],"wp:featuredmedia":[{"embeddable":true,"href":"https:\/\/jnats.eu\/fr\/wp-json\/wp\/v2\/media\/5210"}],"wp:attachment":[{"href":"https:\/\/jnats.eu\/fr\/wp-json\/wp\/v2\/media?parent=5204"}],"wp:term":[{"taxonomy":"product_brand","embeddable":true,"href":"https:\/\/jnats.eu\/fr\/wp-json\/wp\/v2\/product_brand?post=5204"},{"taxonomy":"product_cat","embeddable":true,"href":"https:\/\/jnats.eu\/fr\/wp-json\/wp\/v2\/product_cat?post=5204"},{"taxonomy":"product_tag","embeddable":true,"href":"https:\/\/jnats.eu\/fr\/wp-json\/wp\/v2\/product_tag?post=5204"}],"curies":[{"name":"wp","href":"https:\/\/api.w.org\/{rel}","templated":true}]}}