{"id":53,"date":"2024-02-15T12:17:41","date_gmt":"2024-02-15T10:17:41","guid":{"rendered":"http:\/\/jnats.eu\/?post_type=product&#038;p=53"},"modified":"2026-01-08T23:49:56","modified_gmt":"2026-01-08T21:49:56","slug":"nos-vintage-japanese-razor-kamisori-tamahagane-eisho-%e7%8e%89%e9%8b%bc-%e6%b0%b8%e6%ad%a3","status":"publish","type":"product","link":"https:\/\/jnats.eu\/fr\/produit-2\/nos-vintage-japanese-razor-kamisori-tamahagane-eisho-%e7%8e%89%e9%8b%bc-%e6%b0%b8%e6%ad%a3\/","title":{"rendered":"NOS Rasoir japonais vintage Kamisori Tamahagane Eisho \u7389\u92fc \u6c38\u6b63"},"content":{"rendered":"<p>NOS (New old stock) Rasoir japonais Kamisori Tamahagane Eisho \u7389\u92fc \u6c38\u6b63.<\/p>\n\n\n\n<p>Il y a des traces de temps et de rouille. Regardez attentivement les photos et la vid\u00e9o.<\/p>\n\n\n\n<p>Le rasoir a \u00e9t\u00e9 fabriqu\u00e9 pendant la p\u00e9riode Showa, approximativement dans les ann\u00e9es 1950. Il a une longueur de 14,2 cm, une largeur de 1,4 cm, une longueur de tranchant de 3,6 cm, une \u00e9paisseur de 4 mm et un poids de 37,0 g. Un kamisori de taille moyenne avec un poids l\u00e9ger. <\/p>\n\n\n\n<p>Comme le sabre traditionnel des samoura\u00efs, ce kamisori a \u00e9t\u00e9 forg\u00e9 \u00e0 la main en deux couches : la partie tranchante est faite d'acier \u00e0 haute teneur en carbone et la couche de soutien est en fer. Le Tamahagane est l'acier traditionnel produit au Japon depuis des si\u00e8cles. Le Japon ne disposant pas de grandes ressources en minerai de fer, l'acier est produit \u00e0 partir de sable de fer au cours d'un processus manuel de plusieurs jours. La couche d'acier est cassante et dure, tandis que le fer lui conf\u00e8re la souplesse n\u00e9cessaire. <\/p>\n\n\n\n<p>Les deux couches ne sont pas inoxydables, il faut donc toujours garder votre rasoir sec apr\u00e8s le rasage et le prot\u00e9ger avec une fine couche d'huile. Pourquoi cette lame n'est-elle pas inoxydable ? Les lames en acier inoxydable sont fabriqu\u00e9es \u00e0 partir d'un alliage qui les emp\u00eache de se tacher, mais qui les rend moins dures. Les aciers \u00e0 haute teneur en carbone, comme la couche tranchante de ce Kamisori, ont une duret\u00e9 beaucoup plus \u00e9lev\u00e9e et conserveront leur qualit\u00e9 de rasage lisse beaucoup plus longtemps avant de devoir les aiguiser \u00e0 nouveau, en particulier cette couche de Tamahagane !<\/p>\n\n\n\n<p>L'acier Tamahagane \u7389\u92fc, mat\u00e9riau l\u00e9gendaire et v\u00e9n\u00e9r\u00e9 dans le domaine de la fabrication traditionnelle des sabres japonais, occupe une place particuli\u00e8re dans le c\u0153ur des artisans et des passionn\u00e9s. R\u00e9put\u00e9 pour sa qualit\u00e9 exceptionnelle et le processus m\u00e9ticuleux de sa cr\u00e9ation, l'acier Tamahagane incarne le m\u00e9lange parfait de l'art, de la tradition et de la fonctionnalit\u00e9. Dans cet article, nous allons nous pencher sur les origines, le processus de production et l'importance de l'acier Tamahagane dans la culture japonaise.<\/p>\n\n\n\n<figure class=\"wp-block-embed is-type-video is-provider-youtube wp-block-embed-youtube wp-embed-aspect-16-9 wp-has-aspect-ratio\"><div class=\"wp-block-embed__wrapper\">\n<div class=\"video-container\"><iframe title=\"Inutilis\u00e9 \u2606 Rasoir japonais \u2606 Tamahagane Eisho\" width=\"1170\" height=\"658\" src=\"https:\/\/www.youtube.com\/embed\/9HariQcWgsI?feature=oembed\" frameborder=\"0\" allow=\"accelerometer; autoplay; clipboard-write; encrypted-media; gyroscope; picture-in-picture; web-share\" allowfullscreen><\/iframe><\/div>\n<\/div><\/figure>","protected":false},"excerpt":{"rendered":"<p>NOS (New old Stock) Rasoir japonais Kamisori Tamahagane Eisho \u7389\u92fc \u6c38\u6b63.<\/p>\n<p>Le rasoir a \u00e9t\u00e9 fabriqu\u00e9 pendant la p\u00e9riode Showa, approximativement dans les ann\u00e9es 1950. Il a une longueur de 14,2 cm, une largeur de 1,4 cm, une longueur de tranchant de 3,6 cm, une \u00e9paisseur de 4 mm et un poids de 37,0 g. Un kamisori de taille moyenne avec un poids l\u00e9ger.<\/p>\n<p>&nbsp;<\/p>","protected":false},"featured_media":1108,"comment_status":"open","ping_status":"closed","template":"","meta":[],"product_brand":[],"product_cat":[23],"product_tag":[27,25,26],"class_list":{"0":"post-53","1":"product","2":"type-product","3":"status-publish","4":"has-post-thumbnail","6":"product_cat-razors","7":"product_tag-eisho","8":"product_tag-kamisori","9":"product_tag-tamahagane","10":"product_shipping_class-light","12":"first","13":"instock","14":"sale","15":"sold-individually","16":"shipping-taxable","17":"purchasable","18":"product-type-variable"},"_links":{"self":[{"href":"https:\/\/jnats.eu\/fr\/wp-json\/wp\/v2\/product\/53","targetHints":{"allow":["GET"]}}],"collection":[{"href":"https:\/\/jnats.eu\/fr\/wp-json\/wp\/v2\/product"}],"about":[{"href":"https:\/\/jnats.eu\/fr\/wp-json\/wp\/v2\/types\/product"}],"replies":[{"embeddable":true,"href":"https:\/\/jnats.eu\/fr\/wp-json\/wp\/v2\/comments?post=53"}],"wp:featuredmedia":[{"embeddable":true,"href":"https:\/\/jnats.eu\/fr\/wp-json\/wp\/v2\/media\/1108"}],"wp:attachment":[{"href":"https:\/\/jnats.eu\/fr\/wp-json\/wp\/v2\/media?parent=53"}],"wp:term":[{"taxonomy":"product_brand","embeddable":true,"href":"https:\/\/jnats.eu\/fr\/wp-json\/wp\/v2\/product_brand?post=53"},{"taxonomy":"product_cat","embeddable":true,"href":"https:\/\/jnats.eu\/fr\/wp-json\/wp\/v2\/product_cat?post=53"},{"taxonomy":"product_tag","embeddable":true,"href":"https:\/\/jnats.eu\/fr\/wp-json\/wp\/v2\/product_tag?post=53"}],"curies":[{"name":"wp","href":"https:\/\/api.w.org\/{rel}","templated":true}]}}