{"id":5311,"date":"2025-10-08T11:11:10","date_gmt":"2025-10-08T08:11:10","guid":{"rendered":"https:\/\/jnats.eu\/?post_type=product&#038;p=5311"},"modified":"2025-11-11T19:57:46","modified_gmt":"2025-11-11T17:57:46","slug":"j-a-henckels-friodur-inox-no-stain-72-klasikinis-tiesus-skustuvas-solingen-vokietija","status":"publish","type":"product","link":"https:\/\/jnats.eu\/fr\/produit-2\/j-a-henckels-friodur-inox-no-stain-72-klasikinis-tiesus-skustuvas-solingen-vokietija\/","title":{"rendered":"J.A. Henckels Friodur Inox No Stain 72 - rasoir droit classique (Solingen, Allemagne)"},"content":{"rendered":"<p>Rasoir droit haut de gamme du l\u00e9gendaire <strong>J.A. Henckels Zwillingwerk<\/strong> Atelier \u00e0 Solingen, Allemagne. Mod\u00e8le <strong>Friodur 72<\/strong> compos\u00e9 de <strong>Acier inoxydable tremp\u00e9 (Inox No Stain)<\/strong>avec une r\u00e9sistance \u00e0 la corrosion et une durabilit\u00e9 exceptionnelles.<\/p>\n\n\n\n<figure class=\"wp-block-embed is-type-video is-provider-youtube wp-block-embed-youtube wp-embed-aspect-9-16 wp-has-aspect-ratio\"><div class=\"wp-block-embed__wrapper\">\n<div class=\"video-container\"><iframe title=\"J.A. Henckels Friodur Inox No Stain 72 Gold wash\" width=\"563\" height=\"1000\" src=\"https:\/\/www.youtube.com\/embed\/CQ2db5ramGI?feature=oembed\" frameborder=\"0\" allow=\"accelerometer; autoplay; clipboard-write; encrypted-media; gyroscope; picture-in-picture; web-share\" referrerpolicy=\"strict-origin-when-cross-origin\" allowfullscreen><\/iframe><\/div>\n<\/div><\/figure>\n\n\n\n<p>C\u00f4t\u00e9 lame d\u00e9cor\u00e9 <strong>avec le motif original de lavage \u00e0 l'or (une fine couche d'or v\u00e9ritable)<\/strong>pour un look classique et distinctif. Il s'agit d'un rasoir de collection et de valeur pratique, qui convient aussi bien \u00e0 l'utilisation qu'\u00e0 l'exposition.<\/p>\n\n\n\n<p><strong>Caract\u00e9ristiques:<\/strong><\/p>\n\n\n\n<ul class=\"wp-block-list\">\n<li>\u2705 <strong>Fabricant :<\/strong> J.A. Henckels Zwillingwerk AG (Solingen, Allemagne)<\/li>\n\n\n\n<li>\ud83e\ude92 <strong>Mod\u00e8le :<\/strong> Friodur Inox No Stain 72<\/li>\n\n\n\n<li>\ud83d\udd2a <strong>Lame :<\/strong> Acier inoxydable, trempe cryog\u00e9nique Friodur<\/li>\n\n\n\n<li>\u2728 <strong>D\u00e9coration :<\/strong> Motif original de lavage \u00e0 l'or (fine couche d'or v\u00e9ritable)<\/li>\n\n\n\n<li>\ud83e\uddf0 <strong>Rankena :<\/strong> Plastique de style classique avec logo Friodur<\/li>\n\n\n\n<li>\ud83d\udce6 <strong>Emballage :<\/strong> Bo\u00eete originale en plastique rouge avec logo dor\u00e9<\/li>\n\n\n\n<li>\ud83c\udde9\ud83c\uddea <strong>Origine :<\/strong> Solingen, Allemagne<\/li>\n<\/ul>\n\n\n\n<p><strong>Caract\u00e9ristiques :<\/strong><\/p>\n\n\n\n<ul class=\"wp-block-list\">\n<li>Tranchant extra tranchant et durable<\/li>\n\n\n\n<li>Acier inoxydable facile d'entretien<\/li>\n\n\n\n<li>Produit authentique de Solingen, mod\u00e8le de collection<\/li>\n\n\n\n<li>Parfait pour les amateurs de rasage et les collectionneurs<\/li>\n<\/ul>","protected":false},"excerpt":{"rendered":"<ul>\n<li>Acier inoxydable Inox, Friodur - tremp\u00e9 \u00e0 froid<\/li>\n<li>C\u00f4t\u00e9 lame d\u00e9cor\u00e9 <strong>avec le motif original de lavage \u00e0 l'or (une fine couche d'or v\u00e9ritable)<\/strong>,<\/li>\n<li>Poign\u00e9e en polym\u00e8re<\/li>\n<li>Bo\u00eete en plastique<\/li>\n<li>Poids - 50 g<\/li>\n<li>Dimensions de la lame - 75x20x6 mm<\/li>\n<li>Le rasoir n'a pas \u00e9t\u00e9 utilis\u00e9, mais en raison d'un long stockage, la bo\u00eete pr\u00e9sente quelques rayures mineures.<\/li>\n<\/ul>","protected":false},"featured_media":5313,"comment_status":"open","ping_status":"closed","template":"","meta":[],"product_brand":[],"product_cat":[23],"product_tag":[158,156],"class_list":{"0":"post-5311","1":"product","2":"type-product","3":"status-publish","4":"has-post-thumbnail","6":"product_cat-razors","7":"product_tag-friodur","8":"product_tag-henckels","9":"product_shipping_class-light","11":"first","12":"outofstock","13":"shipping-taxable","14":"purchasable","15":"product-type-simple"},"_links":{"self":[{"href":"https:\/\/jnats.eu\/fr\/wp-json\/wp\/v2\/product\/5311","targetHints":{"allow":["GET"]}}],"collection":[{"href":"https:\/\/jnats.eu\/fr\/wp-json\/wp\/v2\/product"}],"about":[{"href":"https:\/\/jnats.eu\/fr\/wp-json\/wp\/v2\/types\/product"}],"replies":[{"embeddable":true,"href":"https:\/\/jnats.eu\/fr\/wp-json\/wp\/v2\/comments?post=5311"}],"wp:featuredmedia":[{"embeddable":true,"href":"https:\/\/jnats.eu\/fr\/wp-json\/wp\/v2\/media\/5313"}],"wp:attachment":[{"href":"https:\/\/jnats.eu\/fr\/wp-json\/wp\/v2\/media?parent=5311"}],"wp:term":[{"taxonomy":"product_brand","embeddable":true,"href":"https:\/\/jnats.eu\/fr\/wp-json\/wp\/v2\/product_brand?post=5311"},{"taxonomy":"product_cat","embeddable":true,"href":"https:\/\/jnats.eu\/fr\/wp-json\/wp\/v2\/product_cat?post=5311"},{"taxonomy":"product_tag","embeddable":true,"href":"https:\/\/jnats.eu\/fr\/wp-json\/wp\/v2\/product_tag?post=5311"}],"curies":[{"name":"wp","href":"https:\/\/api.w.org\/{rel}","templated":true}]}}