{"id":5400,"date":"2025-11-08T11:19:38","date_gmt":"2025-11-08T09:19:38","guid":{"rendered":"https:\/\/jnats.eu\/?post_type=product&#038;p=5400"},"modified":"2025-11-21T21:34:04","modified_gmt":"2025-11-21T19:34:04","slug":"zwilling-j-a-henkels-17-friodur-inox-no-stain-solingen-germany","status":"publish","type":"product","link":"https:\/\/jnats.eu\/fr\/produit-2\/zwilling-j-a-henkels-17-friodur-inox-no-stain-solingen-germany\/","title":{"rendered":"Zwilling J.A. Henkels 17 Friodur Inox No Stain Solingen Allemagne"},"content":{"rendered":"<p>Rasoir droit haut de gamme du l\u00e9gendaire <strong>J.A. Henckels Zwillingwerk<\/strong> Atelier \u00e0 Solingen, Allemagne. Le plus grand mod\u00e8le du fabricant <strong>Friodur 17<\/strong> compos\u00e9 de <strong>Acier inoxydable tremp\u00e9 (Inox No Stain)<\/strong>avec une r\u00e9sistance \u00e0 la corrosion et une durabilit\u00e9 exceptionnelles.<\/p>\n\n\n\n<figure class=\"wp-block-embed is-type-video is-provider-youtube wp-block-embed-youtube wp-embed-aspect-9-16 wp-has-aspect-ratio\"><div class=\"wp-block-embed__wrapper\">\n<div class=\"video-container\"><iframe title=\"Le plus grand rasoir droit de Zwilling J.A. Henkels\" width=\"563\" height=\"1000\" src=\"https:\/\/www.youtube.com\/embed\/yCK3QmOwc5E?feature=oembed\" frameborder=\"0\" allow=\"accelerometer; autoplay; clipboard-write; encrypted-media; gyroscope; picture-in-picture; web-share\" referrerpolicy=\"strict-origin-when-cross-origin\" allowfullscreen><\/iframe><\/div>\n<\/div><\/figure>\n\n\n\n<p><strong>Caract\u00e9ristiques:<\/strong><\/p>\n\n\n\n<ul class=\"wp-block-list\">\n<li>\u2705 <strong>Fabricant :<\/strong> J.A. Henckels Zwillingwerk AG (Solingen, Allemagne)<\/li>\n\n\n\n<li>\ud83e\ude92 <strong>Le plus grand mod\u00e8le du fabricant <strong>Friodur 17<\/strong>:<\/strong> Friodur Inox No Stain 17<\/li>\n\n\n\n<li>\ud83d\udd2a <strong>Lame :<\/strong> Acier inoxydable, trempe cryog\u00e9nique Friodur<\/li>\n\n\n\n<li>\ud83e\uddf0 <strong>Rankena :<\/strong> Plastique de style classique avec logo Friodur<\/li>\n\n\n\n<li>\ud83d\udce6 <strong>Emballage :<\/strong> Sac en plastique<\/li>\n\n\n\n<li>\ud83c\udde9\ud83c\uddea <strong>Origine :<\/strong> Solingen, Allemagne<\/li>\n<\/ul>\n\n\n\n<p><strong>Caract\u00e9ristiques :<\/strong><\/p>\n\n\n\n<ul class=\"wp-block-list\">\n<li>Tranchant extra tranchant et durable<\/li>\n\n\n\n<li>Acier inoxydable facile d'entretien<\/li>\n\n\n\n<li>Produit authentique de Solingen, mod\u00e8le de collection<\/li>\n\n\n\n<li>Parfait pour les amateurs de rasage et les collectionneurs<\/li>\n<\/ul>","protected":false},"excerpt":{"rendered":"<ul>\n<li>Acier inoxydable Inox, Friodur - tremp\u00e9 \u00e0 froid<\/li>\n<li>Poign\u00e9e en polym\u00e8re, <strong>coll\u00e9<\/strong><\/li>\n<li>Sans bo\u00eete, seulement un sac en plastique avec les instructions<\/li>\n<li>Poids - 63 g<\/li>\n<li>Dimensions de la lame - 75x22x6 mm<\/li>\n<li>Le rasoir semble ne pas avoir \u00e9t\u00e9 utilis\u00e9, mais pr\u00e9sente quelques rayures mineures dues \u00e0 un long stockage.<\/li>\n<\/ul>","protected":false},"featured_media":5402,"comment_status":"closed","ping_status":"closed","template":"","meta":[],"product_brand":[],"product_cat":[23],"product_tag":[158,132,59],"class_list":{"0":"post-5400","1":"product","2":"type-product","3":"status-publish","4":"has-post-thumbnail","6":"product_cat-razors","7":"product_tag-friodur","8":"product_tag-henkels","9":"product_tag-zwilling","10":"product_shipping_class-light","12":"first","13":"outofstock","14":"shipping-taxable","15":"purchasable","16":"product-type-simple"},"_links":{"self":[{"href":"https:\/\/jnats.eu\/fr\/wp-json\/wp\/v2\/product\/5400","targetHints":{"allow":["GET"]}}],"collection":[{"href":"https:\/\/jnats.eu\/fr\/wp-json\/wp\/v2\/product"}],"about":[{"href":"https:\/\/jnats.eu\/fr\/wp-json\/wp\/v2\/types\/product"}],"replies":[{"embeddable":true,"href":"https:\/\/jnats.eu\/fr\/wp-json\/wp\/v2\/comments?post=5400"}],"wp:featuredmedia":[{"embeddable":true,"href":"https:\/\/jnats.eu\/fr\/wp-json\/wp\/v2\/media\/5402"}],"wp:attachment":[{"href":"https:\/\/jnats.eu\/fr\/wp-json\/wp\/v2\/media?parent=5400"}],"wp:term":[{"taxonomy":"product_brand","embeddable":true,"href":"https:\/\/jnats.eu\/fr\/wp-json\/wp\/v2\/product_brand?post=5400"},{"taxonomy":"product_cat","embeddable":true,"href":"https:\/\/jnats.eu\/fr\/wp-json\/wp\/v2\/product_cat?post=5400"},{"taxonomy":"product_tag","embeddable":true,"href":"https:\/\/jnats.eu\/fr\/wp-json\/wp\/v2\/product_tag?post=5400"}],"curies":[{"name":"wp","href":"https:\/\/api.w.org\/{rel}","templated":true}]}}