{"id":5423,"date":"2025-11-10T11:50:29","date_gmt":"2025-11-10T09:50:29","guid":{"rendered":"https:\/\/jnats.eu\/?post_type=product&#038;p=5423"},"modified":"2025-11-15T19:47:51","modified_gmt":"2025-11-15T17:47:51","slug":"japoniskas-naturalus-galandimo-akmuo-shohonyama-shiroto","status":"publish","type":"product","link":"https:\/\/jnats.eu\/fr\/produit-2\/japoniskas-naturalus-galandimo-akmuo-shohonyama-shiroto\/","title":{"rendered":"Pierre \u00e0 aiguiser naturelle japonaise Sh\u014dhon'yama Shiroto"},"content":{"rendered":"<figure class=\"wp-block-embed is-type-video is-provider-youtube wp-block-embed-youtube wp-embed-aspect-16-9 wp-has-aspect-ratio\"><div class=\"wp-block-embed__wrapper\">\n<div class=\"video-container\"><iframe title=\"Pierres \u00e0 aiguiser moyennes naturelles japonaises : fines et extra fines Aizu + Sh\u014dhon&#039;yama Shiroto\" width=\"1170\" height=\"658\" src=\"https:\/\/www.youtube.com\/embed\/AUi6ntDU60U?start=301&#038;feature=oembed\" frameborder=\"0\" allow=\"accelerometer; autoplay; clipboard-write; encrypted-media; gyroscope; picture-in-picture; web-share\" referrerpolicy=\"strict-origin-when-cross-origin\" allowfullscreen><\/iframe><\/div>\n<\/div><\/figure>\n\n\n\n<p>L'\u00e9tiquette est r\u00e9dig\u00e9e en japonais :<\/p>\n\n\n\n<p><strong>\u6b63\u672c\u5c71\u767d\u7825<\/strong> - <em>Sh\u014dhon'yama Shiroto<\/em><br><strong>\u5408\u7825\u632f\u7279\u64b0<\/strong> - <em>Aoto-furi Tokusen<\/em><br><strong>\u5408\u7825\u5c71\u7523<\/strong> - <em>Aoto-yama san<\/em> (signifiant \"excav\u00e9 sur le Mont Aoto\")<\/p>\n\n\n\n<p>Traduction :<\/p>\n\n\n\n<blockquote class=\"wp-block-quote is-layout-flow wp-block-quote-is-layout-flow\">\n<p>\"Pierre \u00e0 aiguiser blanche d'origine authentique du mont Aoto, sp\u00e9cialement s\u00e9lectionn\u00e9e.<\/p>\n<\/blockquote>\n\n\n\n<p>Il s'agit d'une pierre \u00e0 aiguiser naturelle japonaise <strong>Sh\u014dhon'yama Shiroto<\/strong>c'est-\u00e0-dire \"pierre blanche authentique de Sh\u014dhon'yama\". Tokusen\" (\u7279\u64b0) indique qu'il s'agit de <strong>de haute qualit\u00e9, sp\u00e9cialement s\u00e9lectionn\u00e9s<\/strong> copies.<\/p>","protected":false},"excerpt":{"rendered":"<ul class=\"wp-block-list\">\n<li>Pierre \u00e0 aiguiser naturelle japonaise \u00e0 grain moyen <strong>Sh\u014dhon'yama Shiroto<\/strong>. Le terme \"Tokusen\" (\u7279\u64b0) indique que cette <strong>de haute qualit\u00e9, sp\u00e9cialement s\u00e9lectionn\u00e9s<\/strong> copies.<\/li>\n<li>Convient pour l&#039;aff\u00fbtage interm\u00e9diaire ou final des couteaux, ciseaux, outils de menuiserie et autres.<\/li>\n<li>Dimensions : fin 203x49x68 mm<\/li>\n<li>Poids : 1680 g.<\/li>\n<li>Grain environ 2000 grains<\/li>\n<li>Duret\u00e9\u00a0:\u00a0Niv 4,5<\/li>\n<li>Extraite au milieu du si\u00e8cle dernier, cette pierre mill\u00e9naire se caract\u00e9rise par sa rapidit\u00e9 et sa douceur.<\/li>\n<li>Tous les c\u00f4t\u00e9s sont align\u00e9s et pr\u00eats \u00e0 travailler.<\/li>\n<li><strong>Vous pouvez regarder le travail dans la vid\u00e9o ci-dessous.<\/strong><\/li>\n<\/ul>","protected":false},"featured_media":5428,"comment_status":"closed","ping_status":"closed","template":"","meta":[],"product_brand":[],"product_cat":[22],"product_tag":[363,375],"class_list":{"0":"post-5423","1":"product","2":"type-product","3":"status-publish","4":"has-post-thumbnail","6":"product_cat-jnats","7":"product_tag-nakatoishi","8":"product_tag-shiroto","9":"product_shipping_class-iprastas","11":"first","12":"outofstock","13":"shipping-taxable","14":"purchasable","15":"product-type-simple"},"_links":{"self":[{"href":"https:\/\/jnats.eu\/fr\/wp-json\/wp\/v2\/product\/5423","targetHints":{"allow":["GET"]}}],"collection":[{"href":"https:\/\/jnats.eu\/fr\/wp-json\/wp\/v2\/product"}],"about":[{"href":"https:\/\/jnats.eu\/fr\/wp-json\/wp\/v2\/types\/product"}],"replies":[{"embeddable":true,"href":"https:\/\/jnats.eu\/fr\/wp-json\/wp\/v2\/comments?post=5423"}],"wp:featuredmedia":[{"embeddable":true,"href":"https:\/\/jnats.eu\/fr\/wp-json\/wp\/v2\/media\/5428"}],"wp:attachment":[{"href":"https:\/\/jnats.eu\/fr\/wp-json\/wp\/v2\/media?parent=5423"}],"wp:term":[{"taxonomy":"product_brand","embeddable":true,"href":"https:\/\/jnats.eu\/fr\/wp-json\/wp\/v2\/product_brand?post=5423"},{"taxonomy":"product_cat","embeddable":true,"href":"https:\/\/jnats.eu\/fr\/wp-json\/wp\/v2\/product_cat?post=5423"},{"taxonomy":"product_tag","embeddable":true,"href":"https:\/\/jnats.eu\/fr\/wp-json\/wp\/v2\/product_tag?post=5423"}],"curies":[{"name":"wp","href":"https:\/\/api.w.org\/{rel}","templated":true}]}}