{"id":549,"date":"2024-03-08T10:30:21","date_gmt":"2024-03-08T08:30:21","guid":{"rendered":"http:\/\/jnats.eu\/?post_type=product&#038;p=549"},"modified":"2024-04-09T09:02:00","modified_gmt":"2024-04-09T06:02:00","slug":"faux-rasoir-vintage-japonais-doccasion-iwasaki","status":"publish","type":"product","link":"https:\/\/jnats.eu\/fr\/produit-2\/faux-rasoir-vintage-japonais-doccasion-iwasaki\/","title":{"rendered":"Rasoir vintage d&#039;occasion japonais Iwasaki contrefait"},"content":{"rendered":"<p>La marque est grav\u00e9e au laser, tandis que les v\u00e9ritables rasoirs Iwasaki ne portent qu&#039;un cachet de forgeron. Le prix des originaux atteint des milliers d&#039;euros, il n&#039;est donc pas surprenant que des contrefa\u00e7ons apparaissent. <\/p>\n\n\n\n<p>Le rasoir est en bon \u00e9tat, le manche est coll\u00e9 \u00e0 l&#039;\u00e9pingle.<\/p>\n\n\n\n<p>Un excellent choix de collection pour celles qui ont d\u00e9j\u00e0 tout \ud83d\ude42<\/p>","protected":false},"excerpt":{"rendered":"<ul>\n<li>Faux Iwasaki<\/li>\n<li>Manche coll\u00e9<\/li>\n<\/ul>","protected":false},"featured_media":1018,"comment_status":"open","ping_status":"closed","template":"","meta":[],"product_brand":[],"product_cat":[23],"product_tag":[131,130],"class_list":{"0":"post-549","1":"product","2":"type-product","3":"status-publish","4":"has-post-thumbnail","6":"product_cat-razors","7":"product_tag-fake","8":"product_tag-iwasaki","9":"product_shipping_class-light","11":"first","12":"instock","13":"shipping-taxable","14":"purchasable","15":"product-type-simple"},"_links":{"self":[{"href":"https:\/\/jnats.eu\/fr\/wp-json\/wp\/v2\/product\/549","targetHints":{"allow":["GET"]}}],"collection":[{"href":"https:\/\/jnats.eu\/fr\/wp-json\/wp\/v2\/product"}],"about":[{"href":"https:\/\/jnats.eu\/fr\/wp-json\/wp\/v2\/types\/product"}],"replies":[{"embeddable":true,"href":"https:\/\/jnats.eu\/fr\/wp-json\/wp\/v2\/comments?post=549"}],"wp:featuredmedia":[{"embeddable":true,"href":"https:\/\/jnats.eu\/fr\/wp-json\/wp\/v2\/media\/1018"}],"wp:attachment":[{"href":"https:\/\/jnats.eu\/fr\/wp-json\/wp\/v2\/media?parent=549"}],"wp:term":[{"taxonomy":"product_brand","embeddable":true,"href":"https:\/\/jnats.eu\/fr\/wp-json\/wp\/v2\/product_brand?post=549"},{"taxonomy":"product_cat","embeddable":true,"href":"https:\/\/jnats.eu\/fr\/wp-json\/wp\/v2\/product_cat?post=549"},{"taxonomy":"product_tag","embeddable":true,"href":"https:\/\/jnats.eu\/fr\/wp-json\/wp\/v2\/product_tag?post=549"}],"curies":[{"name":"wp","href":"https:\/\/api.w.org\/{rel}","templated":true}]}}