{"id":5604,"date":"2026-01-13T11:20:28","date_gmt":"2026-01-13T09:20:28","guid":{"rendered":"https:\/\/jnats.eu\/?post_type=product&#038;p=5604"},"modified":"2026-01-31T19:37:32","modified_gmt":"2026-01-31T17:37:32","slug":"h-diamond-extra-steel-for-barbersuse-first-quality-naudoti-japoniski-skustuvai","status":"publish","type":"product","link":"https:\/\/jnats.eu\/fr\/produit-2\/h-diamond-extra-steel-for-barbersuse-first-quality-naudoti-japoniski-skustuvai\/","title":{"rendered":"H.Diamond Extra Steel pour l'usage des barbiers Rasoirs japonais de premi\u00e8re qualit\u00e9"},"content":{"rendered":"<figure class=\"wp-block-embed is-type-video is-provider-youtube wp-block-embed-youtube wp-embed-aspect-9-16 wp-has-aspect-ratio\"><div class=\"wp-block-embed__wrapper\">\n<div class=\"video-container\"><iframe title=\"Vintage H. Diamond Extra Steel Razors - For Barbers\u2019 Use \ud83d\udd2a\u2728\u2728\" width=\"563\" height=\"1000\" src=\"https:\/\/www.youtube.com\/embed\/AnMmGvvxNtQ?feature=oembed\" frameborder=\"0\" allow=\"accelerometer; autoplay; clipboard-write; encrypted-media; gyroscope; picture-in-picture; web-share\" referrerpolicy=\"strict-origin-when-cross-origin\" allowfullscreen><\/iframe><\/div>\n<\/div><\/figure>\n\n\n\n<p>Original <strong>H. Diamond Extra Steel<\/strong> rasoirs droits pour le rasage professionnel de la barbe.<\/p>\n\n\n\n<p>Rasoirs <strong>Utilisation<\/strong>, mais <strong>en bon \u00e9tat<\/strong>. La corrosion superficielle de la lame a \u00e9t\u00e9 soigneusement <strong>nettoy\u00e9 avec du papier de verre fin et poli avec de la p\u00e2te de diamant<\/strong>, Le m\u00e9tal est donc propre, sans trace de rouille active. La g\u00e9om\u00e9trie est intacte.<\/p>\n\n\n\n<p><strong>Axe :<\/strong> Extra Steel, \u201eA l'usage des barbiers\u2019, \u201cPremi\u00e8re qualit\u00e9\u201e.\u201c<br><strong>\u00c9tat :<\/strong> usag\u00e9, corrod\u00e9, pr\u00eat \u00e0 \u00eatre aiguis\u00e9<br><strong>Poign\u00e9es :<\/strong> original, en bon \u00e9tat, sans fissures<br><strong>Authenticit\u00e9 :<\/strong> original, fabriqu\u00e9 au Japon au milieu du si\u00e8cle dernier.<\/p>\n\n\n\n<p>Parfait pour les deux <strong>pour le rasage<\/strong>, \u00e0 la fois <strong>pour le collecteur<\/strong>, pour ceux qui appr\u00e9cient les outils de coupe de barbe classiques.<\/p>","protected":false},"excerpt":{"rendered":"<ol>\n<li>H.Diamond 50<\/li>\n<li>H.Diamond 50<\/li>\n<li>H.Diamond 40<\/li>\n<li>H.Diamond 40<\/li>\n<li>H.Diamond 74<\/li>\n<\/ol>\n<p>&nbsp;<\/p>\n<ul>\n<li><strong>Axe :<\/strong> Extra Steel, \u201eA l'usage des barbiers\u2019, \u201cPremi\u00e8re qualit\u00e9\u201e.\u201c<\/li>\n<li><strong>Dimensions de la lame<\/strong> environ 75x20x5 mm<\/li>\n<li><strong>Poids<\/strong> environ 50 g.<\/li>\n<li><strong>\u00c9tat :<\/strong> usag\u00e9, corrod\u00e9, pr\u00eat \u00e0 \u00eatre aiguis\u00e9<\/li>\n<li><strong>Poign\u00e9es :<\/strong> original, en bon \u00e9tat, sans fissures<\/li>\n<li><strong>Authenticit\u00e9 :<\/strong> original, fabriqu\u00e9 au Japon au milieu du si\u00e8cle dernier.<\/li>\n<\/ul>","protected":false},"featured_media":5613,"comment_status":"closed","ping_status":"closed","template":"","meta":[],"product_brand":[],"product_cat":[23],"product_tag":[206,160],"class_list":{"0":"post-5604","1":"product","2":"type-product","3":"status-publish","4":"has-post-thumbnail","6":"product_cat-razors","7":"product_tag-h-diamond","8":"product_tag-skustuvai","9":"product_shipping_class-light","11":"first","12":"outofstock","13":"shipping-taxable","14":"product-type-variable"},"_links":{"self":[{"href":"https:\/\/jnats.eu\/fr\/wp-json\/wp\/v2\/product\/5604","targetHints":{"allow":["GET"]}}],"collection":[{"href":"https:\/\/jnats.eu\/fr\/wp-json\/wp\/v2\/product"}],"about":[{"href":"https:\/\/jnats.eu\/fr\/wp-json\/wp\/v2\/types\/product"}],"replies":[{"embeddable":true,"href":"https:\/\/jnats.eu\/fr\/wp-json\/wp\/v2\/comments?post=5604"}],"wp:featuredmedia":[{"embeddable":true,"href":"https:\/\/jnats.eu\/fr\/wp-json\/wp\/v2\/media\/5613"}],"wp:attachment":[{"href":"https:\/\/jnats.eu\/fr\/wp-json\/wp\/v2\/media?parent=5604"}],"wp:term":[{"taxonomy":"product_brand","embeddable":true,"href":"https:\/\/jnats.eu\/fr\/wp-json\/wp\/v2\/product_brand?post=5604"},{"taxonomy":"product_cat","embeddable":true,"href":"https:\/\/jnats.eu\/fr\/wp-json\/wp\/v2\/product_cat?post=5604"},{"taxonomy":"product_tag","embeddable":true,"href":"https:\/\/jnats.eu\/fr\/wp-json\/wp\/v2\/product_tag?post=5604"}],"curies":[{"name":"wp","href":"https:\/\/api.w.org\/{rel}","templated":true}]}}