{"id":5635,"date":"2026-01-18T10:59:59","date_gmt":"2026-01-18T08:59:59","guid":{"rendered":"https:\/\/jnats.eu\/?post_type=product&#038;p=5635"},"modified":"2026-03-16T12:07:13","modified_gmt":"2026-03-16T10:07:13","slug":"ueno-medium-japanese-sharpening-whetstone","status":"publish","type":"product","link":"https:\/\/jnats.eu\/fr\/produit-2\/ueno-medium-japanese-sharpening-whetstone\/","title":{"rendered":"Pierre \u00e0 aiguiser japonaise moyenne Ueno"},"content":{"rendered":"<p>La pierre \u00e0 aiguiser japonaise moyenne d'Ueno fait r\u00e9f\u00e9rence \u00e0 une pierre \u00e0 aiguiser japonaise naturelle (toishi) provenant de la mine\/r\u00e9gion d'Ueno (il s'agit probablement d'une erreur de traduction ou d'une variante li\u00e9e aux pierres naturelles de la r\u00e9gion de Kyoto\/Tamba). Il s'agit de pierres \u00e0 eau naturelles traditionnelles, souvent class\u00e9es comme moyennes \u00e0 fines dans une fourchette approximative de 800 \u00e0 2000 grains (ou jusqu'\u00e0 un grain moyen comme ~4k dans certaines classifications pour les exemples sup\u00e9rieurs-moyens plus durs). Elles sont r\u00e9put\u00e9es pour produire une finition kasumi (nuageuse\/brun\u00e2tre) lisse et d\u00e9taill\u00e9e sur les lames, avec un bon retour d'information et une bonne vitesse pour des pierres naturelles.<\/p>\n\n\n\n<figure class=\"wp-block-embed is-type-video is-provider-youtube wp-block-embed-youtube wp-embed-aspect-16-9 wp-has-aspect-ratio\"><div class=\"wp-block-embed__wrapper\">\n<div class=\"video-container\"><iframe title=\"Pierre \u00e0 aiguiser japonaise moyenne Ueno\" width=\"1170\" height=\"658\" src=\"https:\/\/www.youtube.com\/embed\/_OVy3WMI61M?feature=oembed\" frameborder=\"0\" allow=\"accelerometer; autoplay; clipboard-write; encrypted-media; gyroscope; picture-in-picture; web-share\" referrerpolicy=\"strict-origin-when-cross-origin\" allowfullscreen><\/iframe><\/div>\n<\/div><\/figure>","protected":false},"excerpt":{"rendered":"<ul>\n<li>Convient pour l'aff\u00fbtage moyen des rasoirs, couteaux, ciseaux, outils de menuiserie et autres.<\/li>\n<li>Dimensions approximatives : 210x77x57 mm<\/li>\n<li>Poids : 2270g<\/li>\n<li>Duret\u00e9\u00a0:\u00a0Niv 4,5<\/li>\n<li>Deux moiti\u00e9s plates et pr\u00eates<span data-mce-type=\"bookmark\" style=\"display: inline-block; width: 0px; overflow: hidden; line-height: 0;\" class=\"mce_SELRES_start\"><\/span>\u00e9s.<\/li>\n<li>Environ 800 grains<\/li>\n<\/ul>","protected":false},"featured_media":5637,"comment_status":"closed","ping_status":"closed","template":"","meta":[],"product_brand":[],"product_cat":[22],"product_tag":[300,377],"class_list":{"0":"post-5635","1":"product","2":"type-product","3":"status-publish","4":"has-post-thumbnail","6":"product_cat-jnats","7":"product_tag-medium","8":"product_tag-ueno","9":"product_shipping_class-iprastas","11":"first","12":"outofstock","13":"shipping-taxable","14":"purchasable","15":"product-type-simple"},"_links":{"self":[{"href":"https:\/\/jnats.eu\/fr\/wp-json\/wp\/v2\/product\/5635","targetHints":{"allow":["GET"]}}],"collection":[{"href":"https:\/\/jnats.eu\/fr\/wp-json\/wp\/v2\/product"}],"about":[{"href":"https:\/\/jnats.eu\/fr\/wp-json\/wp\/v2\/types\/product"}],"replies":[{"embeddable":true,"href":"https:\/\/jnats.eu\/fr\/wp-json\/wp\/v2\/comments?post=5635"}],"wp:featuredmedia":[{"embeddable":true,"href":"https:\/\/jnats.eu\/fr\/wp-json\/wp\/v2\/media\/5637"}],"wp:attachment":[{"href":"https:\/\/jnats.eu\/fr\/wp-json\/wp\/v2\/media?parent=5635"}],"wp:term":[{"taxonomy":"product_brand","embeddable":true,"href":"https:\/\/jnats.eu\/fr\/wp-json\/wp\/v2\/product_brand?post=5635"},{"taxonomy":"product_cat","embeddable":true,"href":"https:\/\/jnats.eu\/fr\/wp-json\/wp\/v2\/product_cat?post=5635"},{"taxonomy":"product_tag","embeddable":true,"href":"https:\/\/jnats.eu\/fr\/wp-json\/wp\/v2\/product_tag?post=5635"}],"curies":[{"name":"wp","href":"https:\/\/api.w.org\/{rel}","templated":true}]}}