{"id":5698,"date":"2026-01-31T11:09:13","date_gmt":"2026-01-31T09:09:13","guid":{"rendered":"https:\/\/jnats.eu\/?post_type=product&#038;p=5698"},"modified":"2026-01-31T19:37:30","modified_gmt":"2026-01-31T17:37:30","slug":"vintazinis-belgiskas-coticule-akmuo","status":"publish","type":"product","link":"https:\/\/jnats.eu\/fr\/produit-2\/vintazinis-belgiskas-coticule-akmuo\/","title":{"rendered":"Pierre de coticule belge vintage"},"content":{"rendered":"<p>Vintage belge <strong>Coticule<\/strong> - Une pierre \u00e0 aiguiser naturelle classique, appr\u00e9ci\u00e9e pour son grain exceptionnel et son toucher soyeux. Id\u00e9ale pour <strong>pour la finition des couteaux<\/strong>, o <strong>britvoms<\/strong> - de haute qualit\u00e9 <strong>pr\u00e9-finition<\/strong> l'\u00e9tape pr\u00e9c\u00e9dant le polissage final.<\/p>\n\n\n\n<p>La pierre a un pouvoir d'enl\u00e8vement du m\u00e9tal tr\u00e8s doux mais efficace, ce qui permet d'obtenir un bord propre et contr\u00f4l\u00e9 sans micro-rayures agressives. Parfaitement compatible avec <strong>suspensions<\/strong> mais vous pouvez \u00e9galement travailler sur des machines propres.<\/p>\n\n\n\n<p>Peut \u00eatre utilis\u00e9 \u00e0 la fois avec <strong>l'eau<\/strong>, tous deux avec <strong>tepalu<\/strong>, selon la vitesse souhait\u00e9e et la nature de la finition.<\/p>\n\n\n\n<figure class=\"wp-block-embed is-type-video is-provider-youtube wp-block-embed-youtube wp-embed-aspect-16-9 wp-has-aspect-ratio\"><div class=\"wp-block-embed__wrapper\">\n<div class=\"video-container\"><iframe title=\"Vintage vs Ardennes Coticule : Boue vs Eau sur un rasoir Daishi Tamahagane\" width=\"1170\" height=\"658\" src=\"https:\/\/www.youtube.com\/embed\/YiR2gv1Xe2A?start=641&#038;feature=oembed\" frameborder=\"0\" allow=\"accelerometer; autoplay; clipboard-write; encrypted-media; gyroscope; picture-in-picture; web-share\" referrerpolicy=\"strict-origin-when-cross-origin\" allowfullscreen><\/iframe><\/div>\n<\/div><\/figure>\n\n\n\n<p>Poids avec bo\u00eete - <strong>680 g<\/strong><br>Dimensions : <strong>203 \u00d7 47 \u00d7 8 (au-dessus de la bo\u00eete) mm<\/strong><\/p>","protected":false},"excerpt":{"rendered":"<p>Peut \u00eatre utilis\u00e9 avec de l'eau ou de la graisse, en fonction de la vitesse et de la finition souhait\u00e9es.<\/p>\n<p>Les lignes sont bien fix\u00e9es. Odeur huileuse.<\/p>\n<ul>\n<li>Poids avec bo\u00eete - 680 g<\/li>\n<li>Dimensions : 203 \u00d7 47 \u00d7 8 (au-dessus de la bo\u00eete) mm<\/li>\n<\/ul>","protected":false},"featured_media":5704,"comment_status":"closed","ping_status":"closed","template":"","meta":[],"product_brand":[],"product_cat":[22],"product_tag":[378],"class_list":{"0":"post-5698","1":"product","2":"type-product","3":"status-publish","4":"has-post-thumbnail","6":"product_cat-jnats","7":"product_tag-coticule","8":"product_shipping_class-iprastas","10":"first","11":"outofstock","12":"shipping-taxable","13":"purchasable","14":"product-type-simple"},"_links":{"self":[{"href":"https:\/\/jnats.eu\/fr\/wp-json\/wp\/v2\/product\/5698","targetHints":{"allow":["GET"]}}],"collection":[{"href":"https:\/\/jnats.eu\/fr\/wp-json\/wp\/v2\/product"}],"about":[{"href":"https:\/\/jnats.eu\/fr\/wp-json\/wp\/v2\/types\/product"}],"replies":[{"embeddable":true,"href":"https:\/\/jnats.eu\/fr\/wp-json\/wp\/v2\/comments?post=5698"}],"wp:featuredmedia":[{"embeddable":true,"href":"https:\/\/jnats.eu\/fr\/wp-json\/wp\/v2\/media\/5704"}],"wp:attachment":[{"href":"https:\/\/jnats.eu\/fr\/wp-json\/wp\/v2\/media?parent=5698"}],"wp:term":[{"taxonomy":"product_brand","embeddable":true,"href":"https:\/\/jnats.eu\/fr\/wp-json\/wp\/v2\/product_brand?post=5698"},{"taxonomy":"product_cat","embeddable":true,"href":"https:\/\/jnats.eu\/fr\/wp-json\/wp\/v2\/product_cat?post=5698"},{"taxonomy":"product_tag","embeddable":true,"href":"https:\/\/jnats.eu\/fr\/wp-json\/wp\/v2\/product_tag?post=5698"}],"curies":[{"name":"wp","href":"https:\/\/api.w.org\/{rel}","templated":true}]}}